{"id":707181,"date":"2025-08-27T16:02:58","date_gmt":"2025-08-27T13:02:58","guid":{"rendered":"https:\/\/roveyayinevi.com.tr\/index.php\/urun\/kemalist-egitimin-tarih-dersleri-4-cilt-takim\/"},"modified":"2026-04-16T02:15:45","modified_gmt":"2026-04-15T23:15:45","slug":"kemalist-egitimin-tarih-dersleri-4-cilt-takim","status":"publish","type":"product","link":"https:\/\/roveyayinevi.com.tr\/index.php\/urun\/kemalist-egitimin-tarih-dersleri-4-cilt-takim\/","title":{"rendered":"Kemalist E\u011fitimin Tarih Dersleri  (4 Cilt Tak\u0131m)"},"content":{"rendered":"<p>1931-1941 Y\u0131llar\u0131 Aras\u0131nda Liselerde Okutulan Temel Eser1931 y\u0131l\u0131nda ilk bas\u0131m\u0131 yap\u0131lan ve 1941&#8217;e kadar liseler de okutulan d\u00f6rt ciltlik Tarih kitaplar\u0131, Atat\u00fcrk&#8217;\u00fcn Avrupamerkezci Tarih tezlerine kar\u015f\u0131 ulusal-devrimci teorisini in\u015fa etme amac\u0131yla ba\u015flatt\u0131\u011f\u0131 Tarih \u00e7al\u0131\u015fmalar\u0131n\u0131n en \u00f6nemli \u00fcr\u00fcnlerinden biridir. Lise Tarih kitaplar\u0131, Devrimci ku\u015faklar\u0131n ideolojisini belirleyen temel eser olmakla birlikte, Kemalist Devrim&#8217;in ideolojisini incelemek isteyenler i\u00e7in de, e\u015fi bulunmayan bir kaynakt\u0131r. Tarih kitaplar\u0131, evrenin ve insan\u0131n yarat\u0131lm\u0131\u015f teorisini \u00e7\u00fcr\u00fct\u00fcyor ve bu s\u00fcre\u00e7leri b\u00fct\u00fcn\u00fcyle bilimsel verilerle a\u00e7\u0131kl\u0131yor. Cumhuriyet&#8217;in lise \u00f6\u011fretimi, \u0130slamiyet&#8217;in d\u0131\u015f\u0131ndan yaz\u0131lm\u0131\u015f bir \u0130slam Tarihini i\u00e7eriyor. \u0130slam, Do\u011fa \u00fcst\u00fc bir kuvvetin de\u011fil, fakat tarihsel-sosyolojik geli\u015fmelerin \u00fcr\u00fcn\u00fc olarak inceleniyor&#8230;Kemalist E\u011fitimin Tarih Dersleri:1.Cilt\u0130nsanl\u0131k tarihine giri\u015fKainat\u0131n ve tabiat\u0131n olu\u015fumu\u0130nsan\u0131n EvrimiT\u00fcrk tarihi ve medeniyeti\u00c7in, Hun, \u0130skit, Hint, Kalde, Elam, Asur, M\u0131s\u0131r, Anadolu, Fenike, \u0130brani, \u0130ran, Ege, Etr\u00fcsk medeniyetleri2.Cilt\u0130slam tarihiOrta\u00e7a\u011f Asya ve Avrupa&#8217;s\u0131nda T\u00fcrk medeniyetleri\u0130lk M\u00fcsl\u00fcman T\u00fcrk devletleriOrta\u00e7a\u011fda Anadolu&#8217;da T\u00fcrk devletleri3.CiltOsmanl\u0131 Devleti&#8217;nin kurulu\u015fu, y\u00fckseli\u015fi ve gerilemesi14. as\u0131rdan 19. asr\u0131n sonuna kadar AvrupaOsmanl\u0131 \u0130mparatorlu\u011fu&#8217;nun da\u011f\u0131lmas\u0131 ve y\u0131k\u0131l\u0131\u015f\u01314.CiltT\u00fcrkiye Cumhuriyeti&#8217;nin kurulu\u015fu\u0130stiklal HarbiDevrimler ve reformlar<\/p>\n","protected":false},"excerpt":{"rendered":"<p>1931-1941 Y\u0131llar\u0131 Aras\u0131nda Liselerde Okutulan Temel Eser1931 y\u0131l\u0131nda ilk bas\u0131m\u0131 yap\u0131lan ve 1941&#8217;e kadar liseler de okutulan d\u00f6rt ciltlik Tarih kitaplar\u0131, Atat\u00fcrk&#8217;\u00fcn Avrupamerkezci Tarih tezlerine kar\u015f\u0131<span class=\"excerpt-hellip\"> [\u2026]<\/span><\/p>\n","protected":false},"featured_media":0,"template":"","meta":{"_monsterinsights_skip_tracking":false,"_monsterinsights_sitenote_active":false,"_monsterinsights_sitenote_note":"","_monsterinsights_sitenote_category":0},"product_brand":[],"product_cat":[12304,13493],"product_tag":[],"class_list":{"0":"post-707181","1":"product","2":"type-product","3":"status-publish","5":"product_cat-tarih","6":"product_cat-turkiye-ve-cumhuriyet-tarihi","7":"pa_cilt-set","8":"pa_tur-kitap","9":"pa_yayinevi-kaynak-yayinlari","10":"pa_yazar-kolektif","12":"first","13":"instock","14":"sale","15":"shipping-taxable","16":"purchasable","17":"product-type-simple"},"_links":{"self":[{"href":"https:\/\/roveyayinevi.com.tr\/index.php\/wp-json\/wp\/v2\/product\/707181","targetHints":{"allow":["GET"]}}],"collection":[{"href":"https:\/\/roveyayinevi.com.tr\/index.php\/wp-json\/wp\/v2\/product"}],"about":[{"href":"https:\/\/roveyayinevi.com.tr\/index.php\/wp-json\/wp\/v2\/types\/product"}],"wp:attachment":[{"href":"https:\/\/roveyayinevi.com.tr\/index.php\/wp-json\/wp\/v2\/media?parent=707181"}],"wp:term":[{"taxonomy":"product_brand","embeddable":true,"href":"https:\/\/roveyayinevi.com.tr\/index.php\/wp-json\/wp\/v2\/product_brand?post=707181"},{"taxonomy":"product_cat","embeddable":true,"href":"https:\/\/roveyayinevi.com.tr\/index.php\/wp-json\/wp\/v2\/product_cat?post=707181"},{"taxonomy":"product_tag","embeddable":true,"href":"https:\/\/roveyayinevi.com.tr\/index.php\/wp-json\/wp\/v2\/product_tag?post=707181"}],"curies":[{"name":"wp","href":"https:\/\/api.w.org\/{rel}","templated":true}]}}