{"id":707178,"date":"2025-08-27T16:02:57","date_gmt":"2025-08-27T13:02:57","guid":{"rendered":"https:\/\/roveyayinevi.com.tr\/index.php\/urun\/bizansli-heretiklerin-tarihi\/"},"modified":"2026-04-16T02:15:45","modified_gmt":"2026-04-15T23:15:45","slug":"bizansli-heretiklerin-tarihi","status":"publish","type":"product","link":"https:\/\/roveyayinevi.com.tr\/index.php\/urun\/bizansli-heretiklerin-tarihi\/","title":{"rendered":"Bizansl\u0131 Heretiklerin Tarihi"},"content":{"rendered":"<p>Son y\u0131llarda, Bizans d\u00fcnyas\u0131ndaki \u201cd\u00fcalist\u201d inan\u00e7 ve \u00f6rg\u00fctlenme, tarih\u00e7ilerin ve ilahiyat\u00e7\u0131lar\u0131n giderek artan bir ilgisine mazhar olmaktad\u0131r. H\u0131ristiyan d\u00fcnyas\u0131nda ana ak\u0131m inan\u00e7 \u00e7izgisinden olduk\u00e7a farkl\u0131 bir g\u00f6r\u00fcn\u00fcm arz eden bu topluluklar ve inan\u00e7larla ilgili belge ve metinler zengin bir i\u00e7erikte olsalar da genellikle par\u00e7a par\u00e7a ortaya \u00e7\u0131kmaktad\u0131r. \u00d6zelikle Anadolu\u2019da ya\u015fayan ve giderek bat\u0131ya y\u00f6nelen Paulikanlar ana ak\u0131m H\u0131ristiyanl\u0131k taraf\u0131ndan heretiklikle su\u00e7lanm\u0131\u015f ve bat\u0131ya yolculuklar\u0131 zorunlu iskan sebebiyle ba\u015flam\u0131\u015ft\u0131r. Bulgaristan\u2019da Bogomil ad\u0131n\u0131 alan ve bat\u0131ya yay\u0131lmalar\u0131 s\u0131ras\u0131nda Katharlar vb. isimlerle an\u0131lan Paulikanlar hakk\u0131nda hemen hemen t\u00fcm bilgiler, kendilerini onlar\u0131 yok etmekle g\u00f6revli sayan Ortodoks ve Katolik kiliselerinin belgelerinden, \u00e7ok\u00e7a da lanet metinlerinden boy vermektedir.Tarihe sadece kendi paradigmas\u0131ndan ve inan\u00e7 sisteminden bakan ve hatta tarihi bug\u00fcnden bakarak belli bir inan\u00e7 sisteminin prizmas\u0131ndan ge\u00e7irme \u00e7abas\u0131 i\u00e7inde olanlar bu topraklar\u0131 k\u00f6ks\u00fczle\u015ftirmektedir. Bu kitab\u0131n i\u00e7inde yer alan tarihi metinler bu topraklar\u0131n \u00e7ok da uzak olmayan d\u00f6nemlerini anlatmaktad\u0131r. Bu metinler dikkatli okundu\u011funda bug\u00fcn Anadolu\u2019da varl\u0131\u011f\u0131n\u0131 s\u00fcrd\u00fcren kimi inan\u0131\u015flar\u0131n kayna\u011f\u0131n\u0131n \u00e7ok daha eskilerde oldu\u011fu g\u00f6r\u00fclmektedir. T\u00fcm d\u00fcnyada oldu\u011fu gibi \u00fclkemizde de tarihin \u00fcst\u00fcne \u00e7\u00f6ken egemen ideoloji tarihi \u00e7arp\u0131tmakta, insanlar\u0131 ve inan\u0131\u015flar\u0131 k\u00f6ks\u00fczle\u015ftirmektedir. Giderek tarihi eklektik bir bi\u00e7imde anlatmaya d\u00f6n\u00fc\u015fen tarih yaz\u0131m\u0131 geli\u015fmekte, insanlar kendi ge\u00e7mi\u015fleriyle ilgili hurafelere inanmak zorunda b\u0131rak\u0131lmaktad\u0131r. Son on y\u0131llarda ortaya \u00e7\u0131kan ger\u00e7eklik Anadolu\u2019da binlerce y\u0131l s\u00fcren, kesintisiz ama farkl\u0131la\u015fan bir inan\u00e7 sisteminin, etnik bir devaml\u0131l\u0131\u011f\u0131n oldu\u011fu y\u00f6n\u00fcndedir. Bu ba\u011flamda Janet ve Bernard Hamilton\u2019un bu \u00f6nc\u00fc \u00e7al\u0131\u015fmas\u0131, iyi bir se\u00e7ki sunmaktad\u0131r. Hamilton\u2019lar do\u011fu ile bat\u0131 heretikleri aras\u0131ndaki ba\u011flar\u0131n s\u0131k\u0131 oldu\u011funu ve bat\u0131daki Katharlar\u2019\u0131n Balkanlar\u2019dan fazlas\u0131yla etkilendiklerini Balkanlardaki Bogomiller\u2019in k\u00f6klerinin de bug\u00fcn Sivas, Tunceli vb. illere dayand\u0131\u011f\u0131n\u0131 g\u00f6stermektedirler. Bu kitap, Orta\u00e7a\u011f H\u0131ristiyan d\u00fcnyas\u0131ndaki, \u00f6zellikle de Anadolu\u2019daki dinsel geleneklerin hem i\u00e7i\u00e7eli\u011fini hem de farkl\u0131l\u0131klar\u0131n\u0131 ortaya koyarak bu konudaki alg\u0131lar\u0131m\u0131z\u0131 d\u00f6n\u00fc\u015ft\u00fcrmektedir. \u015eimdi yap\u0131lmas\u0131 gereken bu konularda daha da derinle\u015fmek ve Anadolu\u2019nun daha sonraki d\u00f6nemlerinde bu inan\u0131\u015flar\u0131n nerelere evrildi\u011fini ortaya \u00e7\u0131karmakt\u0131r.<\/p>\n","protected":false},"excerpt":{"rendered":"<p>Son y\u0131llarda, Bizans d\u00fcnyas\u0131ndaki \u201cd\u00fcalist\u201d inan\u00e7 ve \u00f6rg\u00fctlenme, tarih\u00e7ilerin ve ilahiyat\u00e7\u0131lar\u0131n giderek artan bir ilgisine mazhar olmaktad\u0131r. H\u0131ristiyan d\u00fcnyas\u0131nda ana ak\u0131m inan\u00e7 \u00e7izgisinden olduk\u00e7a farkl\u0131 bir<span class=\"excerpt-hellip\"> [\u2026]<\/span><\/p>\n","protected":false},"featured_media":0,"template":"","meta":{"_monsterinsights_skip_tracking":false,"_monsterinsights_sitenote_active":false,"_monsterinsights_sitenote_note":"","_monsterinsights_sitenote_category":0},"product_brand":[],"product_cat":[12370,12304],"product_tag":[],"class_list":{"0":"post-707178","1":"product","2":"type-product","3":"status-publish","5":"product_cat-arastirma-inceleme","6":"product_cat-tarih","7":"pa_cilt-ciltsiz","8":"pa_tur-kitap","9":"pa_yayinevi-kalkedon-yayincilik","10":"pa_yazar-janet-hamilton","12":"first","13":"instock","14":"sale","15":"shipping-taxable","16":"purchasable","17":"product-type-simple"},"_links":{"self":[{"href":"https:\/\/roveyayinevi.com.tr\/index.php\/wp-json\/wp\/v2\/product\/707178","targetHints":{"allow":["GET"]}}],"collection":[{"href":"https:\/\/roveyayinevi.com.tr\/index.php\/wp-json\/wp\/v2\/product"}],"about":[{"href":"https:\/\/roveyayinevi.com.tr\/index.php\/wp-json\/wp\/v2\/types\/product"}],"wp:attachment":[{"href":"https:\/\/roveyayinevi.com.tr\/index.php\/wp-json\/wp\/v2\/media?parent=707178"}],"wp:term":[{"taxonomy":"product_brand","embeddable":true,"href":"https:\/\/roveyayinevi.com.tr\/index.php\/wp-json\/wp\/v2\/product_brand?post=707178"},{"taxonomy":"product_cat","embeddable":true,"href":"https:\/\/roveyayinevi.com.tr\/index.php\/wp-json\/wp\/v2\/product_cat?post=707178"},{"taxonomy":"product_tag","embeddable":true,"href":"https:\/\/roveyayinevi.com.tr\/index.php\/wp-json\/wp\/v2\/product_tag?post=707178"}],"curies":[{"name":"wp","href":"https:\/\/api.w.org\/{rel}","templated":true}]}}