{"id":707174,"date":"2025-08-27T16:02:55","date_gmt":"2025-08-27T13:02:55","guid":{"rendered":"https:\/\/roveyayinevi.com.tr\/index.php\/urun\/hafizanin-toplumsal-cerceveleri\/"},"modified":"2026-04-16T02:15:45","modified_gmt":"2026-04-15T23:15:45","slug":"hafizanin-toplumsal-cerceveleri","status":"publish","type":"product","link":"https:\/\/roveyayinevi.com.tr\/index.php\/urun\/hafizanin-toplumsal-cerceveleri\/","title":{"rendered":"Haf\u0131zan\u0131n Toplumsal \u00c7er\u00e7eveleri"},"content":{"rendered":"<p>&#8220;Toplumsal\u0131 sadece toplumsal olanla a\u00e7\u0131klamak&#8221;\u2026 Haf\u0131za \u00e7al\u0131\u015fmalar\u0131n\u0131n modern babas\u0131 olarak nitelenen Maurice Halbwachs, bu Durkheim&#8217;ci ilkeyi kendine \u015fiar edinerek \u00e7\u0131kar yola. Haf\u0131zan\u0131n Toplumsal \u00c7er\u00e7eveleri, bu maharetli d\u00fc\u015f\u00fcn\u00fcr\u00fcn, en \u00e7ok tart\u0131\u015f\u0131lm\u0131\u015f ve hakk\u0131nda en \u00e7ok ihtilafa d\u00fc\u015f\u00fclm\u00fc\u015f eseridir ku\u015fkusuz. Halbwachs, bu kurucu eserinde, sosyolojinin n\u00fcfuz sahas\u0131n\u0131 insan\u0131n total bilimi olarak temellendirmek amac\u0131yla, onu en bireysel g\u00f6r\u00fclebilecek bir deneyim alan\u0131na sokar: &#8220;haf\u0131za&#8221;, t\u0131pk\u0131 ba\u015fka tematikler \u00fczerinden daha \u00f6nce Durkheim&#8217;in \u0130ntihar&#8217;da yapt\u0131\u011f\u0131 gibi ve \u00e7ok daha sonralar\u0131 da Bourdieu&#8217;n\u00fcn &#8220;be\u011feni&#8221; \u00fczerinden yapaca\u011f\u0131 gibi. Burada temel arg\u00fcman, basit oldu\u011fu kadar kurucudur da: Felsefecilerin diliyle &#8220;kategoriler&#8221; veya farkl\u0131 s\u00f6ylemek gerekirse t\u00fcm zihinsel \u015femalar &#8220;toplumsald\u0131r&#8221;; haf\u0131za ise, bu ba\u011flamda, ge\u00e7mi\u015fe ait d\u00f6nemlerin bireysel d\u00fczeyde muhafazas\u0131 de\u011fil, bunlar\u0131n kolektif surette bir yeniden \u00fcretimidir. Bu \u015fekilde toplumsal, bireyselli\u011fi olu\u015fturan \u015feyin kalbine kadar izini b\u0131rak\u0131r. Sonu\u00e7 olarak, Y\u00fczy\u0131l\u0131n ilk yar\u0131s\u0131n\u0131n Frans\u0131z sosyologlar\u0131 aras\u0131nda, bireyin toplumsal olarak izah\u0131n\u0131 en ileriye ta\u015f\u0131m\u0131\u015f d\u00fc\u015f\u00fcn\u00fcrlerden biridir Halbwachs. \u0130lgin\u00e7 bir bi\u00e7imde, T\u00fcrk sosyolojisine olduk\u00e7a erken bir d\u00f6nemde, \u00f6\u011frencileri \u00d6mer L\u00fctfi Barkan ve Ziyaeddin Fahri F\u0131nd\u0131ko\u011flu \u00fczerinden n\u00fcfuz etmi\u015f bir d\u00fc\u015f\u00fcn\u00fcrd\u00fcr de o. 2016 y\u0131l\u0131nda, talihsiz say\u0131labilecek bir gecikmenin ard\u0131ndan bug\u00fcn T\u00fcrk\u00e7ede\u2026 Buyurunuz. <\/p>\n","protected":false},"excerpt":{"rendered":"<p>&#8220;Toplumsal\u0131 sadece toplumsal olanla a\u00e7\u0131klamak&#8221;\u2026 Haf\u0131za \u00e7al\u0131\u015fmalar\u0131n\u0131n modern babas\u0131 olarak nitelenen Maurice Halbwachs, bu Durkheim&#8217;ci ilkeyi kendine \u015fiar edinerek \u00e7\u0131kar yola. Haf\u0131zan\u0131n Toplumsal \u00c7er\u00e7eveleri, bu maharetli<span class=\"excerpt-hellip\"> [\u2026]<\/span><\/p>\n","protected":false},"featured_media":0,"template":"","meta":{"_monsterinsights_skip_tracking":false,"_monsterinsights_sitenote_active":false,"_monsterinsights_sitenote_note":"","_monsterinsights_sitenote_category":0},"product_brand":[],"product_cat":[12325,12324],"product_tag":[],"class_list":{"0":"post-707174","1":"product","2":"type-product","3":"status-publish","5":"product_cat-diger-sosyoloji","6":"product_cat-sosyoloji","7":"pa_cilt-ciltsiz","8":"pa_tur-kitap","9":"pa_yayinevi-heretik-yayincilik","10":"pa_yazar-maurice-halbwachs","12":"first","13":"instock","14":"sale","15":"shipping-taxable","16":"purchasable","17":"product-type-simple"},"_links":{"self":[{"href":"https:\/\/roveyayinevi.com.tr\/index.php\/wp-json\/wp\/v2\/product\/707174","targetHints":{"allow":["GET"]}}],"collection":[{"href":"https:\/\/roveyayinevi.com.tr\/index.php\/wp-json\/wp\/v2\/product"}],"about":[{"href":"https:\/\/roveyayinevi.com.tr\/index.php\/wp-json\/wp\/v2\/types\/product"}],"wp:attachment":[{"href":"https:\/\/roveyayinevi.com.tr\/index.php\/wp-json\/wp\/v2\/media?parent=707174"}],"wp:term":[{"taxonomy":"product_brand","embeddable":true,"href":"https:\/\/roveyayinevi.com.tr\/index.php\/wp-json\/wp\/v2\/product_brand?post=707174"},{"taxonomy":"product_cat","embeddable":true,"href":"https:\/\/roveyayinevi.com.tr\/index.php\/wp-json\/wp\/v2\/product_cat?post=707174"},{"taxonomy":"product_tag","embeddable":true,"href":"https:\/\/roveyayinevi.com.tr\/index.php\/wp-json\/wp\/v2\/product_tag?post=707174"}],"curies":[{"name":"wp","href":"https:\/\/api.w.org\/{rel}","templated":true}]}}