{"id":707171,"date":"2025-08-27T16:02:54","date_gmt":"2025-08-27T13:02:54","guid":{"rendered":"https:\/\/roveyayinevi.com.tr\/index.php\/urun\/cocuklar\/"},"modified":"2026-04-16T02:15:45","modified_gmt":"2026-04-15T23:15:45","slug":"cocuklar","status":"publish","type":"product","link":"https:\/\/roveyayinevi.com.tr\/index.php\/urun\/cocuklar\/","title":{"rendered":"\u00c7ocuklar"},"content":{"rendered":"<p>\u00c7ocuklar size \u00f6zel besteler, sizeozelbeste.com ailesi olarak \u00e7ocuklar, gen\u00e7ler ve kendini gen\u00e7 hissedenler i\u00e7in T\u00fcrk\u00e7e ve \u0130ngilizce besteledi\u011fimiz \u015fark\u0131lardan ve bu e\u015fsiz \u015fark\u0131lar\u0131n nota ve akorlar\u0131ndan olu\u015fan dinamik bir kitap-cd&#8230;S\u00f6zler ve M\u00fczikler; Sedat Avc\u0131 ve Yasemin \u00d6zt\u00fcrk\u2019\u00fcn kalemindenAranjeler; Murat Emre\u2019nin mutfa\u011f\u0131ndan\u0130ngilizce Adaptasyonlar; Necat Tabak taraf\u0131ndanSolistlerimiz; Seher Acar, Esra G\u00fcner, Yasemin \u00d6zt\u00fcrk, Sedat Avc\u0131, Murat EmreKeyifle dinlemeniz, \u00e7alman\u0131z ve s\u00f6ylemeniz temennisiyle&#8230; Esenlikler&#8230;<\/p>\n","protected":false},"excerpt":{"rendered":"<p>\u00c7ocuklar size \u00f6zel besteler, sizeozelbeste.com ailesi olarak \u00e7ocuklar, gen\u00e7ler ve kendini gen\u00e7 hissedenler i\u00e7in T\u00fcrk\u00e7e ve \u0130ngilizce besteledi\u011fimiz \u015fark\u0131lardan ve bu e\u015fsiz \u015fark\u0131lar\u0131n nota ve akorlar\u0131ndan<span class=\"excerpt-hellip\"> [\u2026]<\/span><\/p>\n","protected":false},"featured_media":0,"template":"","meta":{"_monsterinsights_skip_tracking":false,"_monsterinsights_sitenote_active":false,"_monsterinsights_sitenote_note":"","_monsterinsights_sitenote_category":0},"product_brand":[],"product_cat":[12274,12649],"product_tag":[],"class_list":{"0":"post-707171","1":"product","2":"type-product","3":"status-publish","5":"product_cat-cocuk-ve-genclik-kitaplari","6":"product_cat-hobi-muzik","7":"pa_cilt-ciltsiz","8":"pa_tur-kitap","9":"pa_yayinevi-herdem-kitap","10":"pa_yazar-sedat-avci","12":"first","13":"instock","14":"sale","15":"shipping-taxable","16":"purchasable","17":"product-type-simple"},"_links":{"self":[{"href":"https:\/\/roveyayinevi.com.tr\/index.php\/wp-json\/wp\/v2\/product\/707171","targetHints":{"allow":["GET"]}}],"collection":[{"href":"https:\/\/roveyayinevi.com.tr\/index.php\/wp-json\/wp\/v2\/product"}],"about":[{"href":"https:\/\/roveyayinevi.com.tr\/index.php\/wp-json\/wp\/v2\/types\/product"}],"wp:attachment":[{"href":"https:\/\/roveyayinevi.com.tr\/index.php\/wp-json\/wp\/v2\/media?parent=707171"}],"wp:term":[{"taxonomy":"product_brand","embeddable":true,"href":"https:\/\/roveyayinevi.com.tr\/index.php\/wp-json\/wp\/v2\/product_brand?post=707171"},{"taxonomy":"product_cat","embeddable":true,"href":"https:\/\/roveyayinevi.com.tr\/index.php\/wp-json\/wp\/v2\/product_cat?post=707171"},{"taxonomy":"product_tag","embeddable":true,"href":"https:\/\/roveyayinevi.com.tr\/index.php\/wp-json\/wp\/v2\/product_tag?post=707171"}],"curies":[{"name":"wp","href":"https:\/\/api.w.org\/{rel}","templated":true}]}}