{"id":707170,"date":"2025-08-27T16:02:53","date_gmt":"2025-08-27T13:02:53","guid":{"rendered":"https:\/\/roveyayinevi.com.tr\/index.php\/urun\/hayal-agacim-zeytin\/"},"modified":"2026-04-16T02:15:45","modified_gmt":"2026-04-15T23:15:45","slug":"hayal-agacim-zeytin","status":"publish","type":"product","link":"https:\/\/roveyayinevi.com.tr\/index.php\/urun\/hayal-agacim-zeytin\/","title":{"rendered":"Hayal A\u011fac\u0131m Zeytin"},"content":{"rendered":"<p>\u201c\u0130nsan evrende g\u00f6vdesi kadar de\u011fil, y\u00fcre\u011fi kadar yer kaplar.\u201d Ya\u015far Kemal   Hayat G\u00fczeldir filminin bir repli\u011fi vard\u0131r i\u00e7ime i\u015fleyen, \u201c \u0130yilerin aptal oldu\u011funu sand\u0131\u011f\u0131m\u0131z yerde yitirdik insanl\u0131\u011f\u0131m\u0131z\u0131\u201d diye&#8230;\u0130\u015fte biz \u015fu s\u0131ralar tam da o yerdeyiz bence.Benim hayalim, \u00fclkemin bu tuza\u011fa d\u00fc\u015fmeden dimdik do\u011frulmas\u0131.\u201c\u0130yilik aptall\u0131k de\u011fildir\u201d diye yan yana saf tutsun insanlar istiyorum.Dayak yedik\u00e7e aya\u011fa kalkan bir adam d\u00fc\u015fleyin. Kim ne kadar vursa yine kalk\u0131yor aya\u011fa.. Yine silleyi yiyor, yine kalk\u0131yor. Defalarca&#8230;Ta ki birileri art\u0131k ona vurmaya cesaret edemeyene, kendi k\u00f6t\u00fcl\u00fc\u011f\u00fcnden yorulana dek.\u0130\u015fte o zaman, \u201cDik Duran Adam\u201d diyorlar ona.Ben&#8230;\u00dclkem \u201cDik Duran Adam\u201d olsun istiyorum.\u0130yiler aptal de\u011fildir.\u0130yilik mucize de de\u011fildir.\u0130yilik, iyiliktir i\u015fte!Ya\u015fam\u0131n normal halidir iyi olmak.Balkondan sarkan begonviller kadar basit ve g\u00fczel&#8230;Bige G\u00fcven K\u0131z\u0131layGe\u00e7mi\u015fin de\u011ferlerini, do\u011fas\u0131n\u0131, insanlar\u0131n\u0131 \u00f6zlerken o de\u011ferlerle, g\u00fczelliklerle bug\u00fcn\u00fcn\u00fc vegelece\u011fini kurmak isteyen bir kalemle kar\u015f\u0131 kar\u015f\u0131yay\u0131z. Payla\u015fman\u0131n, de\u011fer bilmenin, insanlar\u0131 israf etmemenin, erdemin ve \u015f\u00fckretmenin \u00f6nemine inanan bir kalem&#8230; <\/p>\n","protected":false},"excerpt":{"rendered":"<p>\u201c\u0130nsan evrende g\u00f6vdesi kadar de\u011fil, y\u00fcre\u011fi kadar yer kaplar.\u201d Ya\u015far Kemal Hayat G\u00fczeldir filminin bir repli\u011fi vard\u0131r i\u00e7ime i\u015fleyen, \u201c \u0130yilerin aptal oldu\u011funu sand\u0131\u011f\u0131m\u0131z yerde yitirdik<span class=\"excerpt-hellip\"> [\u2026]<\/span><\/p>\n","protected":false},"featured_media":0,"template":"","meta":{"_monsterinsights_skip_tracking":false,"_monsterinsights_sitenote_active":false,"_monsterinsights_sitenote_note":"","_monsterinsights_sitenote_category":0},"product_brand":[],"product_cat":[12291,12711],"product_tag":[],"class_list":{"0":"post-707170","1":"product","2":"type-product","3":"status-publish","5":"product_cat-edebiyat","6":"product_cat-roman-oyku","7":"pa_cilt-ciltsiz","8":"pa_tur-kitap","9":"pa_yayinevi-hayykitap","10":"pa_yazar-bige-guven-kizilay","12":"first","13":"instock","14":"sale","15":"shipping-taxable","16":"purchasable","17":"product-type-simple"},"_links":{"self":[{"href":"https:\/\/roveyayinevi.com.tr\/index.php\/wp-json\/wp\/v2\/product\/707170","targetHints":{"allow":["GET"]}}],"collection":[{"href":"https:\/\/roveyayinevi.com.tr\/index.php\/wp-json\/wp\/v2\/product"}],"about":[{"href":"https:\/\/roveyayinevi.com.tr\/index.php\/wp-json\/wp\/v2\/types\/product"}],"wp:attachment":[{"href":"https:\/\/roveyayinevi.com.tr\/index.php\/wp-json\/wp\/v2\/media?parent=707170"}],"wp:term":[{"taxonomy":"product_brand","embeddable":true,"href":"https:\/\/roveyayinevi.com.tr\/index.php\/wp-json\/wp\/v2\/product_brand?post=707170"},{"taxonomy":"product_cat","embeddable":true,"href":"https:\/\/roveyayinevi.com.tr\/index.php\/wp-json\/wp\/v2\/product_cat?post=707170"},{"taxonomy":"product_tag","embeddable":true,"href":"https:\/\/roveyayinevi.com.tr\/index.php\/wp-json\/wp\/v2\/product_tag?post=707170"}],"curies":[{"name":"wp","href":"https:\/\/api.w.org\/{rel}","templated":true}]}}