{"id":707169,"date":"2025-08-27T16:02:53","date_gmt":"2025-08-27T13:02:53","guid":{"rendered":"https:\/\/roveyayinevi.com.tr\/index.php\/urun\/mutluluk-kurleri\/"},"modified":"2026-04-16T02:15:45","modified_gmt":"2026-04-15T23:15:45","slug":"mutluluk-kurleri","status":"publish","type":"product","link":"https:\/\/roveyayinevi.com.tr\/index.php\/urun\/mutluluk-kurleri\/","title":{"rendered":"Mutluluk K\u00fcrleri"},"content":{"rendered":"<p>Mutluluk sa\u011fl\u0131kla, sa\u011fl\u0131k mutlulukla m\u00fcmk\u00fcnd\u00fcr. Ba\u011f\u0131\u015f\u0131kl\u0131k sisteminin dengeli ve g\u00fc\u00e7l\u00fc \u00e7al\u0131\u015fmas\u0131n\u0131n ilk \u015fart\u0131 ya\u015fam sevincidir. Do\u011fru beslenme ve bitkisel k\u00fcrlerin g\u00fcc\u00fcyle ya\u015famdan keyif alabilirsiniz.Bu kitap modern ya\u015fam\u0131n en \u00f6nemli sorunlar\u0131na, bilimsel ara\u015ft\u0131rmalarla kan\u0131tlanm\u0131\u015f ger\u00e7eklerin \u0131\u015f\u0131\u011f\u0131nda bak\u0131yor. Katk\u0131 maddeleriyle dolu i\u015flenmi\u015f g\u0131dalarla gelen depresyon, stres, h\u00e2lsizlik, fazla kilolar ve uyku problemi, v\u00fccudunuzun imdat sinyalleridir. Bu sorunlar\u0131 ila\u00e7lar \u00e7\u00f6zmez, aksine daha da k\u00f6t\u00fcle\u015ftirir.\u015eifa g\u0131dan\u0131zdad\u0131r.Mutluluk K\u00fcrleri\u2019ni yeni ba\u015flang\u0131\u00e7lara vesile olmas\u0131 i\u00e7in yazd\u0131m. Kitaptaki 21 g\u00fcnl\u00fck beslenme modelini uygulad\u0131\u011f\u0131n\u0131zda\u2026\u2022 Kendinizi hi\u00e7 olmad\u0131\u011f\u0131n\u0131z kadar enerjik ve din\u00e7 hissedeceksiniz!\u2022 Fazla kilolar\u0131n\u0131z\u0131 vereceksiniz. Hem de hi\u00e7 a\u00e7 kalmadan!\u2022 Uykunuz d\u00fczene girecek!\u2022 Depresyondan kurtulmaya ba\u015flayacaks\u0131n\u0131z!\u2022 Hayata pozitif bakacaks\u0131n\u0131z!\u2022 Ve kendinizi hi\u00e7 olmad\u0131\u011f\u0131n\u0131z kadar mutlu hissedeceksiniz!\u2022En \u00f6nemlisi, Mutluluk K\u00fcrleri\u2019ni okudu\u011funuzda,\u015fifan\u0131n f\u0131trat\u0131 ile oynanmam\u0131\u015f ger\u00e7ek g\u0131dada oldu\u011funu anlayacaks\u0131n\u0131z. Hipokrat\u2019\u0131n binlerce y\u0131l \u00f6nce s\u00f6yledi\u011fi gibi:\u201cBesininiz ilac\u0131n\u0131z, ilac\u0131n\u0131z besininiz olsun.\u201dDr. \u00dcmit Akta\u015f <\/p>\n","protected":false},"excerpt":{"rendered":"<p>Mutluluk sa\u011fl\u0131kla, sa\u011fl\u0131k mutlulukla m\u00fcmk\u00fcnd\u00fcr. Ba\u011f\u0131\u015f\u0131kl\u0131k sisteminin dengeli ve g\u00fc\u00e7l\u00fc \u00e7al\u0131\u015fmas\u0131n\u0131n ilk \u015fart\u0131 ya\u015fam sevincidir. Do\u011fru beslenme ve bitkisel k\u00fcrlerin g\u00fcc\u00fcyle ya\u015famdan keyif alabilirsiniz.Bu kitap modern<span class=\"excerpt-hellip\"> [\u2026]<\/span><\/p>\n","protected":false},"featured_media":0,"template":"","meta":{"_monsterinsights_skip_tracking":false,"_monsterinsights_sitenote_active":false,"_monsterinsights_sitenote_note":"","_monsterinsights_sitenote_category":0},"product_brand":[],"product_cat":[16965,13365],"product_tag":[],"class_list":{"0":"post-707169","1":"product","2":"type-product","3":"status-publish","5":"product_cat-genel-saglik-kitaplari","6":"product_cat-saglik","7":"pa_cilt-ciltsiz","8":"pa_tur-kitap","9":"pa_yayinevi-hayykitap","10":"pa_yazar-umit-aktas","12":"first","13":"instock","14":"sale","15":"shipping-taxable","16":"purchasable","17":"product-type-simple"},"_links":{"self":[{"href":"https:\/\/roveyayinevi.com.tr\/index.php\/wp-json\/wp\/v2\/product\/707169","targetHints":{"allow":["GET"]}}],"collection":[{"href":"https:\/\/roveyayinevi.com.tr\/index.php\/wp-json\/wp\/v2\/product"}],"about":[{"href":"https:\/\/roveyayinevi.com.tr\/index.php\/wp-json\/wp\/v2\/types\/product"}],"wp:attachment":[{"href":"https:\/\/roveyayinevi.com.tr\/index.php\/wp-json\/wp\/v2\/media?parent=707169"}],"wp:term":[{"taxonomy":"product_brand","embeddable":true,"href":"https:\/\/roveyayinevi.com.tr\/index.php\/wp-json\/wp\/v2\/product_brand?post=707169"},{"taxonomy":"product_cat","embeddable":true,"href":"https:\/\/roveyayinevi.com.tr\/index.php\/wp-json\/wp\/v2\/product_cat?post=707169"},{"taxonomy":"product_tag","embeddable":true,"href":"https:\/\/roveyayinevi.com.tr\/index.php\/wp-json\/wp\/v2\/product_tag?post=707169"}],"curies":[{"name":"wp","href":"https:\/\/api.w.org\/{rel}","templated":true}]}}