{"id":707167,"date":"2025-08-27T16:02:52","date_gmt":"2025-08-27T13:02:52","guid":{"rendered":"https:\/\/roveyayinevi.com.tr\/index.php\/urun\/eglenirken-modernlesmek\/"},"modified":"2026-04-16T02:15:45","modified_gmt":"2026-04-15T23:15:45","slug":"eglenirken-modernlesmek","status":"publish","type":"product","link":"https:\/\/roveyayinevi.com.tr\/index.php\/urun\/eglenirken-modernlesmek\/","title":{"rendered":"E\u011flenirken Modernle\u015fmek"},"content":{"rendered":"<p>En basit haliyle modernle\u015fme s\u00fcreci, de\u011fi\u015fime verilen tepki olarak tan\u0131mlanabilir. De\u011fi\u015fimi ba\u015flatan; devletler, sava\u015flar veya g\u00f6\u00e7ler olabilirse de de\u011fi\u015fime verilen tepki, olumlu ve olumsuz b\u00fct\u00fcn y\u00f6nleriyle, g\u00fcndelik hayat\u0131n i\u00e7inden gelir. De\u011fi\u015fim, g\u00fcndelik hayat\u0131n verdi\u011fi tepki sayesinde modernle\u015fme s\u00fcrecine d\u00f6n\u00fc\u015f\u00fcr. Peki, g\u00fcndelik hayat\u0131n de\u011fi\u015fimi nerede ba\u015flar? Pek\u00e2l\u00e2 e\u011flence hayat\u0131nda ba\u015flayabilir. Bu iddiay\u0131 kan\u0131tlamak i\u00e7in en uygun alan ise hem Osmanl\u0131&#8217;n\u0131n hem de Cumhuriyet&#8217;in de\u011fi\u015fime en a\u00e7\u0131k ve e\u011flence hayat\u0131 en zengin \u015fehri \u0130stanbul&#8217;dur. Bundan dolay\u0131, bu \u00e7al\u0131\u015fmada \u0130stanbul&#8217;un e\u011flence hayat\u0131nda tarih boyunca ya\u015fanan de\u011fi\u015fimlerin, g\u00fcndelik hayat\u0131 ne y\u00f6nde de\u011fi\u015ftirdi\u011fi ele al\u0131nmaktad\u0131r. B\u00f6ylece bu de\u011fi\u015fimlere kimlerin nas\u0131l tepki verdi\u011fi g\u00f6r\u00fclecek ve T\u00fcrkiye&#8217;deki modernle\u015fme s\u00fcrecinin karakteri hakk\u0131nda yeni yorumlar yap\u0131labilecektir. <\/p>\n","protected":false},"excerpt":{"rendered":"<p>En basit haliyle modernle\u015fme s\u00fcreci, de\u011fi\u015fime verilen tepki olarak tan\u0131mlanabilir. De\u011fi\u015fimi ba\u015flatan; devletler, sava\u015flar veya g\u00f6\u00e7ler olabilirse de de\u011fi\u015fime verilen tepki, olumlu ve olumsuz b\u00fct\u00fcn y\u00f6nleriyle,<span class=\"excerpt-hellip\"> [\u2026]<\/span><\/p>\n","protected":false},"featured_media":0,"template":"","meta":{"_monsterinsights_skip_tracking":false,"_monsterinsights_sitenote_active":false,"_monsterinsights_sitenote_note":"","_monsterinsights_sitenote_category":0},"product_brand":[],"product_cat":[12304,13650],"product_tag":[],"class_list":{"0":"post-707167","1":"product","2":"type-product","3":"status-publish","5":"product_cat-tarih","6":"product_cat-turk-tarihi-arastirmalari","7":"pa_cilt-ciltsiz","8":"pa_tur-kitap","9":"pa_yayinevi-heretik-yayincilik","10":"pa_yazar-murat-can-kabagoz","12":"first","13":"instock","14":"sale","15":"shipping-taxable","16":"purchasable","17":"product-type-simple"},"_links":{"self":[{"href":"https:\/\/roveyayinevi.com.tr\/index.php\/wp-json\/wp\/v2\/product\/707167","targetHints":{"allow":["GET"]}}],"collection":[{"href":"https:\/\/roveyayinevi.com.tr\/index.php\/wp-json\/wp\/v2\/product"}],"about":[{"href":"https:\/\/roveyayinevi.com.tr\/index.php\/wp-json\/wp\/v2\/types\/product"}],"wp:attachment":[{"href":"https:\/\/roveyayinevi.com.tr\/index.php\/wp-json\/wp\/v2\/media?parent=707167"}],"wp:term":[{"taxonomy":"product_brand","embeddable":true,"href":"https:\/\/roveyayinevi.com.tr\/index.php\/wp-json\/wp\/v2\/product_brand?post=707167"},{"taxonomy":"product_cat","embeddable":true,"href":"https:\/\/roveyayinevi.com.tr\/index.php\/wp-json\/wp\/v2\/product_cat?post=707167"},{"taxonomy":"product_tag","embeddable":true,"href":"https:\/\/roveyayinevi.com.tr\/index.php\/wp-json\/wp\/v2\/product_tag?post=707167"}],"curies":[{"name":"wp","href":"https:\/\/api.w.org\/{rel}","templated":true}]}}