{"id":707162,"date":"2025-08-27T16:02:50","date_gmt":"2025-08-27T13:02:50","guid":{"rendered":"https:\/\/roveyayinevi.com.tr\/index.php\/urun\/karimdan-sonra\/"},"modified":"2026-04-16T02:15:45","modified_gmt":"2026-04-15T23:15:45","slug":"karimdan-sonra","status":"publish","type":"product","link":"https:\/\/roveyayinevi.com.tr\/index.php\/urun\/karimdan-sonra\/","title":{"rendered":"Kar\u0131mdan Sonra"},"content":{"rendered":"<p>Beyazlar i\u00e7inde yerde yatarken onu g\u00f6rd\u00fc\u011f\u00fcmde, akl\u0131m \u00e7\u0131kacak gibi olmu\u015ftu. Ama insan\u0131n akl\u0131 kolay kolay \u00e7\u0131km\u0131yordu i\u015fte. Astronot k\u0131l\u0131kl\u0131 bir adam, yan\u0131nda alet \u00e7antas\u0131na benzeyen b\u00fcy\u00fck, siyah bir \u00e7antayla kar\u0131m\u0131n yan\u0131na \u00e7\u00f6melmi\u015f, sanki onu t\u00e2mir etmeye \u00e7al\u0131\u015f\u0131yordu. \u2018\u00c7ek ellerini kar\u0131m\u0131n \u00fcst\u00fcnden! Dokunma!\u2019 diye ba\u011f\u0131ram\u0131yordum, olur da t\u00e2mir etmeyi becerebilir umuduyla. <\/p>\n","protected":false},"excerpt":{"rendered":"<p>Beyazlar i\u00e7inde yerde yatarken onu g\u00f6rd\u00fc\u011f\u00fcmde, akl\u0131m \u00e7\u0131kacak gibi olmu\u015ftu. Ama insan\u0131n akl\u0131 kolay kolay \u00e7\u0131km\u0131yordu i\u015fte. Astronot k\u0131l\u0131kl\u0131 bir adam, yan\u0131nda alet \u00e7antas\u0131na benzeyen b\u00fcy\u00fck,<span class=\"excerpt-hellip\"> [\u2026]<\/span><\/p>\n","protected":false},"featured_media":0,"template":"","meta":{"_monsterinsights_skip_tracking":false,"_monsterinsights_sitenote_active":false,"_monsterinsights_sitenote_note":"","_monsterinsights_sitenote_category":0},"product_brand":[],"product_cat":[12291,12711],"product_tag":[],"class_list":{"0":"post-707162","1":"product","2":"type-product","3":"status-publish","5":"product_cat-edebiyat","6":"product_cat-roman-oyku","7":"pa_cilt-ciltsiz","8":"pa_tur-kitap","9":"pa_yayinevi-herdem-kitap","10":"pa_yazar-melis-acar","12":"first","13":"instock","14":"sale","15":"shipping-taxable","16":"purchasable","17":"product-type-simple"},"_links":{"self":[{"href":"https:\/\/roveyayinevi.com.tr\/index.php\/wp-json\/wp\/v2\/product\/707162","targetHints":{"allow":["GET"]}}],"collection":[{"href":"https:\/\/roveyayinevi.com.tr\/index.php\/wp-json\/wp\/v2\/product"}],"about":[{"href":"https:\/\/roveyayinevi.com.tr\/index.php\/wp-json\/wp\/v2\/types\/product"}],"wp:attachment":[{"href":"https:\/\/roveyayinevi.com.tr\/index.php\/wp-json\/wp\/v2\/media?parent=707162"}],"wp:term":[{"taxonomy":"product_brand","embeddable":true,"href":"https:\/\/roveyayinevi.com.tr\/index.php\/wp-json\/wp\/v2\/product_brand?post=707162"},{"taxonomy":"product_cat","embeddable":true,"href":"https:\/\/roveyayinevi.com.tr\/index.php\/wp-json\/wp\/v2\/product_cat?post=707162"},{"taxonomy":"product_tag","embeddable":true,"href":"https:\/\/roveyayinevi.com.tr\/index.php\/wp-json\/wp\/v2\/product_tag?post=707162"}],"curies":[{"name":"wp","href":"https:\/\/api.w.org\/{rel}","templated":true}]}}