{"id":707160,"date":"2025-08-27T16:02:49","date_gmt":"2025-08-27T13:02:49","guid":{"rendered":"https:\/\/roveyayinevi.com.tr\/index.php\/urun\/liselim\/"},"modified":"2026-04-16T02:15:45","modified_gmt":"2026-04-15T23:15:45","slug":"liselim","status":"publish","type":"product","link":"https:\/\/roveyayinevi.com.tr\/index.php\/urun\/liselim\/","title":{"rendered":"Liselim"},"content":{"rendered":"<p>Karanl\u0131ktan KOrkan KIza Karanl\u0131\u011f\u0131 Sevdiren Adam\u0131n Hikayesi\u2026Gen\u00e7 k\u0131z karanl\u0131ktan korkard\u0131. G\u00f6zlerini kapat\u0131nca huzura eri\u015firdi. Bu da karanl\u0131k de\u011fil miydi? \u0130\u015fte o Sava\u015f Atan\u2019\u0131n karanl\u0131\u011f\u0131na s\u0131\u011f\u0131nm\u0131\u015f bir mahk\u00fbmdu. Onunla b\u00fct\u00fcnd\u00fc ve onunla mutluydu.  Mira Sancaktar, kendisini ihanetiyle k\u00fc\u00e7\u00fclten adama a\u015f\u0131kt\u0131. \u0130\u015fte intikam\u0131n a\u015fka d\u00f6n\u00fc\u015ft\u00fc\u011f\u00fc hikaye burada ba\u015fl\u0131yordu. Bu sefer hik\u00e2yeyi kaybedenler yazm\u0131\u015ft\u0131\u2026Umut etmek de bir nevi intihard\u0131. Sava\u015f Atan ise umuda f\u0131s\u0131ldayan adamd\u0131. \u0130\u015fte gen\u00e7 k\u0131z\u0131n intihar sebebiydi\u2026<\/p>\n","protected":false},"excerpt":{"rendered":"<p>Karanl\u0131ktan KOrkan KIza Karanl\u0131\u011f\u0131 Sevdiren Adam\u0131n Hikayesi\u2026Gen\u00e7 k\u0131z karanl\u0131ktan korkard\u0131. G\u00f6zlerini kapat\u0131nca huzura eri\u015firdi. Bu da karanl\u0131k de\u011fil miydi? \u0130\u015fte o Sava\u015f Atan\u2019\u0131n karanl\u0131\u011f\u0131na s\u0131\u011f\u0131nm\u0131\u015f bir<span class=\"excerpt-hellip\"> [\u2026]<\/span><\/p>\n","protected":false},"featured_media":0,"template":"","meta":{"_monsterinsights_skip_tracking":false,"_monsterinsights_sitenote_active":false,"_monsterinsights_sitenote_note":"","_monsterinsights_sitenote_category":0},"product_brand":[],"product_cat":[12291,12711],"product_tag":[],"class_list":{"0":"post-707160","1":"product","2":"type-product","3":"status-publish","5":"product_cat-edebiyat","6":"product_cat-roman-oyku","7":"pa_cilt-ciltsiz","8":"pa_tur-kitap","9":"pa_yayinevi-herdem-kitap","10":"pa_yazar-hatice-uygun","12":"first","13":"instock","14":"sale","15":"shipping-taxable","16":"purchasable","17":"product-type-simple"},"_links":{"self":[{"href":"https:\/\/roveyayinevi.com.tr\/index.php\/wp-json\/wp\/v2\/product\/707160","targetHints":{"allow":["GET"]}}],"collection":[{"href":"https:\/\/roveyayinevi.com.tr\/index.php\/wp-json\/wp\/v2\/product"}],"about":[{"href":"https:\/\/roveyayinevi.com.tr\/index.php\/wp-json\/wp\/v2\/types\/product"}],"wp:attachment":[{"href":"https:\/\/roveyayinevi.com.tr\/index.php\/wp-json\/wp\/v2\/media?parent=707160"}],"wp:term":[{"taxonomy":"product_brand","embeddable":true,"href":"https:\/\/roveyayinevi.com.tr\/index.php\/wp-json\/wp\/v2\/product_brand?post=707160"},{"taxonomy":"product_cat","embeddable":true,"href":"https:\/\/roveyayinevi.com.tr\/index.php\/wp-json\/wp\/v2\/product_cat?post=707160"},{"taxonomy":"product_tag","embeddable":true,"href":"https:\/\/roveyayinevi.com.tr\/index.php\/wp-json\/wp\/v2\/product_tag?post=707160"}],"curies":[{"name":"wp","href":"https:\/\/api.w.org\/{rel}","templated":true}]}}