{"id":707159,"date":"2025-08-27T16:02:48","date_gmt":"2025-08-27T13:02:48","guid":{"rendered":"https:\/\/roveyayinevi.com.tr\/index.php\/urun\/dusmus-melek\/"},"modified":"2026-04-13T02:19:44","modified_gmt":"2026-04-12T23:19:44","slug":"dusmus-melek","status":"publish","type":"product","link":"https:\/\/roveyayinevi.com.tr\/index.php\/urun\/dusmus-melek\/","title":{"rendered":"D\u00fc\u015fm\u00fc\u015f Melek"},"content":{"rendered":"<p>Ba\u015f\u0131na gelecekleri \u00f6nceden \u00f6\u011frenebilseydin,  ona yine de a\u015f\u0131k olur muydun? &#8220;Karanl\u0131k ruhunun alt\u0131ndaki g\u00fczelli\u011fi g\u00f6r\u00fcyorum.&#8221; &#8220;Biliyorum normal \u015feylerden ho\u015flanm\u0131yorsun.&#8221; &#8220;Hem ondan uzak durmak zorunda oldu\u011fumu biliyorum hem de ne kadar yak\u0131n hissetti\u011fimi.&#8221; 16 ya\u015f\u0131na gelen Milena i\u00e7in art\u0131k hi\u00e7bir \u015fey eskisi kadar kolay olmayacakt\u0131r. Girdi\u011fi bir yar\u0131\u015fma sonucu grubunu belirleyerek yeni ya\u015fam\u0131na uyum sa\u011flamak zorundad\u0131r. Cad\u0131lar, B\u00fcy\u00fcc\u00fcler, \u0130blisler, Meleklerin oldu\u011fu bu ya\u015fama uyum sa\u011flayabilecek midir? Her \u015feyin ortas\u0131nda a\u015f\u0131k olmak ve birine ba\u011flanmak kolay m\u0131d\u0131r?  Bu ki\u015fi ona zarar verse dahi. \u00d6l\u00fcm ve ya\u015fam\u0131n aras\u0131nda gidip gelen bir hayat.<\/p>\n","protected":false},"excerpt":{"rendered":"<p>Ba\u015f\u0131na gelecekleri \u00f6nceden \u00f6\u011frenebilseydin, ona yine de a\u015f\u0131k olur muydun? &#8220;Karanl\u0131k ruhunun alt\u0131ndaki g\u00fczelli\u011fi g\u00f6r\u00fcyorum.&#8221; &#8220;Biliyorum normal \u015feylerden ho\u015flanm\u0131yorsun.&#8221; &#8220;Hem ondan uzak durmak zorunda oldu\u011fumu biliyorum<span class=\"excerpt-hellip\"> [\u2026]<\/span><\/p>\n","protected":false},"featured_media":0,"template":"","meta":{"_monsterinsights_skip_tracking":false,"_monsterinsights_sitenote_active":false,"_monsterinsights_sitenote_note":"","_monsterinsights_sitenote_category":0},"product_brand":[],"product_cat":[12291,12711],"product_tag":[],"class_list":{"0":"post-707159","1":"product","2":"type-product","3":"status-publish","5":"product_cat-edebiyat","6":"product_cat-roman-oyku","7":"pa_cilt-ciltsiz","8":"pa_tur-kitap","9":"pa_yayinevi-herdem-kitap","10":"pa_yazar-mine-gokova","12":"first","13":"instock","14":"sale","15":"shipping-taxable","16":"purchasable","17":"product-type-simple"},"_links":{"self":[{"href":"https:\/\/roveyayinevi.com.tr\/index.php\/wp-json\/wp\/v2\/product\/707159","targetHints":{"allow":["GET"]}}],"collection":[{"href":"https:\/\/roveyayinevi.com.tr\/index.php\/wp-json\/wp\/v2\/product"}],"about":[{"href":"https:\/\/roveyayinevi.com.tr\/index.php\/wp-json\/wp\/v2\/types\/product"}],"wp:attachment":[{"href":"https:\/\/roveyayinevi.com.tr\/index.php\/wp-json\/wp\/v2\/media?parent=707159"}],"wp:term":[{"taxonomy":"product_brand","embeddable":true,"href":"https:\/\/roveyayinevi.com.tr\/index.php\/wp-json\/wp\/v2\/product_brand?post=707159"},{"taxonomy":"product_cat","embeddable":true,"href":"https:\/\/roveyayinevi.com.tr\/index.php\/wp-json\/wp\/v2\/product_cat?post=707159"},{"taxonomy":"product_tag","embeddable":true,"href":"https:\/\/roveyayinevi.com.tr\/index.php\/wp-json\/wp\/v2\/product_tag?post=707159"}],"curies":[{"name":"wp","href":"https:\/\/api.w.org\/{rel}","templated":true}]}}