{"id":707158,"date":"2025-08-27T16:02:48","date_gmt":"2025-08-27T13:02:48","guid":{"rendered":"https:\/\/roveyayinevi.com.tr\/index.php\/urun\/norolojik-olarak-riskli-bebek\/"},"modified":"2026-04-16T02:15:45","modified_gmt":"2026-04-15T23:15:45","slug":"norolojik-olarak-riskli-bebek","status":"publish","type":"product","link":"https:\/\/roveyayinevi.com.tr\/index.php\/urun\/norolojik-olarak-riskli-bebek\/","title":{"rendered":"N\u00f6rolojik Olarak Riskli Bebek"},"content":{"rendered":"<p>\u201cHayat\u0131m\u0131n en zor g\u00fcn\u00fcyd\u00fc. Sezaryenden sonra kendime geldi\u011fimde bebe\u011fim yo\u011fun bak\u0131m \u00fcnitesinde, ben hastanedeki yata\u011f\u0131mdayd\u0131m. Ancak 24 saat sonra bebe\u011fimi g\u00f6rebildim. Yo\u011fun bak\u0131mda, solunum cihaz\u0131na ba\u011fl\u0131, a\u011flamayan, hareketsiz bir bebek. G\u00fcnlerce solunum cihaz\u0131ndan \u00e7\u0131kamad\u0131. Beyin MRI\u2019\u0131 \u00e7ekildi. Maalesef sonu\u00e7 normal de\u011fildi. Serebral palsi, zek\u00e2 gerili\u011fi, epilepsi, g\u00f6rme ve i\u015fitme problemleri olabilirdi.\u201d\u2018N\u00f6rolojik olarak riskli bebek\u2019, gebelikte, do\u011fumda ya da yenido\u011fan d\u00f6neminde beyni ve sinir sistemini etkileyebilecek herhangi bir etkene maruz kalan ve beyinde, beyin i\u015flevlerinde bozukluk geli\u015fme olas\u0131l\u0131\u011f\u0131 olan bebektir. Erken ya da zaman\u0131nda do\u011fmu\u015f, ancak yenido\u011fan yo\u011fun bak\u0131m \u00fcnitesinde tedavi g\u00f6rm\u00fc\u015f bebekler n\u00f6rolojik olarak riskli bebeklerin en b\u00fcy\u00fck grubunu olu\u015fturur. Bu bebeklerin do\u011fumdan itibaren n\u00f6rolojik olarak izlenmeleri, olas\u0131 n\u00f6rolojik sorunlar\u0131n erken saptanmas\u0131, tedavi ve rehabilitasyon yakla\u015f\u0131mlar\u0131n\u0131n erken ba\u015flanmas\u0131 b\u00fcy\u00fck \u00f6nem ta\u015f\u0131r.Bu kitapta \u00e7ocuk n\u00f6rolojisi, \u00e7ocuk sa\u011fl\u0131\u011f\u0131 ve hastal\u0131klar\u0131, yenido\u011fan, kad\u0131n do\u011fum-perinatoloji, \u00e7ocuk ruh sa\u011fl\u0131\u011f\u0131 ve hastal\u0131klar\u0131, \u00e7ocuk gastroenteroloji, \u00e7ocuk g\u00f6\u011f\u00fcs hastal\u0131klar\u0131, g\u00f6z hastal\u0131klar\u0131 uzman\u0131 hekimler ve odyoloji, fizyoterapi, \u00e7ocuk geli\u015fimi alanlar\u0131nda \u00e7al\u0131\u015fan profesyoneller riskli bebe\u011fi her y\u00f6n\u00fcyle yazd\u0131. <\/p>\n","protected":false},"excerpt":{"rendered":"<p>\u201cHayat\u0131m\u0131n en zor g\u00fcn\u00fcyd\u00fc. Sezaryenden sonra kendime geldi\u011fimde bebe\u011fim yo\u011fun bak\u0131m \u00fcnitesinde, ben hastanedeki yata\u011f\u0131mdayd\u0131m. Ancak 24 saat sonra bebe\u011fimi g\u00f6rebildim. Yo\u011fun bak\u0131mda, solunum cihaz\u0131na ba\u011fl\u0131,<span class=\"excerpt-hellip\"> [\u2026]<\/span><\/p>\n","protected":false},"featured_media":0,"template":"","meta":{"_monsterinsights_skip_tracking":false,"_monsterinsights_sitenote_active":false,"_monsterinsights_sitenote_note":"","_monsterinsights_sitenote_category":0},"product_brand":[],"product_cat":[14902,13365],"product_tag":[],"class_list":{"0":"post-707158","1":"product","2":"type-product","3":"status-publish","5":"product_cat-annelik-ve-cocuk-bakimi","6":"product_cat-saglik","7":"pa_cilt-ciltsiz","8":"pa_tur-kitap","9":"pa_yayinevi-hayykitap","10":"pa_yazar-kolektif","12":"first","13":"instock","14":"sale","15":"shipping-taxable","16":"purchasable","17":"product-type-simple"},"_links":{"self":[{"href":"https:\/\/roveyayinevi.com.tr\/index.php\/wp-json\/wp\/v2\/product\/707158","targetHints":{"allow":["GET"]}}],"collection":[{"href":"https:\/\/roveyayinevi.com.tr\/index.php\/wp-json\/wp\/v2\/product"}],"about":[{"href":"https:\/\/roveyayinevi.com.tr\/index.php\/wp-json\/wp\/v2\/types\/product"}],"wp:attachment":[{"href":"https:\/\/roveyayinevi.com.tr\/index.php\/wp-json\/wp\/v2\/media?parent=707158"}],"wp:term":[{"taxonomy":"product_brand","embeddable":true,"href":"https:\/\/roveyayinevi.com.tr\/index.php\/wp-json\/wp\/v2\/product_brand?post=707158"},{"taxonomy":"product_cat","embeddable":true,"href":"https:\/\/roveyayinevi.com.tr\/index.php\/wp-json\/wp\/v2\/product_cat?post=707158"},{"taxonomy":"product_tag","embeddable":true,"href":"https:\/\/roveyayinevi.com.tr\/index.php\/wp-json\/wp\/v2\/product_tag?post=707158"}],"curies":[{"name":"wp","href":"https:\/\/api.w.org\/{rel}","templated":true}]}}