{"id":707157,"date":"2025-08-27T16:02:47","date_gmt":"2025-08-27T13:02:47","guid":{"rendered":"https:\/\/roveyayinevi.com.tr\/index.php\/urun\/anne-isi-cozumler\/"},"modified":"2026-04-16T02:15:44","modified_gmt":"2026-04-15T23:15:44","slug":"anne-isi-cozumler","status":"publish","type":"product","link":"https:\/\/roveyayinevi.com.tr\/index.php\/urun\/anne-isi-cozumler\/","title":{"rendered":"Anne \u0130\u015fi \u00c7\u00f6z\u00fcmler"},"content":{"rendered":"<p>Annelik bir kimlik, yirmi d\u00f6rt saat kesintisiz devam ediyor. B\u00fcy\u00fck bir sab\u0131r, fedak\u00e2rl\u0131k, tutarl\u0131l\u0131k ve en \u00f6nemlisi y\u00fcrekten bir sevgi istiyor. E\u015fsiz ve ko\u015fulsuz bir adanm\u0131\u015fl\u0131k gerektiren \u00e7ocuk, annenin hayat\u0131na ciddi bir de\u011fi\u015fim getiriyor. \u00d6yle bir de\u011fi\u015fim ki bu, hi\u00e7 bitmiyor ve her ge\u00e7en g\u00fcn her macerayla yenileniyor&#8230; Anne olmak bu g\u00fczellikleriyle birlikte pek \u00e7ok &#8220;ilk&#8221;i ve zorlu\u011fu da beraberinde getiriyor. \u0130\u015fte bu zorluklarla nas\u0131l ba\u015fa \u00e7\u0131k\u0131laca\u011f\u0131n\u0131 ele al\u0131yor Nur Eda Kasap bu kitab\u0131nda. 8 farkl\u0131 kimlikte annenin deneyimlerini, tepkilerini, duygular\u0131n\u0131, deliliklerini ve \u00f6nerilerini de payla\u015f\u0131yor.  Kitab\u0131 okuyan annelere &#8220;Ooh, yaln\u0131z de\u011filmi\u015fim&#8221; duygusu ya\u015fat\u0131rken, ortak sorunlara ortak \u00e7\u00f6z\u00fcmler bulman\u0131n keyifli ve mutluluk verici yollar\u0131n\u0131 g\u00f6steriyor. <\/p>\n","protected":false},"excerpt":{"rendered":"<p>Annelik bir kimlik, yirmi d\u00f6rt saat kesintisiz devam ediyor. B\u00fcy\u00fck bir sab\u0131r, fedak\u00e2rl\u0131k, tutarl\u0131l\u0131k ve en \u00f6nemlisi y\u00fcrekten bir sevgi istiyor. E\u015fsiz ve ko\u015fulsuz bir adanm\u0131\u015fl\u0131k<span class=\"excerpt-hellip\"> [\u2026]<\/span><\/p>\n","protected":false},"featured_media":0,"template":"","meta":{"_monsterinsights_skip_tracking":false,"_monsterinsights_sitenote_active":false,"_monsterinsights_sitenote_note":"","_monsterinsights_sitenote_category":0},"product_brand":[],"product_cat":[12831,12324],"product_tag":[],"class_list":{"0":"post-707157","1":"product","2":"type-product","3":"status-publish","5":"product_cat-aile-ve-cocuk","6":"product_cat-sosyoloji","7":"pa_cilt-ciltsiz","8":"pa_tur-kitap","9":"pa_yayinevi-hayykitap","10":"pa_yazar-nur-eda-kasap-suslu","12":"first","13":"instock","14":"sale","15":"shipping-taxable","16":"purchasable","17":"product-type-simple"},"_links":{"self":[{"href":"https:\/\/roveyayinevi.com.tr\/index.php\/wp-json\/wp\/v2\/product\/707157","targetHints":{"allow":["GET"]}}],"collection":[{"href":"https:\/\/roveyayinevi.com.tr\/index.php\/wp-json\/wp\/v2\/product"}],"about":[{"href":"https:\/\/roveyayinevi.com.tr\/index.php\/wp-json\/wp\/v2\/types\/product"}],"wp:attachment":[{"href":"https:\/\/roveyayinevi.com.tr\/index.php\/wp-json\/wp\/v2\/media?parent=707157"}],"wp:term":[{"taxonomy":"product_brand","embeddable":true,"href":"https:\/\/roveyayinevi.com.tr\/index.php\/wp-json\/wp\/v2\/product_brand?post=707157"},{"taxonomy":"product_cat","embeddable":true,"href":"https:\/\/roveyayinevi.com.tr\/index.php\/wp-json\/wp\/v2\/product_cat?post=707157"},{"taxonomy":"product_tag","embeddable":true,"href":"https:\/\/roveyayinevi.com.tr\/index.php\/wp-json\/wp\/v2\/product_tag?post=707157"}],"curies":[{"name":"wp","href":"https:\/\/api.w.org\/{rel}","templated":true}]}}