{"id":707156,"date":"2025-08-27T16:02:47","date_gmt":"2025-08-27T13:02:47","guid":{"rendered":"https:\/\/roveyayinevi.com.tr\/index.php\/urun\/duzgun-cocuk\/"},"modified":"2026-04-13T02:19:43","modified_gmt":"2026-04-12T23:19:43","slug":"duzgun-cocuk","status":"publish","type":"product","link":"https:\/\/roveyayinevi.com.tr\/index.php\/urun\/duzgun-cocuk\/","title":{"rendered":"D\u00fczg\u00fcn \u00c7ocuk"},"content":{"rendered":"<p>Ne kadar g\u00fczel ba\u015flasa da yar\u0131m kalan \u015fiiri kimse okumaz. Bizim \u015fiirimizin son sat\u0131r\u0131 eksik, gelsen de tamamlasak birlikte! Biliyorsun, \u015fiirler kelimelerle yaz\u0131lmaz, o harfleri bir araya getiren \u015fey d\u00fc\u015flerdir. Gel de d\u00fc\u015f k\u0131r\u0131klar\u0131m\u0131 iyile\u015ftir.Ve ben sensiz yeni bir \u015fiire ba\u015flamak istemiyorum, yeni bir g\u00fcne ba\u015flamak istemedi\u011fim gibi.<\/p>\n","protected":false},"excerpt":{"rendered":"<p>Ne kadar g\u00fczel ba\u015flasa da yar\u0131m kalan \u015fiiri kimse okumaz. Bizim \u015fiirimizin son sat\u0131r\u0131 eksik, gelsen de tamamlasak birlikte! Biliyorsun, \u015fiirler kelimelerle yaz\u0131lmaz, o harfleri bir<span class=\"excerpt-hellip\"> [\u2026]<\/span><\/p>\n","protected":false},"featured_media":0,"template":"","meta":{"_monsterinsights_skip_tracking":false,"_monsterinsights_sitenote_active":false,"_monsterinsights_sitenote_note":"","_monsterinsights_sitenote_category":0},"product_brand":[],"product_cat":[12291,12711],"product_tag":[],"class_list":{"0":"post-707156","1":"product","2":"type-product","3":"status-publish","5":"product_cat-edebiyat","6":"product_cat-roman-oyku","7":"pa_cilt-ciltsiz","8":"pa_tur-kitap","9":"pa_yayinevi-herdem-kitap","10":"pa_yazar-kardelen-kaya","12":"first","13":"instock","14":"sale","15":"shipping-taxable","16":"purchasable","17":"product-type-simple"},"_links":{"self":[{"href":"https:\/\/roveyayinevi.com.tr\/index.php\/wp-json\/wp\/v2\/product\/707156","targetHints":{"allow":["GET"]}}],"collection":[{"href":"https:\/\/roveyayinevi.com.tr\/index.php\/wp-json\/wp\/v2\/product"}],"about":[{"href":"https:\/\/roveyayinevi.com.tr\/index.php\/wp-json\/wp\/v2\/types\/product"}],"wp:attachment":[{"href":"https:\/\/roveyayinevi.com.tr\/index.php\/wp-json\/wp\/v2\/media?parent=707156"}],"wp:term":[{"taxonomy":"product_brand","embeddable":true,"href":"https:\/\/roveyayinevi.com.tr\/index.php\/wp-json\/wp\/v2\/product_brand?post=707156"},{"taxonomy":"product_cat","embeddable":true,"href":"https:\/\/roveyayinevi.com.tr\/index.php\/wp-json\/wp\/v2\/product_cat?post=707156"},{"taxonomy":"product_tag","embeddable":true,"href":"https:\/\/roveyayinevi.com.tr\/index.php\/wp-json\/wp\/v2\/product_tag?post=707156"}],"curies":[{"name":"wp","href":"https:\/\/api.w.org\/{rel}","templated":true}]}}