{"id":707155,"date":"2025-08-27T16:02:46","date_gmt":"2025-08-27T13:02:46","guid":{"rendered":"https:\/\/roveyayinevi.com.tr\/index.php\/urun\/cinin-icinden\/"},"modified":"2026-04-16T02:15:44","modified_gmt":"2026-04-15T23:15:44","slug":"cinin-icinden","status":"publish","type":"product","link":"https:\/\/roveyayinevi.com.tr\/index.php\/urun\/cinin-icinden\/","title":{"rendered":"\u00c7in\u2019in \u0130\u00e7inden"},"content":{"rendered":"<p>Kadim dostum Mehmet \u00d6l\u00e7el&#8217;in sekiz seneye yak\u0131n bir m\u00fcddet kald\u0131\u011f\u0131 \u00c7in hakk\u0131ndaki seyahat notlar\u0131n\u0131 ve \u0130ntibalar\u0131n\u0131 ihtiva eden bu kitab\u0131n\u0131n b\u00fcy\u00fck bir merakla okunaca\u011f\u0131 muhakkakt\u0131r.\u0130lk defa bu kadar uzun bir m\u00fcddet d\u00fcnyan\u0131n en dikkate de\u011fer \u00fclkelerinden biri olan \u00c7in hakk\u0131nda bir T\u00fcrk&#8217;\u00fcn kitab\u0131 okuyucular\u0131n kar\u015f\u0131s\u0131na \u00e7\u0131kmaktad\u0131r.Toynbee, medeniyetleri tav\u015fanlar ve filler olarak iki \u015fekilde tasnif eder ve \u00c7in medeniyetini filler aras\u0131nda zikreder.Bu medeniyet hakk\u0131ndaki bir kitab\u0131n okuyucular\u0131 farkl\u0131 bir insan toplulu\u011fu ile tan\u0131\u015faca\u011f\u0131 ve bir bak\u0131ma zenginlik kataca\u011f\u0131 a\u00e7\u0131kt\u0131r.Yery\u00fcz\u00fcn\u00fcn g\u00f6r\u00fclen her k\u00f6\u015fesi b\u00fcy\u00fck insanl\u0131k resmini biraz daha b\u00fcy\u00fcltecek ve insanl\u0131k hakk\u0131ndaki bilgiyide art\u0131racakt\u0131r.Mehmet \u00d6l\u00e7el&#8217;in kitab\u0131n\u0131n ba\u015fl\u0131klar\u0131ndan bir k\u0131sm\u0131n\u0131n ismini vermek bile bu kitab\u0131n ne kadar farkl\u0131 bilgileri ihtiva etti\u011fini g\u00f6stermek i\u00e7in kafidir. Siz \u00c7in&#8217;e gitmeden,B\u00fcy\u00fck \u00c7in,\u00c7in&#8217;de Dil ve Yaz\u0131,Kitap Yay\u0131n\u0131,Medya Zenginli\u011fi,Sesten Sembole,Gurbet\u00e7i Gen\u00e7ler,\u0130\u015f\u00e7ilerin Bebekleri,Bebek Pantolonu,Genel Tuvalet,Beijing ve K\u00f6pek,Bo\u011faz ve Burun Temizleme, Ay\u0131p \u00c7ok Az,Cinsellik,Tuhafl\u0131klar Ayr\u0131,B\u00fcy\u00fcklerin Oyuncaklar\u0131,Jimnastik,Dans,Hangisi Erkek?,Cilt Nem ve Sis,Sa\u00e7 ve K\u0131l,Ten Rengi,Boy Bos,Kad\u0131nda Ka\u015fla G\u00f6z,Y\u00fcz \u0130fadesi,Y\u00fczler Ayn\u0131,Tan\u0131\u015fma,Yard\u0131mseverlik,G\u00fcvenilirlik ve G\u00fcvenlik,Pazarl\u0131k,\u0130kna ve Aldanma,Fiyatlar ve Enflasyon,Su,Elektrik,Do\u011falgaz,Telefon,Rakamlar ve Say\u0131lar,Kirli \u00c7evre,G\u00f6r\u00fcnt\u00fc Kirlili\u011fi,Binalar,Konutlar. Kitab\u0131n T\u00fcrk okurlar\u0131 taraf\u0131ndan zevkle ve alaka ile okunaca\u011f\u0131 a\u00e7\u0131kt\u0131r.kitab\u0131n daha bas\u0131ld\u0131\u011f\u0131 anda bir klasik oldu\u011funu hi\u00e7 de m\u00fcbala\u011fa de\u011fildir.T\u00fcrk okurlar\u0131na arma\u011fan olsun.Mehmet \u00d6l\u00e7el&#8217;in hat\u0131ralar\u0131n\u0131n bir k\u0131sm\u0131n\u0131 elinden kurtarmas\u0131 en b\u00fcy\u00fck kar\u0131 olmu\u015ftur.Kendisini tebrik ederim. -Prof.Dr.Ali Birinci- <\/p>\n","protected":false},"excerpt":{"rendered":"<p>Kadim dostum Mehmet \u00d6l\u00e7el&#8217;in sekiz seneye yak\u0131n bir m\u00fcddet kald\u0131\u011f\u0131 \u00c7in hakk\u0131ndaki seyahat notlar\u0131n\u0131 ve \u0130ntibalar\u0131n\u0131 ihtiva eden bu kitab\u0131n\u0131n b\u00fcy\u00fck bir merakla okunaca\u011f\u0131 muhakkakt\u0131r.\u0130lk defa<span class=\"excerpt-hellip\"> [\u2026]<\/span><\/p>\n","protected":false},"featured_media":0,"template":"","meta":{"_monsterinsights_skip_tracking":false,"_monsterinsights_sitenote_active":false,"_monsterinsights_sitenote_note":"","_monsterinsights_sitenote_category":0},"product_brand":[],"product_cat":[13701,12291],"product_tag":[],"class_list":{"0":"post-707155","1":"product","2":"type-product","3":"status-publish","5":"product_cat-ani-mektup-gunluk","6":"product_cat-edebiyat","7":"pa_cilt-ciltsiz","8":"pa_tur-kitap","9":"pa_yayinevi-hitabevi-yayinlari","10":"pa_yazar-mehmet-olcel","12":"first","13":"instock","14":"sale","15":"shipping-taxable","16":"purchasable","17":"product-type-simple"},"_links":{"self":[{"href":"https:\/\/roveyayinevi.com.tr\/index.php\/wp-json\/wp\/v2\/product\/707155","targetHints":{"allow":["GET"]}}],"collection":[{"href":"https:\/\/roveyayinevi.com.tr\/index.php\/wp-json\/wp\/v2\/product"}],"about":[{"href":"https:\/\/roveyayinevi.com.tr\/index.php\/wp-json\/wp\/v2\/types\/product"}],"wp:attachment":[{"href":"https:\/\/roveyayinevi.com.tr\/index.php\/wp-json\/wp\/v2\/media?parent=707155"}],"wp:term":[{"taxonomy":"product_brand","embeddable":true,"href":"https:\/\/roveyayinevi.com.tr\/index.php\/wp-json\/wp\/v2\/product_brand?post=707155"},{"taxonomy":"product_cat","embeddable":true,"href":"https:\/\/roveyayinevi.com.tr\/index.php\/wp-json\/wp\/v2\/product_cat?post=707155"},{"taxonomy":"product_tag","embeddable":true,"href":"https:\/\/roveyayinevi.com.tr\/index.php\/wp-json\/wp\/v2\/product_tag?post=707155"}],"curies":[{"name":"wp","href":"https:\/\/api.w.org\/{rel}","templated":true}]}}