{"id":707154,"date":"2025-08-27T16:02:46","date_gmt":"2025-08-27T13:02:46","guid":{"rendered":"https:\/\/roveyayinevi.com.tr\/index.php\/urun\/yaramaz-cocuklari-ilaclamayin\/"},"modified":"2026-04-16T02:15:44","modified_gmt":"2026-04-15T23:15:44","slug":"yaramaz-cocuklari-ilaclamayin","status":"publish","type":"product","link":"https:\/\/roveyayinevi.com.tr\/index.php\/urun\/yaramaz-cocuklari-ilaclamayin\/","title":{"rendered":"Yaramaz \u00c7ocuklar\u0131 \u0130la\u00e7lamay\u0131n"},"content":{"rendered":"<p>Dikkat Eksikli\u011fi ve Hiperaktivite Bozuklu\u011fu, g\u00fcn\u00fcm\u00fczde s\u0131k\u00e7a duydu\u011fumuz bir hastal\u0131k! \u00c7ocuklar\u0131n % 14\u2019\u00fc bu hastal\u0131ktan ve tedavisinde kullan\u0131lan ila\u00e7lardan muzdarip! Muzdarip, \u00e7\u00fcnk\u00fc bu hastal\u0131\u011f\u0131n tedavisinde kullan\u0131lan ila\u00e7lar, k\u00fc\u00e7\u00fcc\u00fck \u00e7ocuklarda \u2018b\u00fcy\u00fck\u2019 yan etkilere sebep olabiliyor. Durum b\u00f6yle olunca, vicdanl\u0131 hekimlerin ve anne babalar\u0131n akl\u0131na bir\u00e7ok soru geliyor&#8230;\u2022 20 y\u0131l \u00f6ncesine kadar \u00e7ok ender rastlanan bir hastal\u0131k olan &#8216;Dikkat Eksikli\u011fi ve Hiperaktivite Bozuklu\u011fu&#8217; g\u00fcn\u00fcm\u00fczde nas\u0131l her 7-8 \u00e7ocuktan birinde rastlan\u0131r hale geldi?\u2022 Konulan tan\u0131lar ne kadar do\u011fru? Tan\u0131 konulma s\u0131kl\u0131\u011f\u0131nda bir abart\u0131 var m\u0131?\u2022 Psikiyatrlar bu tan\u0131y\u0131 koyarken ger\u00e7ekten \u00f6zenli davran\u0131yorlar m\u0131? Nesnel kriterleri dikkate al\u0131yorlar m\u0131?\u2022 Bu hastal\u0131\u011f\u0131n tedavisinde kullan\u0131lan ila\u00e7lar\u0131n s\u00f6ylendi\u011fi gibi ba\u011f\u0131ml\u0131l\u0131k yapmad\u0131\u011f\u0131 do\u011fru mu? Yapm\u0131yorlarsa neden k\u0131rm\u0131z\u0131 re\u00e7ete ile sat\u0131l\u0131yorlar?\u2022 Ba\u011f\u0131ml\u0131l\u0131k yapt\u0131klar\u0131 konusundaki ku\u015fkular\u0131n y\u00fcksek oldu\u011fu bu ila\u00e7lar\u0131n gereksiz yere kullan\u0131m\u0131 hangi riskleri beraberinde getiriyor?\u2022 \u0130la\u00e7lar d\u0131\u015f\u0131nda \u00e7ocuklara yard\u0131mc\u0131 olabilece\u011fimiz &#8216;yan etkisiz&#8217; se\u00e7enekler neler?Antidepresan Tuza\u011f\u0131 kitab\u0131n\u0131n da yazar\u0131 olan Psikiyatrist Dr. Mutluhan \u0130zmir, t\u00fcm d\u00fcnyada g\u00fcncel olan bu sorular\u0131, yap\u0131lan son \u00e7al\u0131\u015fmalar\u0131n \u0131\u015f\u0131\u011f\u0131nda sizler i\u00e7in yan\u0131tl\u0131yor.\u00dclkemizde de b\u00fcy\u00fcyen bir sorun haline gelen Dikkat Eksikli\u011fi ve Hiperaktivite Bozuklu\u011fu hastal\u0131\u011f\u0131n\u0131n te\u015fhisi ve tedavisi ile ilgili merak etti\u011finiz her \u015feyi vicdanl\u0131 bir hekimin kaleminden okuyacaks\u0131n\u0131z. &#8216;Vicdanl\u0131&#8217; s\u0131fat\u0131 \u00f6nemli \u00e7\u00fcnk\u00fc belki de \u00e7ocu\u011funuzun hayat\u0131n\u0131 o kelime kurtaracak! <\/p>\n","protected":false},"excerpt":{"rendered":"<p>Dikkat Eksikli\u011fi ve Hiperaktivite Bozuklu\u011fu, g\u00fcn\u00fcm\u00fczde s\u0131k\u00e7a duydu\u011fumuz bir hastal\u0131k! \u00c7ocuklar\u0131n % 14\u2019\u00fc bu hastal\u0131ktan ve tedavisinde kullan\u0131lan ila\u00e7lardan muzdarip! Muzdarip, \u00e7\u00fcnk\u00fc bu hastal\u0131\u011f\u0131n tedavisinde kullan\u0131lan<span class=\"excerpt-hellip\"> [\u2026]<\/span><\/p>\n","protected":false},"featured_media":0,"template":"","meta":{"_monsterinsights_skip_tracking":false,"_monsterinsights_sitenote_active":false,"_monsterinsights_sitenote_note":"","_monsterinsights_sitenote_category":0},"product_brand":[],"product_cat":[17996,12364],"product_tag":[],"class_list":{"0":"post-707154","1":"product","2":"type-product","3":"status-publish","5":"product_cat-ebeveyn-kitaplari","6":"product_cat-genel-konular","7":"pa_cilt-ciltsiz","8":"pa_tur-kitap","9":"pa_yayinevi-hayykitap","10":"pa_yazar-mutluhan-izmir","12":"first","13":"instock","14":"sale","15":"shipping-taxable","16":"purchasable","17":"product-type-simple"},"_links":{"self":[{"href":"https:\/\/roveyayinevi.com.tr\/index.php\/wp-json\/wp\/v2\/product\/707154","targetHints":{"allow":["GET"]}}],"collection":[{"href":"https:\/\/roveyayinevi.com.tr\/index.php\/wp-json\/wp\/v2\/product"}],"about":[{"href":"https:\/\/roveyayinevi.com.tr\/index.php\/wp-json\/wp\/v2\/types\/product"}],"wp:attachment":[{"href":"https:\/\/roveyayinevi.com.tr\/index.php\/wp-json\/wp\/v2\/media?parent=707154"}],"wp:term":[{"taxonomy":"product_brand","embeddable":true,"href":"https:\/\/roveyayinevi.com.tr\/index.php\/wp-json\/wp\/v2\/product_brand?post=707154"},{"taxonomy":"product_cat","embeddable":true,"href":"https:\/\/roveyayinevi.com.tr\/index.php\/wp-json\/wp\/v2\/product_cat?post=707154"},{"taxonomy":"product_tag","embeddable":true,"href":"https:\/\/roveyayinevi.com.tr\/index.php\/wp-json\/wp\/v2\/product_tag?post=707154"}],"curies":[{"name":"wp","href":"https:\/\/api.w.org\/{rel}","templated":true}]}}