{"id":707153,"date":"2025-08-27T16:02:45","date_gmt":"2025-08-27T13:02:45","guid":{"rendered":"https:\/\/roveyayinevi.com.tr\/index.php\/urun\/dais\/"},"modified":"2026-04-16T02:15:44","modified_gmt":"2026-04-15T23:15:44","slug":"dais","status":"publish","type":"product","link":"https:\/\/roveyayinevi.com.tr\/index.php\/urun\/dais\/","title":{"rendered":"DA\u0130\u015e"},"content":{"rendered":"<p>K\u00fcreselle\u015fme projesi \u00e7\u00f6kt\u00fc. Kapitalizm iflas etmek \u00fczere. Ruhun, teknolojiye kurban edildi\u011fi dijital k\u00f6lelil \u00e7a\u011f\u0131nda, nihilizm karanl\u0131\u011f\u0131 t\u00fcm d\u00fcnyan\u0131n \u00fczerine bir kez daha \u00e7\u00f6kmek \u00fczereyken, bu gidi\u015fhata kar\u015f\u0131 \u0130slam, k\u00fcresel \u00e7apta son direni\u015fin ger\u00e7ekle\u015fece\u011fi son h\u00fcr kale! Ve o kalenin d\u00fc\u015fmesi i\u00e7in \u2018\u00fcst ak\u0131l\u2019 son icad\u0131n\u0131 \u00fcretti:\u0130slam ile ter\u00f6r\u00fc yanyana getirmeye \u00e7al\u0131\u015fan DA\u0130\u015e.DA\u0130\u015e\u2019in ikinci bir g\u00f6revi daha var: \u0130slam co\u011frafyas\u0131nda \u2018tarih ve medeniyetin referans \u00fclkesi olmaya aday olan T\u00fcrkiye\u2019yi durdurmak. Engeller kalkarsa, tarihin ak\u0131\u015f\u0131n\u0131 yeniden \u015fekillendirece\u011fimizi iyi bildikleri i\u00e7in DA\u0130\u015e\u2019i g\u00f6stererek hem \u0130slam\u2019\u0131 hemde T\u00fcrkiye\u2019yi etkisiz k\u0131lmay\u0131 hedefliyorlar. Bunun i\u00e7in de laboratuvar ortam\u0131nda geli\u015ftirdikleri, geneti\u011fiyle oynanm\u0131\u015f bir \u0130slam anlay\u0131\u015f\u0131n\u0131 d\u00fcnyaya \u0130slam diye yutturmaya \u00e7al\u0131\u015f\u0131yorlar. S\u00f6z konusu kirli proje ise ilk kez bu kadar kapsaml\u0131 bir \u015fekilde elinizde tuttu\u011funuz kitapta de\u015fifre ediliyor. Her biri alan\u0131nda uzman isimler, \u015fimdiye kadar kimsenin bakmad\u0131\u011f\u0131 perspektiflerden DA\u0130\u015e ger\u00e7e\u011fini a\u00e7\u0131kl\u0131yor. \u0130\u015fte kitapta yan\u0131t bulaca\u011f\u0131n\u0131z sorulardan baz\u0131lar\u0131:Korkun\u00e7 bir \u00fcst akl\u0131n tohumlar\u0131n\u0131 ekti\u011fi bu mutant organizasyonun arkas\u0131nda hangi \u201cak\u0131l merkezleri\u201d var ?PYD hangi sebeple T\u00fcrkiye\u2019nin g\u00fcneyinde pozisyon almaya \u00e7al\u0131\u015f\u0131yor ?\u2018Vaadedilmi\u015f K\u00fcrdistan\u2019\u0131n kurulu\u015f amac\u0131 ne ?K\u00fcresel satran\u00e7ta sonraki 19 hamleyi g\u00f6renlerin taktikleri nas\u0131l anla\u015f\u0131l\u0131r ?Bir sonraki \u2018Demokratik Katliamlar\u2019 hangi topraklarda olacak ?\u0130srail, DA\u0130\u015e \u00fczerinden nas\u0131l geni\u015fleyebilir ?\u0130slam Ordusu neden kuruldu ?\u2018Armageddon Sava\u015f\u0131\u2019 projesinde DA\u0130\u015e nas\u0131l bir rol oynayacak ?\u2018Demografi Silah\u0131\u2019n\u0131 nas\u0131l kullan\u0131yorlar ? <\/p>\n","protected":false},"excerpt":{"rendered":"<p>K\u00fcreselle\u015fme projesi \u00e7\u00f6kt\u00fc. Kapitalizm iflas etmek \u00fczere. Ruhun, teknolojiye kurban edildi\u011fi dijital k\u00f6lelil \u00e7a\u011f\u0131nda, nihilizm karanl\u0131\u011f\u0131 t\u00fcm d\u00fcnyan\u0131n \u00fczerine bir kez daha \u00e7\u00f6kmek \u00fczereyken, bu gidi\u015fhata<span class=\"excerpt-hellip\"> [\u2026]<\/span><\/p>\n","protected":false},"featured_media":0,"template":"","meta":{"_monsterinsights_skip_tracking":false,"_monsterinsights_sitenote_active":false,"_monsterinsights_sitenote_note":"","_monsterinsights_sitenote_category":0},"product_brand":[],"product_cat":[12337,14543],"product_tag":[],"class_list":{"0":"post-707153","1":"product","2":"type-product","3":"status-publish","5":"product_cat-politika-siyaset","6":"product_cat-turkiye-siyaseti-ve-politikasi","7":"pa_cilt-ciltsiz","8":"pa_tur-kitap","9":"pa_yayinevi-hayykitap","10":"pa_yazar-betul-soysal-bozdogan","12":"first","13":"instock","14":"sale","15":"shipping-taxable","16":"purchasable","17":"product-type-simple"},"_links":{"self":[{"href":"https:\/\/roveyayinevi.com.tr\/index.php\/wp-json\/wp\/v2\/product\/707153","targetHints":{"allow":["GET"]}}],"collection":[{"href":"https:\/\/roveyayinevi.com.tr\/index.php\/wp-json\/wp\/v2\/product"}],"about":[{"href":"https:\/\/roveyayinevi.com.tr\/index.php\/wp-json\/wp\/v2\/types\/product"}],"wp:attachment":[{"href":"https:\/\/roveyayinevi.com.tr\/index.php\/wp-json\/wp\/v2\/media?parent=707153"}],"wp:term":[{"taxonomy":"product_brand","embeddable":true,"href":"https:\/\/roveyayinevi.com.tr\/index.php\/wp-json\/wp\/v2\/product_brand?post=707153"},{"taxonomy":"product_cat","embeddable":true,"href":"https:\/\/roveyayinevi.com.tr\/index.php\/wp-json\/wp\/v2\/product_cat?post=707153"},{"taxonomy":"product_tag","embeddable":true,"href":"https:\/\/roveyayinevi.com.tr\/index.php\/wp-json\/wp\/v2\/product_tag?post=707153"}],"curies":[{"name":"wp","href":"https:\/\/api.w.org\/{rel}","templated":true}]}}