{"id":707152,"date":"2025-08-27T16:02:45","date_gmt":"2025-08-27T13:02:45","guid":{"rendered":"https:\/\/roveyayinevi.com.tr\/index.php\/urun\/kizil-kuzgun\/"},"modified":"2026-04-16T02:15:44","modified_gmt":"2026-04-15T23:15:44","slug":"kizil-kuzgun","status":"publish","type":"product","link":"https:\/\/roveyayinevi.com.tr\/index.php\/urun\/kizil-kuzgun\/","title":{"rendered":"K\u0131z\u0131l Kuzgun"},"content":{"rendered":"<p>B\u00f6ylesine gri bir \u015fekildeKargalar\u0131n e\u015fli\u011findeBu kadar yolu nas\u0131l geldik ?Sormad\u0131k hi\u00e7,Ne kadar kald\u0131, ne kadar\u0131n\u0131 teptik ?O siyah-beyazl\u0131\u011f\u0131 hi\u00e7 g\u00f6rmedikZaten baka baka g\u00f6zlerimizi k\u00f6r ettik !\u0130\u015fte y\u00fcre\u011finde a\u00e7\u0131lm\u0131\u015f koca bir gedikGitti\u011fin o yol ayr\u0131m\u0131nda bekler halaB\u0131rakt\u0131\u011f\u0131n bu iflah olmaz romantik !<\/p>\n","protected":false},"excerpt":{"rendered":"<p>B\u00f6ylesine gri bir \u015fekildeKargalar\u0131n e\u015fli\u011findeBu kadar yolu nas\u0131l geldik ?Sormad\u0131k hi\u00e7,Ne kadar kald\u0131, ne kadar\u0131n\u0131 teptik ?O siyah-beyazl\u0131\u011f\u0131 hi\u00e7 g\u00f6rmedikZaten baka baka g\u00f6zlerimizi k\u00f6r ettik !\u0130\u015fte<span class=\"excerpt-hellip\"> [\u2026]<\/span><\/p>\n","protected":false},"featured_media":0,"template":"","meta":{"_monsterinsights_skip_tracking":false,"_monsterinsights_sitenote_active":false,"_monsterinsights_sitenote_note":"","_monsterinsights_sitenote_category":0},"product_brand":[],"product_cat":[12291,12509],"product_tag":[],"class_list":{"0":"post-707152","1":"product","2":"type-product","3":"status-publish","5":"product_cat-edebiyat","6":"product_cat-siir","7":"pa_cilt-ciltsiz","8":"pa_tur-kitap","9":"pa_yayinevi-herdem-kitap","10":"pa_yazar-deniz-cetinay","12":"first","13":"instock","14":"sale","15":"shipping-taxable","16":"purchasable","17":"product-type-simple"},"_links":{"self":[{"href":"https:\/\/roveyayinevi.com.tr\/index.php\/wp-json\/wp\/v2\/product\/707152","targetHints":{"allow":["GET"]}}],"collection":[{"href":"https:\/\/roveyayinevi.com.tr\/index.php\/wp-json\/wp\/v2\/product"}],"about":[{"href":"https:\/\/roveyayinevi.com.tr\/index.php\/wp-json\/wp\/v2\/types\/product"}],"wp:attachment":[{"href":"https:\/\/roveyayinevi.com.tr\/index.php\/wp-json\/wp\/v2\/media?parent=707152"}],"wp:term":[{"taxonomy":"product_brand","embeddable":true,"href":"https:\/\/roveyayinevi.com.tr\/index.php\/wp-json\/wp\/v2\/product_brand?post=707152"},{"taxonomy":"product_cat","embeddable":true,"href":"https:\/\/roveyayinevi.com.tr\/index.php\/wp-json\/wp\/v2\/product_cat?post=707152"},{"taxonomy":"product_tag","embeddable":true,"href":"https:\/\/roveyayinevi.com.tr\/index.php\/wp-json\/wp\/v2\/product_tag?post=707152"}],"curies":[{"name":"wp","href":"https:\/\/api.w.org\/{rel}","templated":true}]}}