{"id":707151,"date":"2025-08-27T16:02:44","date_gmt":"2025-08-27T13:02:44","guid":{"rendered":"https:\/\/roveyayinevi.com.tr\/index.php\/urun\/mavi-kurdele\/"},"modified":"2026-04-16T02:15:44","modified_gmt":"2026-04-15T23:15:44","slug":"mavi-kurdele","status":"publish","type":"product","link":"https:\/\/roveyayinevi.com.tr\/index.php\/urun\/mavi-kurdele\/","title":{"rendered":"Mavi Kurdele"},"content":{"rendered":"<p>\u00d6yle sab\u0131rs\u0131z tutundum ki sevdanaSenin i\u00e7indi \u015fiirlere laf at\u0131\u015f\u0131mSenin i\u00e7indi nefesimdeki s\u0131cak tema\u015faKe\u015ffedilmemi\u015f \u00f6zlemleri hasrete dokudu\u011fum yettiAst\u0131m senden ayr\u0131 ya\u015fanacak zaman\u0131K\u00f6hne yaln\u0131zl\u0131\u011f\u0131m\u0131n d\u00f6\u015f\u00fcne oturanK\u0131v\u0131lc\u0131mlar\u0131n sen diye tutu\u015fmas\u0131Uykusuz gecelerin habercisiydiVazge\u00e7tim d\u00fcnyamdanAz sonra g\u00f6zlerim kapand\u0131\u011f\u0131ndaHayalin do\u011facak d\u00fc\u015flerimeBir g\u00fcn bir gece habersizce bir g\u00fczellik yapMavi kurdeleni yast\u0131\u011f\u0131mda b\u0131rak\u2026<\/p>\n","protected":false},"excerpt":{"rendered":"<p>\u00d6yle sab\u0131rs\u0131z tutundum ki sevdanaSenin i\u00e7indi \u015fiirlere laf at\u0131\u015f\u0131mSenin i\u00e7indi nefesimdeki s\u0131cak tema\u015faKe\u015ffedilmemi\u015f \u00f6zlemleri hasrete dokudu\u011fum yettiAst\u0131m senden ayr\u0131 ya\u015fanacak zaman\u0131K\u00f6hne yaln\u0131zl\u0131\u011f\u0131m\u0131n d\u00f6\u015f\u00fcne oturanK\u0131v\u0131lc\u0131mlar\u0131n sen diye<span class=\"excerpt-hellip\"> [\u2026]<\/span><\/p>\n","protected":false},"featured_media":0,"template":"","meta":{"_monsterinsights_skip_tracking":false,"_monsterinsights_sitenote_active":false,"_monsterinsights_sitenote_note":"","_monsterinsights_sitenote_category":0},"product_brand":[],"product_cat":[12291,12509],"product_tag":[],"class_list":{"0":"post-707151","1":"product","2":"type-product","3":"status-publish","5":"product_cat-edebiyat","6":"product_cat-siir","7":"pa_cilt-ciltsiz","8":"pa_tur-kitap","9":"pa_yayinevi-herdem-kitap","10":"pa_yazar-selda-yilmaz","12":"first","13":"instock","14":"sale","15":"shipping-taxable","16":"purchasable","17":"product-type-simple"},"_links":{"self":[{"href":"https:\/\/roveyayinevi.com.tr\/index.php\/wp-json\/wp\/v2\/product\/707151","targetHints":{"allow":["GET"]}}],"collection":[{"href":"https:\/\/roveyayinevi.com.tr\/index.php\/wp-json\/wp\/v2\/product"}],"about":[{"href":"https:\/\/roveyayinevi.com.tr\/index.php\/wp-json\/wp\/v2\/types\/product"}],"wp:attachment":[{"href":"https:\/\/roveyayinevi.com.tr\/index.php\/wp-json\/wp\/v2\/media?parent=707151"}],"wp:term":[{"taxonomy":"product_brand","embeddable":true,"href":"https:\/\/roveyayinevi.com.tr\/index.php\/wp-json\/wp\/v2\/product_brand?post=707151"},{"taxonomy":"product_cat","embeddable":true,"href":"https:\/\/roveyayinevi.com.tr\/index.php\/wp-json\/wp\/v2\/product_cat?post=707151"},{"taxonomy":"product_tag","embeddable":true,"href":"https:\/\/roveyayinevi.com.tr\/index.php\/wp-json\/wp\/v2\/product_tag?post=707151"}],"curies":[{"name":"wp","href":"https:\/\/api.w.org\/{rel}","templated":true}]}}