{"id":707150,"date":"2025-08-27T16:02:44","date_gmt":"2025-08-27T13:02:44","guid":{"rendered":"https:\/\/roveyayinevi.com.tr\/index.php\/urun\/esinti\/"},"modified":"2026-04-16T02:15:44","modified_gmt":"2026-04-15T23:15:44","slug":"esinti","status":"publish","type":"product","link":"https:\/\/roveyayinevi.com.tr\/index.php\/urun\/esinti\/","title":{"rendered":"Esinti"},"content":{"rendered":"<p>A\u015fk nedir?Kar\u015f\u0131n\u0131zdaki insan\u0131n size kar\u015f\u0131 ne d\u00fc\u015f\u00fcnd\u00fc\u011f\u00fcn\u00fc anlayabilmek mi? Yoksa yan\u0131nda kendinizi huzurlu hissetmek mi? Belki ikisi de de\u011fil.A\u015fk, her dilde farkl\u0131 olsa da ayn\u0131 duyguyu payla\u015f\u0131yor olmakt\u0131.\u0130ki gen\u00e7 ve birbirlerinden ayr\u0131 ya\u015fad\u0131klar\u0131 on be\u015f y\u0131l&#8230;Gen\u00e7 k\u0131z, bu s\u00fcre zarf\u0131nda kalbine bir ki\u015fiyi davet etmi\u015ftir, ama gen\u00e7 erkek, ondan ba\u015fkas\u0131n\u0131 kalbine almayaca\u011f\u0131na s\u00f6z vermi\u015ftir. On be\u015f y\u0131l sonra tesad\u00fcfen kar\u015f\u0131la\u015ft\u0131klar\u0131nda, olanlar beklemedikleri bir \u015fekilde g\u00fcn y\u00fcz\u00fcne \u00e7\u0131kmay\u0131 ba\u015farm\u0131\u015ft\u0131r. Tabii, a\u015fk her zaman onlar i\u00e7in tatl\u0131 olmayacakt\u0131r, \u00e7o\u011fu zaman a\u011f\u0131z yakmas\u0131n\u0131 \u00e7ok iyi ba\u015faracakt\u0131r.Fakat ikisinin de \u00e7ok iyi bildi\u011fi bir ba\u015fka \u015fey daha vard\u0131r.O da; a\u015fk her zaman galip gelir!Bu hikaye, bir hayat\u0131n hikayesi de\u011fildi asl\u0131nda, bu hik\u00e2ye birden fazla hayat\u0131n hikayesiydi.<\/p>\n","protected":false},"excerpt":{"rendered":"<p>A\u015fk nedir?Kar\u015f\u0131n\u0131zdaki insan\u0131n size kar\u015f\u0131 ne d\u00fc\u015f\u00fcnd\u00fc\u011f\u00fcn\u00fc anlayabilmek mi? Yoksa yan\u0131nda kendinizi huzurlu hissetmek mi? Belki ikisi de de\u011fil.A\u015fk, her dilde farkl\u0131 olsa da ayn\u0131 duyguyu<span class=\"excerpt-hellip\"> [\u2026]<\/span><\/p>\n","protected":false},"featured_media":0,"template":"","meta":{"_monsterinsights_skip_tracking":false,"_monsterinsights_sitenote_active":false,"_monsterinsights_sitenote_note":"","_monsterinsights_sitenote_category":0},"product_brand":[],"product_cat":[12291,12711],"product_tag":[],"class_list":{"0":"post-707150","1":"product","2":"type-product","3":"status-publish","5":"product_cat-edebiyat","6":"product_cat-roman-oyku","7":"pa_cilt-ciltsiz","8":"pa_tur-kitap","9":"pa_yayinevi-herdem-kitap","10":"pa_yazar-irem-mumcu","12":"first","13":"instock","14":"sale","15":"shipping-taxable","16":"purchasable","17":"product-type-simple"},"_links":{"self":[{"href":"https:\/\/roveyayinevi.com.tr\/index.php\/wp-json\/wp\/v2\/product\/707150","targetHints":{"allow":["GET"]}}],"collection":[{"href":"https:\/\/roveyayinevi.com.tr\/index.php\/wp-json\/wp\/v2\/product"}],"about":[{"href":"https:\/\/roveyayinevi.com.tr\/index.php\/wp-json\/wp\/v2\/types\/product"}],"wp:attachment":[{"href":"https:\/\/roveyayinevi.com.tr\/index.php\/wp-json\/wp\/v2\/media?parent=707150"}],"wp:term":[{"taxonomy":"product_brand","embeddable":true,"href":"https:\/\/roveyayinevi.com.tr\/index.php\/wp-json\/wp\/v2\/product_brand?post=707150"},{"taxonomy":"product_cat","embeddable":true,"href":"https:\/\/roveyayinevi.com.tr\/index.php\/wp-json\/wp\/v2\/product_cat?post=707150"},{"taxonomy":"product_tag","embeddable":true,"href":"https:\/\/roveyayinevi.com.tr\/index.php\/wp-json\/wp\/v2\/product_tag?post=707150"}],"curies":[{"name":"wp","href":"https:\/\/api.w.org\/{rel}","templated":true}]}}