{"id":707149,"date":"2025-08-27T16:02:43","date_gmt":"2025-08-27T13:02:43","guid":{"rendered":"https:\/\/roveyayinevi.com.tr\/index.php\/urun\/bir-gulun-sesiyle\/"},"modified":"2026-04-16T02:15:44","modified_gmt":"2026-04-15T23:15:44","slug":"bir-gulun-sesiyle","status":"publish","type":"product","link":"https:\/\/roveyayinevi.com.tr\/index.php\/urun\/bir-gulun-sesiyle\/","title":{"rendered":"Bir G\u00fcl\u00fcn Sesiyle"},"content":{"rendered":"<p>Onlard\u0131r d\u00fc\u015fman\u0131n g\u00f6z\u00fcndehain lanetli \u015feytanonlard\u0131r ak me\u015fede\u00f6l\u00fcm fermanlar\u0131 ile sallananonlard\u0131r namlular\u0131n ucundakanl\u0131 \u00e7\u0131plak duvarlarda as\u0131lanonlard\u0131r ger\u00e7e\u011fi d\u00fc\u015fle yo\u011furanonlard\u0131r geceden b\u00fcy\u00fck atlaronlard\u0131r yollardad\u00fc\u015f\u00e7\u00fc kar\u0131ncalar<\/p>\n","protected":false},"excerpt":{"rendered":"<p>Onlard\u0131r d\u00fc\u015fman\u0131n g\u00f6z\u00fcndehain lanetli \u015feytanonlard\u0131r ak me\u015fede\u00f6l\u00fcm fermanlar\u0131 ile sallananonlard\u0131r namlular\u0131n ucundakanl\u0131 \u00e7\u0131plak duvarlarda as\u0131lanonlard\u0131r ger\u00e7e\u011fi d\u00fc\u015fle yo\u011furanonlard\u0131r geceden b\u00fcy\u00fck atlaronlard\u0131r yollardad\u00fc\u015f\u00e7\u00fc kar\u0131ncalar<\/p>\n","protected":false},"featured_media":0,"template":"","meta":{"_monsterinsights_skip_tracking":false,"_monsterinsights_sitenote_active":false,"_monsterinsights_sitenote_note":"","_monsterinsights_sitenote_category":0},"product_brand":[],"product_cat":[12291,12509],"product_tag":[],"class_list":{"0":"post-707149","1":"product","2":"type-product","3":"status-publish","5":"product_cat-edebiyat","6":"product_cat-siir","7":"pa_cilt-ciltsiz","8":"pa_tur-kitap","9":"pa_yayinevi-herdem-kitap","10":"pa_yazar-fazli-levent-oguz","12":"first","13":"instock","14":"sale","15":"shipping-taxable","16":"purchasable","17":"product-type-simple"},"_links":{"self":[{"href":"https:\/\/roveyayinevi.com.tr\/index.php\/wp-json\/wp\/v2\/product\/707149","targetHints":{"allow":["GET"]}}],"collection":[{"href":"https:\/\/roveyayinevi.com.tr\/index.php\/wp-json\/wp\/v2\/product"}],"about":[{"href":"https:\/\/roveyayinevi.com.tr\/index.php\/wp-json\/wp\/v2\/types\/product"}],"wp:attachment":[{"href":"https:\/\/roveyayinevi.com.tr\/index.php\/wp-json\/wp\/v2\/media?parent=707149"}],"wp:term":[{"taxonomy":"product_brand","embeddable":true,"href":"https:\/\/roveyayinevi.com.tr\/index.php\/wp-json\/wp\/v2\/product_brand?post=707149"},{"taxonomy":"product_cat","embeddable":true,"href":"https:\/\/roveyayinevi.com.tr\/index.php\/wp-json\/wp\/v2\/product_cat?post=707149"},{"taxonomy":"product_tag","embeddable":true,"href":"https:\/\/roveyayinevi.com.tr\/index.php\/wp-json\/wp\/v2\/product_tag?post=707149"}],"curies":[{"name":"wp","href":"https:\/\/api.w.org\/{rel}","templated":true}]}}