{"id":707147,"date":"2025-08-27T16:02:42","date_gmt":"2025-08-27T13:02:42","guid":{"rendered":"https:\/\/roveyayinevi.com.tr\/index.php\/urun\/haz-ve-hiz-caginda-insan-iliskileri\/"},"modified":"2025-09-09T10:55:29","modified_gmt":"2025-09-09T07:55:29","slug":"haz-ve-hiz-caginda-insan-iliskileri","status":"publish","type":"product","link":"https:\/\/roveyayinevi.com.tr\/index.php\/urun\/haz-ve-hiz-caginda-insan-iliskileri\/","title":{"rendered":"Haz ve H\u0131z \u00c7a\u011f\u0131nda \u0130nsan \u0130li\u015fkileri"},"content":{"rendered":"<p>\u0130ki \u015fey insana haddini bildirir: Biri do\u011fal ya\u015fam ko\u015fullar\u0131, di\u011feri insan ili\u015fkileri. Hele de i\u00e7inden ak\u0131p ge\u00e7ti\u011fimiz, t\u00fcm anlam alanlar\u0131n\u0131n buharla\u015f\u0131p bir anafora d\u00f6n\u00fc\u015ft\u00fc\u011f\u00fc bu haz ve h\u0131z \u00e7a\u011f\u0131nda \u00f6nce kendimizle ve hayatla olan ili\u015fkimizi yeniden anlamland\u0131rmak \u00f6n plana \u00e7\u0131k\u0131yor. En temel insani ac\u0131lar\u0131m\u0131za; de\u011fersizlik, anlams\u0131zl\u0131k, yaln\u0131zl\u0131k, anla\u015f\u0131lamama, hayat\u0131 kontrol etmek isteme ve di\u011ferlerine dilin s\u0131n\u0131rlar\u0131 i\u00e7inde anlamlar bulmak daha da \u00f6nemli h\u00e2le geliyor. \ufffcTan\u0131t\u0131m Metni<\/p>\n","protected":false},"excerpt":{"rendered":"<p>\u0130ki \u015fey insana haddini bildirir: Biri do\u011fal ya\u015fam ko\u015fullar\u0131, di\u011feri insan ili\u015fkileri. Hele de i\u00e7inden ak\u0131p ge\u00e7ti\u011fimiz, t\u00fcm anlam alanlar\u0131n\u0131n buharla\u015f\u0131p bir anafora d\u00f6n\u00fc\u015ft\u00fc\u011f\u00fc bu haz<span class=\"excerpt-hellip\"> [\u2026]<\/span><\/p>\n","protected":false},"featured_media":0,"template":"","meta":{"_monsterinsights_skip_tracking":false,"_monsterinsights_sitenote_active":false,"_monsterinsights_sitenote_note":"","_monsterinsights_sitenote_category":0},"product_brand":[],"product_cat":[12364,12376],"product_tag":[],"class_list":{"0":"post-707147","1":"product","2":"type-product","3":"status-publish","5":"product_cat-genel-konular","6":"product_cat-kisisel-gelisim","7":"pa_cilt-ciltsiz","8":"pa_tur-kitap","9":"pa_yayinevi-hayat-yayinlari","10":"pa_yazar-nazli-ozburun","12":"first","13":"instock","14":"sale","15":"shipping-taxable","16":"purchasable","17":"product-type-simple"},"_links":{"self":[{"href":"https:\/\/roveyayinevi.com.tr\/index.php\/wp-json\/wp\/v2\/product\/707147","targetHints":{"allow":["GET"]}}],"collection":[{"href":"https:\/\/roveyayinevi.com.tr\/index.php\/wp-json\/wp\/v2\/product"}],"about":[{"href":"https:\/\/roveyayinevi.com.tr\/index.php\/wp-json\/wp\/v2\/types\/product"}],"wp:attachment":[{"href":"https:\/\/roveyayinevi.com.tr\/index.php\/wp-json\/wp\/v2\/media?parent=707147"}],"wp:term":[{"taxonomy":"product_brand","embeddable":true,"href":"https:\/\/roveyayinevi.com.tr\/index.php\/wp-json\/wp\/v2\/product_brand?post=707147"},{"taxonomy":"product_cat","embeddable":true,"href":"https:\/\/roveyayinevi.com.tr\/index.php\/wp-json\/wp\/v2\/product_cat?post=707147"},{"taxonomy":"product_tag","embeddable":true,"href":"https:\/\/roveyayinevi.com.tr\/index.php\/wp-json\/wp\/v2\/product_tag?post=707147"}],"curies":[{"name":"wp","href":"https:\/\/api.w.org\/{rel}","templated":true}]}}