{"id":707146,"date":"2025-08-27T16:02:42","date_gmt":"2025-08-27T13:02:42","guid":{"rendered":"https:\/\/roveyayinevi.com.tr\/index.php\/urun\/ona-giden-derdimi-seviyorum\/"},"modified":"2026-04-16T02:15:44","modified_gmt":"2026-04-15T23:15:44","slug":"ona-giden-derdimi-seviyorum","status":"publish","type":"product","link":"https:\/\/roveyayinevi.com.tr\/index.php\/urun\/ona-giden-derdimi-seviyorum\/","title":{"rendered":"O\u2019na Giden Derdimi Seviyorum"},"content":{"rendered":"<p>\u0130nsan hayat\u0131 boyunca musibetler, hastal\u0131klar, s\u0131k\u0131nt\u0131lar ya\u015far.Bu dertlerle ba\u015f edemedik\u00e7e i\u00e7inde yaralar a\u00e7\u0131l\u0131r.A\u00e7\u0131lan yaralar zamanla depresyona, depresyonsa insan\u0131n i\u00e7inde sessiz bir \u00e7\u0131\u011fl\u0131\u011fa d\u00f6n\u00fc\u015f\u00fcr..\u00d6yle bir \u00e7\u0131\u011fl\u0131kt\u0131r ki t\u00fcm bedeni kaplar\u2026Hayatt\u0131n lezzeti biter.G\u00f6zler g\u00f6rmez, kulaklar i\u015fitmez olur ve insan sadece nefes al\u0131p veren bir varl\u0131kt\u0131r art\u0131k\u2026Ama asl\u0131nda dertler kulunu \u00e7ok seven Rabbin a\u015fk\u0131na davetidir.\u00c7\u00fcnk\u00fc bilir ki, insan \u00e7ok rahatta iken \u201cAllah\u201d demez.Nas\u0131l bir anne evlad\u0131n\u0131n yanl\u0131\u015fa sapmamas\u0131 i\u00e7in \u00f6n\u00fcne engeller koyar iseAllah\u2019ta sevdi\u011fi kulunu dertlerle yoluna a\u015fka \u00e7evirmek ister.Kulun ise \u00f6n\u00fcnde iki yol vard\u0131r: \u201cYa a\u015fka kavu\u015fur mutlu olur, ya da sonsuz bir huzursuzlukta bo\u011fulur.\u201dSizi bilmem ama ben dertlerimin \u00fcstesinden gelip a\u015fka kavu\u015fma yolunu tercih ettim.A\u015fktan \u00f6nceki ve a\u015fktan sonraki duygular\u0131m\u0131 ve O\u2019na giden dertlerimi merak ediyor musun?<\/p>\n","protected":false},"excerpt":{"rendered":"<p>\u0130nsan hayat\u0131 boyunca musibetler, hastal\u0131klar, s\u0131k\u0131nt\u0131lar ya\u015far.Bu dertlerle ba\u015f edemedik\u00e7e i\u00e7inde yaralar a\u00e7\u0131l\u0131r.A\u00e7\u0131lan yaralar zamanla depresyona, depresyonsa insan\u0131n i\u00e7inde sessiz bir \u00e7\u0131\u011fl\u0131\u011fa d\u00f6n\u00fc\u015f\u00fcr..\u00d6yle bir \u00e7\u0131\u011fl\u0131kt\u0131r ki<span class=\"excerpt-hellip\"> [\u2026]<\/span><\/p>\n","protected":false},"featured_media":0,"template":"","meta":{"_monsterinsights_skip_tracking":false,"_monsterinsights_sitenote_active":false,"_monsterinsights_sitenote_note":"","_monsterinsights_sitenote_category":0},"product_brand":[],"product_cat":[12718,12719,15238],"product_tag":[],"class_list":{"0":"post-707146","1":"product","2":"type-product","3":"status-publish","5":"product_cat-din","6":"product_cat-islam","7":"product_cat-tasavvuf","8":"pa_cilt-ciltsiz","9":"pa_tur-kitap","10":"pa_yayinevi-herdem-kitap","11":"pa_yazar-gulay-okuyucu","13":"first","14":"instock","15":"sale","16":"shipping-taxable","17":"purchasable","18":"product-type-simple"},"_links":{"self":[{"href":"https:\/\/roveyayinevi.com.tr\/index.php\/wp-json\/wp\/v2\/product\/707146","targetHints":{"allow":["GET"]}}],"collection":[{"href":"https:\/\/roveyayinevi.com.tr\/index.php\/wp-json\/wp\/v2\/product"}],"about":[{"href":"https:\/\/roveyayinevi.com.tr\/index.php\/wp-json\/wp\/v2\/types\/product"}],"wp:attachment":[{"href":"https:\/\/roveyayinevi.com.tr\/index.php\/wp-json\/wp\/v2\/media?parent=707146"}],"wp:term":[{"taxonomy":"product_brand","embeddable":true,"href":"https:\/\/roveyayinevi.com.tr\/index.php\/wp-json\/wp\/v2\/product_brand?post=707146"},{"taxonomy":"product_cat","embeddable":true,"href":"https:\/\/roveyayinevi.com.tr\/index.php\/wp-json\/wp\/v2\/product_cat?post=707146"},{"taxonomy":"product_tag","embeddable":true,"href":"https:\/\/roveyayinevi.com.tr\/index.php\/wp-json\/wp\/v2\/product_tag?post=707146"}],"curies":[{"name":"wp","href":"https:\/\/api.w.org\/{rel}","templated":true}]}}