{"id":707140,"date":"2025-08-27T16:02:39","date_gmt":"2025-08-27T13:02:39","guid":{"rendered":"https:\/\/roveyayinevi.com.tr\/index.php\/urun\/gobegimi-nasil-eritirim\/"},"modified":"2026-04-06T02:25:58","modified_gmt":"2026-04-05T23:25:58","slug":"gobegimi-nasil-eritirim","status":"publish","type":"product","link":"https:\/\/roveyayinevi.com.tr\/index.php\/urun\/gobegimi-nasil-eritirim\/","title":{"rendered":"G\u00f6be\u011fimi Nas\u0131l Eritirim?"},"content":{"rendered":"<p>Bu kitaptaki 50 basit kurala uyun, fazla kilolara elveda, sa\u011fl\u0131\u011fa merhaba deyin!T\u00fcrk halk\u0131nda kad\u0131n-erkek neredeyse herkesin \u2018ortak\u2019 bir problemi var: G\u00d6BEK!Bir verilip bir al\u0131nan kilolarla g\u00f6bekler g\u00fcn ge\u00e7tik\u00e7e daha da b\u00fcy\u00fcyor. Tatil, ni\u015fan, d\u00fc\u011f\u00fcn ya da \u00f6nemli bir davet i\u00e7in haz\u0131rl\u0131k yakla\u015f\u0131rken ise \u2018a\u00e7 kalma\u2019 seanslar\u0131 ile g\u00f6bekler eritilmeye \u00e7al\u0131\u015f\u0131l\u0131yor\u2026 Sonras\u0131nda da g\u00f6beklere eklenen kal\u00e7a, basen gibi sorunlarla bu k\u0131s\u0131r d\u00f6ng\u00fc devam ediyor!Bu k\u0131s\u0131r d\u00f6ng\u00fcden kurtulmak, \u201cG\u00f6be\u011fimi nas\u0131l eritirim?\u201d sorusuna basit bir form\u00fclle cevap bulmak istiyorsan\u0131z hemen bu kitab\u0131 okumaya ba\u015flay\u0131n.Aylarca \u00e7ok satanlar listesinde kalan Beden Akl\u0131yla Zay\u0131fla kitab\u0131n\u0131n yazar\u0131 Dr. Fevzi \u00d6zg\u00f6n\u00fcl, diyet mant\u0131\u011f\u0131n\u0131 bir kenara b\u0131rakarak, bedenimizin isteklerini ve ihtiya\u00e7lar\u0131n\u0131 yerine getirdi\u011fimizde, kilo derdinden, a\u015f\u0131r\u0131 i\u015ftah probleminden, tatl\u0131 krizlerinden, abur cubur yeme al\u0131\u015fkanl\u0131klar\u0131ndan kolayl\u0131kla ve a\u00e7 kalmadan nas\u0131l kurtulabilece\u011fimizi bu kitapta anlat\u0131yor.Dr. \u00d6zg\u00f6n\u00fcl&#8217;\u00fcn &#8217;50 basit ad\u0131m\u0131&#8217;yla g\u00f6be\u011finizi eritmek ve fit bir v\u00fccuda sahip olmak art\u0131k \u00e7ok kolay.Bu kitaptaki 50 kurala uyarsan\u0131z&#8230;\u0130lk olarak, sindirim sisteminiz g\u00fc\u00e7lenecek.\u0130kinci olarak, bedeniniz yeniden yap\u0131lanma d\u00f6nemine girecek.Ve en \u00f6nemlisi g\u00f6bek, kal\u00e7a ve basen ya\u011flar\u0131n\u0131za geri d\u00f6n\u00fclmeyecek bir \u015fekilde veda edeceksiniz! <\/p>\n","protected":false},"excerpt":{"rendered":"<p>Bu kitaptaki 50 basit kurala uyun, fazla kilolara elveda, sa\u011fl\u0131\u011fa merhaba deyin!T\u00fcrk halk\u0131nda kad\u0131n-erkek neredeyse herkesin \u2018ortak\u2019 bir problemi var: G\u00d6BEK!Bir verilip bir al\u0131nan kilolarla g\u00f6bekler<span class=\"excerpt-hellip\"> [\u2026]<\/span><\/p>\n","protected":false},"featured_media":0,"template":"","meta":{"_monsterinsights_skip_tracking":false,"_monsterinsights_sitenote_active":false,"_monsterinsights_sitenote_note":"","_monsterinsights_sitenote_category":0},"product_brand":[],"product_cat":[13402,13365],"product_tag":[],"class_list":{"0":"post-707140","1":"product","2":"type-product","3":"status-publish","5":"product_cat-beslenme-ve-diyet","6":"product_cat-saglik","7":"pa_cilt-ciltsiz","8":"pa_tur-kitap","9":"pa_yayinevi-hayykitap","10":"pa_yazar-fevzi-ozgonul","12":"first","13":"instock","14":"sale","15":"shipping-taxable","16":"purchasable","17":"product-type-simple"},"_links":{"self":[{"href":"https:\/\/roveyayinevi.com.tr\/index.php\/wp-json\/wp\/v2\/product\/707140","targetHints":{"allow":["GET"]}}],"collection":[{"href":"https:\/\/roveyayinevi.com.tr\/index.php\/wp-json\/wp\/v2\/product"}],"about":[{"href":"https:\/\/roveyayinevi.com.tr\/index.php\/wp-json\/wp\/v2\/types\/product"}],"wp:attachment":[{"href":"https:\/\/roveyayinevi.com.tr\/index.php\/wp-json\/wp\/v2\/media?parent=707140"}],"wp:term":[{"taxonomy":"product_brand","embeddable":true,"href":"https:\/\/roveyayinevi.com.tr\/index.php\/wp-json\/wp\/v2\/product_brand?post=707140"},{"taxonomy":"product_cat","embeddable":true,"href":"https:\/\/roveyayinevi.com.tr\/index.php\/wp-json\/wp\/v2\/product_cat?post=707140"},{"taxonomy":"product_tag","embeddable":true,"href":"https:\/\/roveyayinevi.com.tr\/index.php\/wp-json\/wp\/v2\/product_tag?post=707140"}],"curies":[{"name":"wp","href":"https:\/\/api.w.org\/{rel}","templated":true}]}}