{"id":707138,"date":"2025-08-27T16:02:38","date_gmt":"2025-08-27T13:02:38","guid":{"rendered":"https:\/\/roveyayinevi.com.tr\/index.php\/urun\/piyasa-islami\/"},"modified":"2026-04-16T02:15:44","modified_gmt":"2026-04-15T23:15:44","slug":"piyasa-islami","status":"publish","type":"product","link":"https:\/\/roveyayinevi.com.tr\/index.php\/urun\/piyasa-islami\/","title":{"rendered":"Piyasa \u0130slam\u0131"},"content":{"rendered":"<p>\u00d6zellikle M\u0131s\u0131r, T\u00fcrkiye, Endonezya ve genel olarak M\u00fcsl\u00fcman co\u011frafyas\u0131n\u0131n b\u00fct\u00fcn\u00fcnde, Geleneksel \u0130slamc\u0131l\u0131\u011f\u0131n g\u00f6lgesinde \u00f6ne \u00e7\u0131kan yeni bir \u201cSiyasal \u0130slam\u201d v\u00fccut bulmakta: Piyasa \u0130slam\u0131. Bat\u0131 de\u011ferleriyle eklektik bir uzla\u015f\u0131n\u0131n \u00fcr\u00fcn\u00fc olan bu \u0130slam, Amerikan i\u015fletme k\u00fclt\u00fcr\u00fcnden beslenmekte; \u00f6zg\u00fcven edinme ve kendini ger\u00e7ekle\u015ftirme stratejilerine methiyeler d\u00fczerek bireysel ba\u015far\u0131y\u0131 g\u00f6klere \u00e7\u0131karmakta; geleneksel \u0130slami yasaklar\u0131, pazarlaman\u0131n ve kitle t\u00fcketim k\u00fclt\u00fcr\u00fcn\u00fcn gerekleri do\u011frultusunda yeniden yorumlamakta ve yumu\u015fatmakta; siyasal \u0130slam\u2019\u0131ngeleneksel hiyerar\u015fik \u00f6rg\u00fctsel yap\u0131lanmalar\u0131n\u0131 bertaraf etmekte ve sosyal devletin alt\u0131n\u0131 oymaktad\u0131r.G\u00f6rsel, i\u015fitsel ve giyime dair \u0130slami alg\u0131lar\u0131 ve dayan\u0131\u015fma \u015fekillerini ba\u015ftan a\u015fa\u011f\u0131 de\u011fi\u015ftiren Piyasa \u0130slam\u0131\u2019n\u0131n ba\u015f akt\u00f6rleri (dindar giri\u015fimciler, Bat\u0131 modernitesinin kurum ve fig\u00fcrleriyle \u201cbar\u0131\u015fm\u0131\u015f\u201d \u0130slamc\u0131 yazarlar, \u0130slami medyatikler), her \u015feye ra\u011fmen ahlak\u00e7\u0131l\u0131klar\u0131ndan vazge\u00e7memekte ve \u00e7o\u011fulcu ya\u015fam tarzlar\u0131n\u0131 da hazmedememektedirler. Sosyolojik anlamda yeni kentli burjuvazilerin bayraktarl\u0131\u011f\u0131n\u0131 yapt\u0131\u011f\u0131 bu \u0130slam anlay\u0131\u015f\u0131n\u0131n temel amac\u0131, Amerikan tarz\u0131 muhafazak\u00e2rl\u0131kla bir\u00e7ok noktada \u00f6rt\u00fc\u015fen benzer bir \u201cmuhafazak\u00e2r devrim\u201d tetiklemektir. B\u00f6ylece o \u00e7ok beklenen \u201cM\u00fcsl\u00fcman Ayd\u0131nlanmas\u0131\u201d idealinden \u00e7ok uzaklarda; din, ahlak, hay\u0131r i\u015fleri ve piyasa etraf\u0131nda \u015fekillenmi\u015f bir fazilet ekseni do\u011frultusunda paradoksal olarak de\u011ferlendirilebilecek yak\u0131nla\u015fmalar (\u0130slam-Amerika) gayet rahatger\u00e7ekle\u015febilmektedir.Politolog Patrick Haenni\u2019in; M\u0131s\u0131r, Sudan, Fas, Yemen ve Afganistan\u2019daki \u0130slamla\u015fma s\u00fcre\u00e7lerine dair daha bir\u00e7ok \u00e7al\u0131\u015fmas\u0131 mevcuttur. <\/p>\n","protected":false},"excerpt":{"rendered":"<p>\u00d6zellikle M\u0131s\u0131r, T\u00fcrkiye, Endonezya ve genel olarak M\u00fcsl\u00fcman co\u011frafyas\u0131n\u0131n b\u00fct\u00fcn\u00fcnde, Geleneksel \u0130slamc\u0131l\u0131\u011f\u0131n g\u00f6lgesinde \u00f6ne \u00e7\u0131kan yeni bir \u201cSiyasal \u0130slam\u201d v\u00fccut bulmakta: Piyasa \u0130slam\u0131. Bat\u0131 de\u011ferleriyle eklektik<span class=\"excerpt-hellip\"> [\u2026]<\/span><\/p>\n","protected":false},"featured_media":0,"template":"","meta":{"_monsterinsights_skip_tracking":false,"_monsterinsights_sitenote_active":false,"_monsterinsights_sitenote_note":"","_monsterinsights_sitenote_category":0},"product_brand":[],"product_cat":[12718,12719],"product_tag":[],"class_list":{"0":"post-707138","1":"product","2":"type-product","3":"status-publish","5":"product_cat-din","6":"product_cat-islam","7":"pa_cilt-ciltsiz","8":"pa_tur-kitap","9":"pa_yayinevi-heretik-yayincilik","10":"pa_yazar-patrick-haenni","12":"first","13":"instock","14":"sale","15":"shipping-taxable","16":"purchasable","17":"product-type-simple"},"_links":{"self":[{"href":"https:\/\/roveyayinevi.com.tr\/index.php\/wp-json\/wp\/v2\/product\/707138","targetHints":{"allow":["GET"]}}],"collection":[{"href":"https:\/\/roveyayinevi.com.tr\/index.php\/wp-json\/wp\/v2\/product"}],"about":[{"href":"https:\/\/roveyayinevi.com.tr\/index.php\/wp-json\/wp\/v2\/types\/product"}],"wp:attachment":[{"href":"https:\/\/roveyayinevi.com.tr\/index.php\/wp-json\/wp\/v2\/media?parent=707138"}],"wp:term":[{"taxonomy":"product_brand","embeddable":true,"href":"https:\/\/roveyayinevi.com.tr\/index.php\/wp-json\/wp\/v2\/product_brand?post=707138"},{"taxonomy":"product_cat","embeddable":true,"href":"https:\/\/roveyayinevi.com.tr\/index.php\/wp-json\/wp\/v2\/product_cat?post=707138"},{"taxonomy":"product_tag","embeddable":true,"href":"https:\/\/roveyayinevi.com.tr\/index.php\/wp-json\/wp\/v2\/product_tag?post=707138"}],"curies":[{"name":"wp","href":"https:\/\/api.w.org\/{rel}","templated":true}]}}