{"id":707135,"date":"2025-08-27T16:02:37","date_gmt":"2025-08-27T13:02:37","guid":{"rendered":"https:\/\/roveyayinevi.com.tr\/index.php\/urun\/huckleberry-finn-2\/"},"modified":"2026-04-16T02:15:44","modified_gmt":"2026-04-15T23:15:44","slug":"huckleberry-finn-2","status":"publish","type":"product","link":"https:\/\/roveyayinevi.com.tr\/index.php\/urun\/huckleberry-finn-2\/","title":{"rendered":"Huckleberry Finn"},"content":{"rendered":"<p>De\u011ferli \u00c7ocuklar,\u00c7ocuklar bu seride Fabl t\u00fcr\u00fcnde yazd\u0131\u011f\u0131 masallar\u0131yla b\u00fct\u00fcn d\u00fcnya \u00e7ocuklar\u0131n\u0131n tan\u0131d\u0131\u011f\u0131 La Fonten&#8217;in on masal\u0131n\u0131 bulacak. Bu masallar 1-2. s\u0131n\u0131f \u00f6\u011frencilerinin okuma seviyeleri g\u00f6zetilerek 5 tanesi el yaz\u0131l\u0131, 5 tanesi d\u00fcz yaz\u0131l\u0131 olarak,pedagojik kriterler do\u011frultusunda haz\u0131rland\u0131.<\/p>\n","protected":false},"excerpt":{"rendered":"<p>De\u011ferli \u00c7ocuklar,\u00c7ocuklar bu seride Fabl t\u00fcr\u00fcnde yazd\u0131\u011f\u0131 masallar\u0131yla b\u00fct\u00fcn d\u00fcnya \u00e7ocuklar\u0131n\u0131n tan\u0131d\u0131\u011f\u0131 La Fonten&#8217;in on masal\u0131n\u0131 bulacak. Bu masallar 1-2. s\u0131n\u0131f \u00f6\u011frencilerinin okuma seviyeleri g\u00f6zetilerek 5<span class=\"excerpt-hellip\"> [\u2026]<\/span><\/p>\n","protected":false},"featured_media":0,"template":"","meta":{"_monsterinsights_skip_tracking":false,"_monsterinsights_sitenote_active":false,"_monsterinsights_sitenote_note":"","_monsterinsights_sitenote_category":0},"product_brand":[],"product_cat":[12274,12467],"product_tag":[],"class_list":{"0":"post-707135","1":"product","2":"type-product","3":"status-publish","5":"product_cat-cocuk-ve-genclik-kitaplari","6":"product_cat-dunya-klasikleri","7":"pa_cilt-ciltsiz","8":"pa_tur-kitap","9":"pa_yayinevi-timas-cocuk","10":"pa_yazar-mark-twain","12":"first","13":"instock","14":"sale","15":"shipping-taxable","16":"purchasable","17":"product-type-simple"},"_links":{"self":[{"href":"https:\/\/roveyayinevi.com.tr\/index.php\/wp-json\/wp\/v2\/product\/707135","targetHints":{"allow":["GET"]}}],"collection":[{"href":"https:\/\/roveyayinevi.com.tr\/index.php\/wp-json\/wp\/v2\/product"}],"about":[{"href":"https:\/\/roveyayinevi.com.tr\/index.php\/wp-json\/wp\/v2\/types\/product"}],"wp:attachment":[{"href":"https:\/\/roveyayinevi.com.tr\/index.php\/wp-json\/wp\/v2\/media?parent=707135"}],"wp:term":[{"taxonomy":"product_brand","embeddable":true,"href":"https:\/\/roveyayinevi.com.tr\/index.php\/wp-json\/wp\/v2\/product_brand?post=707135"},{"taxonomy":"product_cat","embeddable":true,"href":"https:\/\/roveyayinevi.com.tr\/index.php\/wp-json\/wp\/v2\/product_cat?post=707135"},{"taxonomy":"product_tag","embeddable":true,"href":"https:\/\/roveyayinevi.com.tr\/index.php\/wp-json\/wp\/v2\/product_tag?post=707135"}],"curies":[{"name":"wp","href":"https:\/\/api.w.org\/{rel}","templated":true}]}}