{"id":707134,"date":"2025-08-27T16:02:37","date_gmt":"2025-08-27T13:02:37","guid":{"rendered":"https:\/\/roveyayinevi.com.tr\/index.php\/urun\/devlet-i-aliyye-yazarlarina-gore-yonetim-ve-toplum\/"},"modified":"2026-04-16T02:15:44","modified_gmt":"2026-04-15T23:15:44","slug":"devlet-i-aliyye-yazarlarina-gore-yonetim-ve-toplum","status":"publish","type":"product","link":"https:\/\/roveyayinevi.com.tr\/index.php\/urun\/devlet-i-aliyye-yazarlarina-gore-yonetim-ve-toplum\/","title":{"rendered":"Devlet-i Aliyye Yazarlar\u0131na G\u00f6re Y\u00f6netim ve Toplum"},"content":{"rendered":"<p>Giri\u015f: T\u00fcrk Devlet Gelene\u011finde Y\u00f6netim Anlay\u0131\u015f\u0131 Osmanl\u0131 Tarih Yazarlar\u0131n\u0131n Osmanl\u0131 Tarihi, Devlet Y\u00f6netimi ve Toplum Yap\u0131s\u0131na Dair Eserleri Gelibolulu Mustafa \u00c2li&#8217;nin Devlet ve Toplum Anlay\u0131\u015f\u0131 G\u00f6riceli Ko\u00e7i Bey ve Devlet Hayat\u0131nda G\u00f6r\u00fclen Aksakl\u0131klar K\u00e2tip \u00c7elebi&#8217;nin Devlet ve Toplum Anlay\u0131\u015f\u0131  Hezarfen H\u00fcseyin Efendi&#8217;nin Devlet ve Toplum Anlay\u0131\u015f\u0131 <\/p>\n","protected":false},"excerpt":{"rendered":"<p>Giri\u015f: T\u00fcrk Devlet Gelene\u011finde Y\u00f6netim Anlay\u0131\u015f\u0131 Osmanl\u0131 Tarih Yazarlar\u0131n\u0131n Osmanl\u0131 Tarihi, Devlet Y\u00f6netimi ve Toplum Yap\u0131s\u0131na Dair Eserleri Gelibolulu Mustafa \u00c2li&#8217;nin Devlet ve Toplum Anlay\u0131\u015f\u0131 G\u00f6riceli<span class=\"excerpt-hellip\"> [\u2026]<\/span><\/p>\n","protected":false},"featured_media":0,"template":"","meta":{"_monsterinsights_skip_tracking":false,"_monsterinsights_sitenote_active":false,"_monsterinsights_sitenote_note":"","_monsterinsights_sitenote_category":0},"product_brand":[],"product_cat":[12370,12304],"product_tag":[],"class_list":{"0":"post-707134","1":"product","2":"type-product","3":"status-publish","5":"product_cat-arastirma-inceleme","6":"product_cat-tarih","7":"pa_cilt-ciltsiz","8":"pa_tur-kitap","9":"pa_yayinevi-gazi-kitabevi","10":"pa_yazar-ismail-ozcelik","12":"first","13":"instock","14":"sale","15":"shipping-taxable","16":"purchasable","17":"product-type-simple"},"_links":{"self":[{"href":"https:\/\/roveyayinevi.com.tr\/index.php\/wp-json\/wp\/v2\/product\/707134","targetHints":{"allow":["GET"]}}],"collection":[{"href":"https:\/\/roveyayinevi.com.tr\/index.php\/wp-json\/wp\/v2\/product"}],"about":[{"href":"https:\/\/roveyayinevi.com.tr\/index.php\/wp-json\/wp\/v2\/types\/product"}],"wp:attachment":[{"href":"https:\/\/roveyayinevi.com.tr\/index.php\/wp-json\/wp\/v2\/media?parent=707134"}],"wp:term":[{"taxonomy":"product_brand","embeddable":true,"href":"https:\/\/roveyayinevi.com.tr\/index.php\/wp-json\/wp\/v2\/product_brand?post=707134"},{"taxonomy":"product_cat","embeddable":true,"href":"https:\/\/roveyayinevi.com.tr\/index.php\/wp-json\/wp\/v2\/product_cat?post=707134"},{"taxonomy":"product_tag","embeddable":true,"href":"https:\/\/roveyayinevi.com.tr\/index.php\/wp-json\/wp\/v2\/product_tag?post=707134"}],"curies":[{"name":"wp","href":"https:\/\/api.w.org\/{rel}","templated":true}]}}