{"id":707133,"date":"2025-08-27T16:02:36","date_gmt":"2025-08-27T13:02:36","guid":{"rendered":"https:\/\/roveyayinevi.com.tr\/index.php\/urun\/ben-bu-oyunu-bozarim-sessiz-sakinin-gurultulu-maceralari-9\/"},"modified":"2026-04-16T02:15:44","modified_gmt":"2026-04-15T23:15:44","slug":"ben-bu-oyunu-bozarim-sessiz-sakinin-gurultulu-maceralari-9","status":"publish","type":"product","link":"https:\/\/roveyayinevi.com.tr\/index.php\/urun\/ben-bu-oyunu-bozarim-sessiz-sakinin-gurultulu-maceralari-9\/","title":{"rendered":"Ben Bu Oyunu Bozar\u0131m! Sessiz Sakin\u2019in G\u00fcr\u00fclt\u00fcl\u00fc Maceralar\u0131 &#8211; 9"},"content":{"rendered":"<p>Merhaba Cankada\u015flar! Bu sefer acayip, gizemli, \u00e7ok \u00e7\u0131lg\u0131n bir hik\u00e2ye ile kar\u015f\u0131n\u0131zday\u0131m. Bir g\u00fcn me\u015fhur bir bilgisayar oyunu oynarken garip bir \u015fey oldu ve kendimi oyunun i\u00e7inde buldum. \u0130\u015fte her \u015fey bundan sonra ba\u015flad\u0131. Oyunun i\u00e7inde mahsur kalm\u0131\u015ft\u0131m. Kurtulmak i\u00e7in birbirinden ilgin\u00e7 maceralar ya\u015fayarak oyunu bitirmem gerekiyordu. Pohomonlar, k\u0131zg\u0131n ku\u015flar, \u00e7\u0131lg\u0131n araba yar\u0131\u015flar\u0131, vir\u00fcsler ve daha neler neler&#8230;   Bak\u0131n bakal\u0131m, oyunlar bana nas\u0131l oyunlar oynam\u0131\u015f? <\/p>\n","protected":false},"excerpt":{"rendered":"<p>Merhaba Cankada\u015flar! Bu sefer acayip, gizemli, \u00e7ok \u00e7\u0131lg\u0131n bir hik\u00e2ye ile kar\u015f\u0131n\u0131zday\u0131m. Bir g\u00fcn me\u015fhur bir bilgisayar oyunu oynarken garip bir \u015fey oldu ve kendimi oyunun<span class=\"excerpt-hellip\"> [\u2026]<\/span><\/p>\n","protected":false},"featured_media":0,"template":"","meta":{"_monsterinsights_skip_tracking":false,"_monsterinsights_sitenote_active":false,"_monsterinsights_sitenote_note":"","_monsterinsights_sitenote_category":0},"product_brand":[],"product_cat":[12291,14777],"product_tag":[],"class_list":{"0":"post-707133","1":"product","2":"type-product","3":"status-publish","5":"product_cat-edebiyat","6":"product_cat-fantastik","7":"pa_cilt-ciltli","8":"pa_tur-kitap","9":"pa_yayinevi-genc-hayat","10":"pa_yazar-melih-tugtag","12":"first","13":"instock","14":"sale","15":"shipping-taxable","16":"purchasable","17":"product-type-simple"},"_links":{"self":[{"href":"https:\/\/roveyayinevi.com.tr\/index.php\/wp-json\/wp\/v2\/product\/707133","targetHints":{"allow":["GET"]}}],"collection":[{"href":"https:\/\/roveyayinevi.com.tr\/index.php\/wp-json\/wp\/v2\/product"}],"about":[{"href":"https:\/\/roveyayinevi.com.tr\/index.php\/wp-json\/wp\/v2\/types\/product"}],"wp:attachment":[{"href":"https:\/\/roveyayinevi.com.tr\/index.php\/wp-json\/wp\/v2\/media?parent=707133"}],"wp:term":[{"taxonomy":"product_brand","embeddable":true,"href":"https:\/\/roveyayinevi.com.tr\/index.php\/wp-json\/wp\/v2\/product_brand?post=707133"},{"taxonomy":"product_cat","embeddable":true,"href":"https:\/\/roveyayinevi.com.tr\/index.php\/wp-json\/wp\/v2\/product_cat?post=707133"},{"taxonomy":"product_tag","embeddable":true,"href":"https:\/\/roveyayinevi.com.tr\/index.php\/wp-json\/wp\/v2\/product_tag?post=707133"}],"curies":[{"name":"wp","href":"https:\/\/api.w.org\/{rel}","templated":true}]}}