{"id":707131,"date":"2025-08-27T16:02:35","date_gmt":"2025-08-27T13:02:35","guid":{"rendered":"https:\/\/roveyayinevi.com.tr\/index.php\/urun\/ailede-grev-var\/"},"modified":"2026-04-16T02:15:44","modified_gmt":"2026-04-15T23:15:44","slug":"ailede-grev-var","status":"publish","type":"product","link":"https:\/\/roveyayinevi.com.tr\/index.php\/urun\/ailede-grev-var\/","title":{"rendered":"Ailede Grev Var"},"content":{"rendered":"<p>Ailesi, i\u015fyerlerine yak\u0131n olabilmek i\u00e7in ta\u015f\u0131nma karar\u0131 al\u0131nca, Stella, arkada\u015flar\u0131n\u0131n ya\u015fad\u0131\u011f\u0131 mahalleden de, okuldan da ayr\u0131lmak zorunda kal\u0131r. Hayat\u0131 alt\u00fcst olmu\u015ftur. Ama ne b\u00fcy\u00fcl\u00fc asas\u0131 vard\u0131r, ne de ailesini engelleyebilecek kadar b\u00fcy\u00fcm\u00fc\u015ft\u00fcr. O da, evde greve gitmeye karar verir ve kucakla\u015fmalar\u0131, ileti\u015fimi keser. Arad\u0131\u011f\u0131 destek, bir ayakkab\u0131 koleksiyoncusu olan b\u00fcy\u00fckannesinden gelir. Giydi\u011fi her ayakkab\u0131 Stella\u2019n\u0131n bamba\u015fka ad\u0131mlar atmas\u0131n\u0131 sa\u011flarken, kulak misafiri oldu\u011fu baz\u0131 konu\u015fmalar akl\u0131n\u0131 kar\u0131\u015ft\u0131r\u0131r. \u00dcstelik, yeni okulunda tan\u0131\u015ft\u0131\u011f\u0131 arkada\u015flar\u0131ndan da beklenmedik \u015fekilde etkilenecektir\u2026 \ufffc<\/p>\n","protected":false},"excerpt":{"rendered":"<p>Ailesi, i\u015fyerlerine yak\u0131n olabilmek i\u00e7in ta\u015f\u0131nma karar\u0131 al\u0131nca, Stella, arkada\u015flar\u0131n\u0131n ya\u015fad\u0131\u011f\u0131 mahalleden de, okuldan da ayr\u0131lmak zorunda kal\u0131r. Hayat\u0131 alt\u00fcst olmu\u015ftur. Ama ne b\u00fcy\u00fcl\u00fc asas\u0131 vard\u0131r,<span class=\"excerpt-hellip\"> [\u2026]<\/span><\/p>\n","protected":false},"featured_media":0,"template":"","meta":{"_monsterinsights_skip_tracking":false,"_monsterinsights_sitenote_active":false,"_monsterinsights_sitenote_note":"","_monsterinsights_sitenote_category":0},"product_brand":[],"product_cat":[12275,12274],"product_tag":[],"class_list":{"0":"post-707131","1":"product","2":"type-product","3":"status-publish","5":"product_cat-6-12-yas-kitaplari","6":"product_cat-cocuk-ve-genclik-kitaplari","7":"pa_cilt-ciltsiz","8":"pa_tur-kitap","9":"pa_yayinevi-gunisigi-kitapligi","10":"pa_yazar-chiara-lossani","12":"first","13":"instock","14":"sale","15":"shipping-taxable","16":"purchasable","17":"product-type-simple"},"_links":{"self":[{"href":"https:\/\/roveyayinevi.com.tr\/index.php\/wp-json\/wp\/v2\/product\/707131","targetHints":{"allow":["GET"]}}],"collection":[{"href":"https:\/\/roveyayinevi.com.tr\/index.php\/wp-json\/wp\/v2\/product"}],"about":[{"href":"https:\/\/roveyayinevi.com.tr\/index.php\/wp-json\/wp\/v2\/types\/product"}],"wp:attachment":[{"href":"https:\/\/roveyayinevi.com.tr\/index.php\/wp-json\/wp\/v2\/media?parent=707131"}],"wp:term":[{"taxonomy":"product_brand","embeddable":true,"href":"https:\/\/roveyayinevi.com.tr\/index.php\/wp-json\/wp\/v2\/product_brand?post=707131"},{"taxonomy":"product_cat","embeddable":true,"href":"https:\/\/roveyayinevi.com.tr\/index.php\/wp-json\/wp\/v2\/product_cat?post=707131"},{"taxonomy":"product_tag","embeddable":true,"href":"https:\/\/roveyayinevi.com.tr\/index.php\/wp-json\/wp\/v2\/product_tag?post=707131"}],"curies":[{"name":"wp","href":"https:\/\/api.w.org\/{rel}","templated":true}]}}