{"id":707124,"date":"2025-08-27T16:02:32","date_gmt":"2025-08-27T13:02:32","guid":{"rendered":"https:\/\/roveyayinevi.com.tr\/index.php\/urun\/selcuklunun-kilici-sultan-kilicaslan\/"},"modified":"2026-04-16T02:15:44","modified_gmt":"2026-04-15T23:15:44","slug":"selcuklunun-kilici-sultan-kilicaslan","status":"publish","type":"product","link":"https:\/\/roveyayinevi.com.tr\/index.php\/urun\/selcuklunun-kilici-sultan-kilicaslan\/","title":{"rendered":"Sel\u00e7uklu\u2019nun K\u0131l\u0131c\u0131 Sultan K\u0131l\u0131\u00e7aslan"},"content":{"rendered":"<p>&#8220;En \u00f6nde bir yi\u011fit s\u00fcvari, bir usta sava\u015f\u00e7\u0131 vard\u0131 ki, k\u0131l\u0131c\u0131n\u0131n havaya her kalk\u0131\u015f\u0131nda bir d\u00fc\u015fman askeri yere d\u00fc\u015f\u00fcyordu. Verdi\u011fi emirlerden bu yi\u011fit s\u00fcvarinin ba\u015fkomutan oldu\u011funu Ha\u00e7l\u0131lar da anlam\u0131\u015ft\u0131. Ve onlar da biliyordu ki, T\u00fcrk ordular\u0131n\u0131n sava\u015f meydanlar\u0131ndaki ba\u015fkomutan\u0131, sultan\u0131n bizzat kendisidir.&#8221;Tarih merakl\u0131lar\u0131, kitap sevdal\u0131lar\u0131&#8230; Sizleri, T\u00fcrk&#8217;\u00fcn \u015fanl\u0131 tarihinde heyecanl\u0131 bir gezintiye davet ediyoruz. Bu davete kat\u0131lmakla, T\u00fcrk tarihinin en b\u00fcy\u00fck kahramanlar\u0131ndan biriyle tan\u0131\u015facaks\u0131n\u0131z. Bu roman\u0131 okudu\u011funuzda Sultan K\u0131l\u0131\u00e7aslan&#8217;\u0131n, Ha\u00e7l\u0131lara kar\u015f\u0131 verdi\u011fi sava\u015fta nas\u0131l destanla\u015ft\u0131\u011f\u0131n\u0131 g\u00f6receksiniz. Haydi, bu destans\u0131 yolculu\u011fa var m\u0131s\u0131n\u0131z?<\/p>\n","protected":false},"excerpt":{"rendered":"<p>&#8220;En \u00f6nde bir yi\u011fit s\u00fcvari, bir usta sava\u015f\u00e7\u0131 vard\u0131 ki, k\u0131l\u0131c\u0131n\u0131n havaya her kalk\u0131\u015f\u0131nda bir d\u00fc\u015fman askeri yere d\u00fc\u015f\u00fcyordu. Verdi\u011fi emirlerden bu yi\u011fit s\u00fcvarinin ba\u015fkomutan oldu\u011funu<span class=\"excerpt-hellip\"> [\u2026]<\/span><\/p>\n","protected":false},"featured_media":0,"template":"","meta":{"_monsterinsights_skip_tracking":false,"_monsterinsights_sitenote_active":false,"_monsterinsights_sitenote_note":"","_monsterinsights_sitenote_category":0},"product_brand":[],"product_cat":[12275,12274],"product_tag":[],"class_list":{"0":"post-707124","1":"product","2":"type-product","3":"status-publish","5":"product_cat-6-12-yas-kitaplari","6":"product_cat-cocuk-ve-genclik-kitaplari","7":"pa_cilt-ciltli","8":"pa_tur-kitap","9":"pa_yayinevi-genc-hayat","10":"pa_yazar-ibrahim-unsal","12":"first","13":"instock","14":"sale","15":"shipping-taxable","16":"purchasable","17":"product-type-simple"},"_links":{"self":[{"href":"https:\/\/roveyayinevi.com.tr\/index.php\/wp-json\/wp\/v2\/product\/707124","targetHints":{"allow":["GET"]}}],"collection":[{"href":"https:\/\/roveyayinevi.com.tr\/index.php\/wp-json\/wp\/v2\/product"}],"about":[{"href":"https:\/\/roveyayinevi.com.tr\/index.php\/wp-json\/wp\/v2\/types\/product"}],"wp:attachment":[{"href":"https:\/\/roveyayinevi.com.tr\/index.php\/wp-json\/wp\/v2\/media?parent=707124"}],"wp:term":[{"taxonomy":"product_brand","embeddable":true,"href":"https:\/\/roveyayinevi.com.tr\/index.php\/wp-json\/wp\/v2\/product_brand?post=707124"},{"taxonomy":"product_cat","embeddable":true,"href":"https:\/\/roveyayinevi.com.tr\/index.php\/wp-json\/wp\/v2\/product_cat?post=707124"},{"taxonomy":"product_tag","embeddable":true,"href":"https:\/\/roveyayinevi.com.tr\/index.php\/wp-json\/wp\/v2\/product_tag?post=707124"}],"curies":[{"name":"wp","href":"https:\/\/api.w.org\/{rel}","templated":true}]}}