{"id":707123,"date":"2025-08-27T16:02:32","date_gmt":"2025-08-27T13:02:32","guid":{"rendered":"https:\/\/roveyayinevi.com.tr\/index.php\/urun\/gazi-kadin-fatma-tegmen\/"},"modified":"2026-04-16T02:15:44","modified_gmt":"2026-04-15T23:15:44","slug":"gazi-kadin-fatma-tegmen","status":"publish","type":"product","link":"https:\/\/roveyayinevi.com.tr\/index.php\/urun\/gazi-kadin-fatma-tegmen\/","title":{"rendered":"Gazi Kad\u0131n Fatma Te\u011fmen"},"content":{"rendered":"<p>Fatma Seher, hen\u00fcz bir gen\u00e7 kad\u0131n iken ailesini ve yuvas\u0131n\u0131 arkada b\u0131rak\u0131p her t\u00fcrl\u00fc mahrumiyet ve fedak\u00e2rl\u0131\u011f\u0131 g\u00f6ze alarak vatan\u0131 kurtarmaya ko\u015fuyor. Bu yi\u011fit T\u00fcrk kad\u0131n\u0131, g\u00f6n\u00fcll\u00fc olarak kat\u0131ld\u0131\u011f\u0131 \u00f6l\u00fcm kal\u0131m sava\u015f\u0131m\u0131zda erkek silah arkada\u015flar\u0131n\u0131 imrendirecek ve onlar\u0131 co\u015fturacak \u015fekilde sava\u015f\u0131yor.Sava\u015ftan sonra Fatma Te\u011fmen, her gitti\u011fi yerde bir kahraman olarak selamlan\u0131yor; bol bol takdir ve alk\u0131\u015f topluyor. Fakat hepsi bu kadar\u2026 Aradan zaman ge\u00e7iyor. \u0130stikl\u00e2l Sava\u015f\u0131m\u0131z\u0131n adl\u0131 ads\u0131z bir\u00e7ok kahraman\u0131 gibi o da unutulup gidiyor.Bu g\u00fczel vatanda ya\u015fama imk\u00e2n\u0131n\u0131 bor\u00e7lu oldu\u011fumuz \u2018Bizim Kahramanlar\u0131m\u0131z\u2019dan birini, Gazi Kad\u0131n Fatma Te\u011fmen\u2019i mutlaka tan\u0131mak istersiniz. Onu tan\u0131yarak, onun \u015fahs\u0131nda vatan m\u00fcdafas\u0131nda \u015fehit olan kahramanlar\u0131m\u0131za kar\u015f\u0131 i\u015flenen vefas\u0131zl\u0131k su\u00e7unun kendi pay\u0131n\u0131za d\u00fc\u015feninden bir nebze olsun kurtulmu\u015f olursunuz.O halde ba\u015ftan sona heyecanla dolu bu roman\u0131 mutlaka okumal\u0131s\u0131n\u0131z. Sizleri, Kurtulu\u015f Sava\u015f\u0131m\u0131z\u0131n Kahraman\u0131 Fatma Te\u011fmen ile tan\u0131\u015fmaya davet ediyoruz.<\/p>\n","protected":false},"excerpt":{"rendered":"<p>Fatma Seher, hen\u00fcz bir gen\u00e7 kad\u0131n iken ailesini ve yuvas\u0131n\u0131 arkada b\u0131rak\u0131p her t\u00fcrl\u00fc mahrumiyet ve fedak\u00e2rl\u0131\u011f\u0131 g\u00f6ze alarak vatan\u0131 kurtarmaya ko\u015fuyor. Bu yi\u011fit T\u00fcrk kad\u0131n\u0131,<span class=\"excerpt-hellip\"> [\u2026]<\/span><\/p>\n","protected":false},"featured_media":0,"template":"","meta":{"_monsterinsights_skip_tracking":false,"_monsterinsights_sitenote_active":false,"_monsterinsights_sitenote_note":"","_monsterinsights_sitenote_category":0},"product_brand":[],"product_cat":[12275,12274],"product_tag":[],"class_list":{"0":"post-707123","1":"product","2":"type-product","3":"status-publish","5":"product_cat-6-12-yas-kitaplari","6":"product_cat-cocuk-ve-genclik-kitaplari","7":"pa_cilt-ciltli","8":"pa_tur-kitap","9":"pa_yayinevi-genc-hayat","10":"pa_yazar-ibrahim-unsal","12":"first","13":"instock","14":"sale","15":"shipping-taxable","16":"purchasable","17":"product-type-simple"},"_links":{"self":[{"href":"https:\/\/roveyayinevi.com.tr\/index.php\/wp-json\/wp\/v2\/product\/707123","targetHints":{"allow":["GET"]}}],"collection":[{"href":"https:\/\/roveyayinevi.com.tr\/index.php\/wp-json\/wp\/v2\/product"}],"about":[{"href":"https:\/\/roveyayinevi.com.tr\/index.php\/wp-json\/wp\/v2\/types\/product"}],"wp:attachment":[{"href":"https:\/\/roveyayinevi.com.tr\/index.php\/wp-json\/wp\/v2\/media?parent=707123"}],"wp:term":[{"taxonomy":"product_brand","embeddable":true,"href":"https:\/\/roveyayinevi.com.tr\/index.php\/wp-json\/wp\/v2\/product_brand?post=707123"},{"taxonomy":"product_cat","embeddable":true,"href":"https:\/\/roveyayinevi.com.tr\/index.php\/wp-json\/wp\/v2\/product_cat?post=707123"},{"taxonomy":"product_tag","embeddable":true,"href":"https:\/\/roveyayinevi.com.tr\/index.php\/wp-json\/wp\/v2\/product_tag?post=707123"}],"curies":[{"name":"wp","href":"https:\/\/api.w.org\/{rel}","templated":true}]}}