{"id":707122,"date":"2025-08-27T16:02:31","date_gmt":"2025-08-27T13:02:31","guid":{"rendered":"https:\/\/roveyayinevi.com.tr\/index.php\/urun\/konaktakiler\/"},"modified":"2026-04-16T02:15:44","modified_gmt":"2026-04-15T23:15:44","slug":"konaktakiler","status":"publish","type":"product","link":"https:\/\/roveyayinevi.com.tr\/index.php\/urun\/konaktakiler\/","title":{"rendered":"Konaktakiler"},"content":{"rendered":"<p>G\u00fclperi, \u00c7\u0131nar ve Poyraz\u2019dan olu\u015fan \u00dc\u00e7 Kat Tat \u00c7etesi\u2019nin en sevdi\u011fi e\u011flence, mahalledeki \u201cperili k\u00f6\u015fk\u201d\u00fcn bah\u00e7esinde oynamak, y\u0131k\u0131k d\u00f6k\u00fck odalar\u0131nda dola\u015fmakt\u0131r. Terk edilmi\u015f, harap durumdaki evden sesler geldi\u011fi uyar\u0131lar\u0131na ald\u0131rmayan kafadarlar, g\u00fcn\u00fcn birinde evde oynarken hi\u00e7 ummad\u0131klar\u0131 bir sahneyle kar\u015f\u0131la\u015f\u0131r. Ayn\u0131 anda umut da, perili k\u00f6\u015fk\u00fcn e\u015fi\u011finden giriverir. Ancak, \u00fc\u00e7 arkada\u015f bu kederli evin ve i\u00e7indekilerin y\u00fcz\u00fcn\u00fc g\u00fcld\u00fcrebilecek midir?.. <\/p>\n","protected":false},"excerpt":{"rendered":"<p>G\u00fclperi, \u00c7\u0131nar ve Poyraz\u2019dan olu\u015fan \u00dc\u00e7 Kat Tat \u00c7etesi\u2019nin en sevdi\u011fi e\u011flence, mahalledeki \u201cperili k\u00f6\u015fk\u201d\u00fcn bah\u00e7esinde oynamak, y\u0131k\u0131k d\u00f6k\u00fck odalar\u0131nda dola\u015fmakt\u0131r. Terk edilmi\u015f, harap durumdaki evden<span class=\"excerpt-hellip\"> [\u2026]<\/span><\/p>\n","protected":false},"featured_media":0,"template":"","meta":{"_monsterinsights_skip_tracking":false,"_monsterinsights_sitenote_active":false,"_monsterinsights_sitenote_note":"","_monsterinsights_sitenote_category":0},"product_brand":[],"product_cat":[12275,12274],"product_tag":[],"class_list":{"0":"post-707122","1":"product","2":"type-product","3":"status-publish","5":"product_cat-6-12-yas-kitaplari","6":"product_cat-cocuk-ve-genclik-kitaplari","7":"pa_cilt-ciltsiz","8":"pa_tur-kitap","9":"pa_yayinevi-gunisigi-kitapligi","10":"pa_yazar-karin-karakasli","12":"first","13":"instock","14":"sale","15":"shipping-taxable","16":"purchasable","17":"product-type-simple"},"_links":{"self":[{"href":"https:\/\/roveyayinevi.com.tr\/index.php\/wp-json\/wp\/v2\/product\/707122","targetHints":{"allow":["GET"]}}],"collection":[{"href":"https:\/\/roveyayinevi.com.tr\/index.php\/wp-json\/wp\/v2\/product"}],"about":[{"href":"https:\/\/roveyayinevi.com.tr\/index.php\/wp-json\/wp\/v2\/types\/product"}],"wp:attachment":[{"href":"https:\/\/roveyayinevi.com.tr\/index.php\/wp-json\/wp\/v2\/media?parent=707122"}],"wp:term":[{"taxonomy":"product_brand","embeddable":true,"href":"https:\/\/roveyayinevi.com.tr\/index.php\/wp-json\/wp\/v2\/product_brand?post=707122"},{"taxonomy":"product_cat","embeddable":true,"href":"https:\/\/roveyayinevi.com.tr\/index.php\/wp-json\/wp\/v2\/product_cat?post=707122"},{"taxonomy":"product_tag","embeddable":true,"href":"https:\/\/roveyayinevi.com.tr\/index.php\/wp-json\/wp\/v2\/product_tag?post=707122"}],"curies":[{"name":"wp","href":"https:\/\/api.w.org\/{rel}","templated":true}]}}