{"id":707121,"date":"2025-08-27T16:02:31","date_gmt":"2025-08-27T13:02:31","guid":{"rendered":"https:\/\/roveyayinevi.com.tr\/index.php\/urun\/yemen-cephesi-col-sancisi\/"},"modified":"2026-04-16T02:15:44","modified_gmt":"2026-04-15T23:15:44","slug":"yemen-cephesi-col-sancisi","status":"publish","type":"product","link":"https:\/\/roveyayinevi.com.tr\/index.php\/urun\/yemen-cephesi-col-sancisi\/","title":{"rendered":"Yemen Cephesi: \u00c7\u00f6l Sanc\u0131s\u0131"},"content":{"rendered":"<p>Halk T\u00fcrk\u00fclerine konu olan Yemen Cephesi&#8217;ni okurken o g\u00fcnleri tekrar ya\u015fayacaks\u0131n\u0131z.. Yemen&#8217;de hainler isyana durmu\u015f, Her \u00e7al\u0131 dibinde bir pusu kurmu\u015f, Gelip Osmanl\u0131&#8217;y\u0131 ard\u0131ndan vurmu\u015f , Anadolu nere Yemen neresi, Kan akar Yemen&#8217;in \u00e7ay\u0131 deresi! Yemen neresidir? Yemen u\u011fruna ni\u00e7in onca \u015fehit verildi? T\u00fcrk ordusu, Yemen&#8217;de kimlere kar\u015f\u0131, nas\u0131l sava\u015ft\u0131? Birinci D\u00fcnya Sava\u015f\u0131&#8217;nda Yemen cephesi, neden \u00e7ok \u00f6nemliydi? Yemen&#8217;de askerlerimiz, d\u00fc\u015fmanlardan ba\u015fka hangi zorluklarla bo\u011fu\u015ftu? Cepheden Cepheye serisinden Yemen Cephesi adl\u0131 bu romanda, Te\u011fmen \u0130smail Avni ve Sani \u00c7avu\u015f&#8217;un s\u00fcr\u00fckleyici ser\u00fcvenleri ile birlikte yukar\u0131daki sorular\u0131n cevaplar\u0131n\u0131 da bulacaks\u0131n\u0131z. Sizleri, askerlerimizin kahramanca \u015fava\u015ft\u0131\u011f\u0131, halk t\u00fcrk\u00fclerine konu olan Yemen Cephesi&#8217;nde o g\u00fcnleri ya\u015famaya davet ediyoruz. <\/p>\n","protected":false},"excerpt":{"rendered":"<p>Halk T\u00fcrk\u00fclerine konu olan Yemen Cephesi&#8217;ni okurken o g\u00fcnleri tekrar ya\u015fayacaks\u0131n\u0131z.. Yemen&#8217;de hainler isyana durmu\u015f, Her \u00e7al\u0131 dibinde bir pusu kurmu\u015f, Gelip Osmanl\u0131&#8217;y\u0131 ard\u0131ndan vurmu\u015f ,<span class=\"excerpt-hellip\"> [\u2026]<\/span><\/p>\n","protected":false},"featured_media":0,"template":"","meta":{"_monsterinsights_skip_tracking":false,"_monsterinsights_sitenote_active":false,"_monsterinsights_sitenote_note":"","_monsterinsights_sitenote_category":0},"product_brand":[],"product_cat":[12291,12745],"product_tag":[],"class_list":{"0":"post-707121","1":"product","2":"type-product","3":"status-publish","5":"product_cat-edebiyat","6":"product_cat-tarihi-roman","7":"pa_cilt-ciltli","8":"pa_tur-kitap","9":"pa_yayinevi-genc-hayat","10":"pa_yazar-ibrahim-unsal","12":"first","13":"instock","14":"sale","15":"shipping-taxable","16":"purchasable","17":"product-type-simple"},"_links":{"self":[{"href":"https:\/\/roveyayinevi.com.tr\/index.php\/wp-json\/wp\/v2\/product\/707121","targetHints":{"allow":["GET"]}}],"collection":[{"href":"https:\/\/roveyayinevi.com.tr\/index.php\/wp-json\/wp\/v2\/product"}],"about":[{"href":"https:\/\/roveyayinevi.com.tr\/index.php\/wp-json\/wp\/v2\/types\/product"}],"wp:attachment":[{"href":"https:\/\/roveyayinevi.com.tr\/index.php\/wp-json\/wp\/v2\/media?parent=707121"}],"wp:term":[{"taxonomy":"product_brand","embeddable":true,"href":"https:\/\/roveyayinevi.com.tr\/index.php\/wp-json\/wp\/v2\/product_brand?post=707121"},{"taxonomy":"product_cat","embeddable":true,"href":"https:\/\/roveyayinevi.com.tr\/index.php\/wp-json\/wp\/v2\/product_cat?post=707121"},{"taxonomy":"product_tag","embeddable":true,"href":"https:\/\/roveyayinevi.com.tr\/index.php\/wp-json\/wp\/v2\/product_tag?post=707121"}],"curies":[{"name":"wp","href":"https:\/\/api.w.org\/{rel}","templated":true}]}}