{"id":707120,"date":"2025-08-27T16:02:30","date_gmt":"2025-08-27T13:02:30","guid":{"rendered":"https:\/\/roveyayinevi.com.tr\/index.php\/urun\/altin-kentin-izinde-macera-gecidi-10\/"},"modified":"2026-04-16T02:15:44","modified_gmt":"2026-04-15T23:15:44","slug":"altin-kentin-izinde-macera-gecidi-10","status":"publish","type":"product","link":"https:\/\/roveyayinevi.com.tr\/index.php\/urun\/altin-kentin-izinde-macera-gecidi-10\/","title":{"rendered":"Alt\u0131n Kent&#8217;in \u0130zinde &#8211; Macera Ge\u00e7idi 10"},"content":{"rendered":"<p>Bu macerada gen\u00e7 bir arkeologsunuz. Yolunuz, ya\u015fl\u0131 bir turist rehberi ve torunuyla kesi\u015fince, kendinizi soluk kesici bir maceran\u0131n i\u00e7inde buluyorsunuz. Onlarla birlikte, her dokundu\u011funu alt\u0131na \u00e7eviren Kral Midas\u2019\u0131n efsanev\u00ee alt\u0131n kentine ula\u015fmaya \u00e7al\u0131\u015f\u0131yorsunuz. Ancak ac\u0131mas\u0131z bir \u00e7ete de, sizin pe\u015finizde&#8230; Bakal\u0131m onlardan kurtulmay\u0131 ve Alt\u0131n Kent&#8217;e ula\u015fmay\u0131 ba\u015farabilecek misiniz? Bu kitapta tam 13 farkl\u0131 son var&#8230; Kimi iyi, kimi k\u00f6t\u00fc&#8230; Roman\u0131n sonunda Alt\u0131n Kent\u2019e ula\u015fman\u0131z; ya\u015fam\u0131 filmlere konu olan ba\u015far\u0131l\u0131, \u00fcnl\u00fc ve zengin biri olman\u0131z m\u00fcmk\u00fcn&#8230; Yer alt\u0131n\u0131n derinliklerinde ya\u015fam\u0131n\u0131zdan olman\u0131z da&#8230; B\u00fct\u00fcn bunlar\u0131, roman\u0131 okurken verece\u011finiz kararlar belirleyecek. <\/p>\n","protected":false},"excerpt":{"rendered":"<p>Bu macerada gen\u00e7 bir arkeologsunuz. Yolunuz, ya\u015fl\u0131 bir turist rehberi ve torunuyla kesi\u015fince, kendinizi soluk kesici bir maceran\u0131n i\u00e7inde buluyorsunuz. Onlarla birlikte, her dokundu\u011funu alt\u0131na \u00e7eviren<span class=\"excerpt-hellip\"> [\u2026]<\/span><\/p>\n","protected":false},"featured_media":0,"template":"","meta":{"_monsterinsights_skip_tracking":false,"_monsterinsights_sitenote_active":false,"_monsterinsights_sitenote_note":"","_monsterinsights_sitenote_category":0},"product_brand":[],"product_cat":[12275,12274],"product_tag":[],"class_list":{"0":"post-707120","1":"product","2":"type-product","3":"status-publish","5":"product_cat-6-12-yas-kitaplari","6":"product_cat-cocuk-ve-genclik-kitaplari","7":"pa_cilt-ciltli","8":"pa_tur-kitap","9":"pa_yayinevi-genc-hayat","10":"pa_yazar-tuncel-altinkopru","12":"first","13":"instock","14":"sale","15":"shipping-taxable","16":"purchasable","17":"product-type-simple"},"_links":{"self":[{"href":"https:\/\/roveyayinevi.com.tr\/index.php\/wp-json\/wp\/v2\/product\/707120","targetHints":{"allow":["GET"]}}],"collection":[{"href":"https:\/\/roveyayinevi.com.tr\/index.php\/wp-json\/wp\/v2\/product"}],"about":[{"href":"https:\/\/roveyayinevi.com.tr\/index.php\/wp-json\/wp\/v2\/types\/product"}],"wp:attachment":[{"href":"https:\/\/roveyayinevi.com.tr\/index.php\/wp-json\/wp\/v2\/media?parent=707120"}],"wp:term":[{"taxonomy":"product_brand","embeddable":true,"href":"https:\/\/roveyayinevi.com.tr\/index.php\/wp-json\/wp\/v2\/product_brand?post=707120"},{"taxonomy":"product_cat","embeddable":true,"href":"https:\/\/roveyayinevi.com.tr\/index.php\/wp-json\/wp\/v2\/product_cat?post=707120"},{"taxonomy":"product_tag","embeddable":true,"href":"https:\/\/roveyayinevi.com.tr\/index.php\/wp-json\/wp\/v2\/product_tag?post=707120"}],"curies":[{"name":"wp","href":"https:\/\/api.w.org\/{rel}","templated":true}]}}