{"id":707117,"date":"2025-08-27T16:02:29","date_gmt":"2025-08-27T13:02:29","guid":{"rendered":"https:\/\/roveyayinevi.com.tr\/index.php\/urun\/isim-iletisim\/"},"modified":"2026-04-16T02:15:44","modified_gmt":"2026-04-15T23:15:44","slug":"isim-iletisim","status":"publish","type":"product","link":"https:\/\/roveyayinevi.com.tr\/index.php\/urun\/isim-iletisim\/","title":{"rendered":"\u0130\u015fim \u0130leti\u015fim"},"content":{"rendered":"<p>\u0130\u00e7indekiler   \u0130leti\u015fim Hayat\u0131n Kendisi   \u0130leti\u015fimde Dijital Devrim   \u0130leti\u015fim ve \u0130nsan Kurumsal \u0130leti\u015fim   Giri\u015fimcilik ve \u0130leti\u015fim <\/p>\n","protected":false},"excerpt":{"rendered":"<p>\u0130\u00e7indekiler \u0130leti\u015fim Hayat\u0131n Kendisi \u0130leti\u015fimde Dijital Devrim \u0130leti\u015fim ve \u0130nsan Kurumsal \u0130leti\u015fim Giri\u015fimcilik ve \u0130leti\u015fim<\/p>\n","protected":false},"featured_media":0,"template":"","meta":{"_monsterinsights_skip_tracking":false,"_monsterinsights_sitenote_active":false,"_monsterinsights_sitenote_note":"","_monsterinsights_sitenote_category":0},"product_brand":[],"product_cat":[15983,13488],"product_tag":[],"class_list":{"0":"post-707117","1":"product","2":"type-product","3":"status-publish","5":"product_cat-iletisim-ve-medya","6":"product_cat-toplum-ve-insan","7":"pa_cilt-ciltsiz","8":"pa_tur-kitap","9":"pa_yayinevi-gazi-kitabevi","10":"pa_yazar-senem-kilic","12":"first","13":"instock","14":"sale","15":"shipping-taxable","16":"purchasable","17":"product-type-simple"},"_links":{"self":[{"href":"https:\/\/roveyayinevi.com.tr\/index.php\/wp-json\/wp\/v2\/product\/707117","targetHints":{"allow":["GET"]}}],"collection":[{"href":"https:\/\/roveyayinevi.com.tr\/index.php\/wp-json\/wp\/v2\/product"}],"about":[{"href":"https:\/\/roveyayinevi.com.tr\/index.php\/wp-json\/wp\/v2\/types\/product"}],"wp:attachment":[{"href":"https:\/\/roveyayinevi.com.tr\/index.php\/wp-json\/wp\/v2\/media?parent=707117"}],"wp:term":[{"taxonomy":"product_brand","embeddable":true,"href":"https:\/\/roveyayinevi.com.tr\/index.php\/wp-json\/wp\/v2\/product_brand?post=707117"},{"taxonomy":"product_cat","embeddable":true,"href":"https:\/\/roveyayinevi.com.tr\/index.php\/wp-json\/wp\/v2\/product_cat?post=707117"},{"taxonomy":"product_tag","embeddable":true,"href":"https:\/\/roveyayinevi.com.tr\/index.php\/wp-json\/wp\/v2\/product_tag?post=707117"}],"curies":[{"name":"wp","href":"https:\/\/api.w.org\/{rel}","templated":true}]}}