{"id":707115,"date":"2025-08-27T16:02:28","date_gmt":"2025-08-27T13:02:28","guid":{"rendered":"https:\/\/roveyayinevi.com.tr\/index.php\/urun\/akaryakit-uzerinden-alinan-vergilere-karsi-mukelleflerin-tepkileri\/"},"modified":"2025-11-22T03:57:14","modified_gmt":"2025-11-22T00:57:14","slug":"akaryakit-uzerinden-alinan-vergilere-karsi-mukelleflerin-tepkileri","status":"publish","type":"product","link":"https:\/\/roveyayinevi.com.tr\/index.php\/urun\/akaryakit-uzerinden-alinan-vergilere-karsi-mukelleflerin-tepkileri\/","title":{"rendered":"Akaryak\u0131t \u00dczerinden Al\u0131nan Vergilere Kar\u015f\u0131 M\u00fckelleflerin Tepkileri"},"content":{"rendered":"<p>Akaryak\u0131t \u00dczerinden Al\u0131nanVergi Ve Benzeri Mali Y\u00fck\u00fcml\u00fcl\u00fckler T\u00fcrkiye&#8217;de ve D\u00fcnyada Akaryak\u0131t \u00dczerinden Al\u0131nan Vergilere M\u00fckellefin Tepkileri Akaryak\u0131t Fiyat\u0131 Ve Vergiler Kar\u015f\u0131s\u0131nda M\u00fckellef Nas\u0131l Davran\u0131yor? <\/p>\n","protected":false},"excerpt":{"rendered":"<p>Akaryak\u0131t \u00dczerinden Al\u0131nanVergi Ve Benzeri Mali Y\u00fck\u00fcml\u00fcl\u00fckler T\u00fcrkiye&#8217;de ve D\u00fcnyada Akaryak\u0131t \u00dczerinden Al\u0131nan Vergilere M\u00fckellefin Tepkileri Akaryak\u0131t Fiyat\u0131 Ve Vergiler Kar\u015f\u0131s\u0131nda M\u00fckellef Nas\u0131l Davran\u0131yor?<\/p>\n","protected":false},"featured_media":0,"template":"","meta":{"_monsterinsights_skip_tracking":false,"_monsterinsights_sitenote_active":false,"_monsterinsights_sitenote_note":"","_monsterinsights_sitenote_category":0},"product_brand":[],"product_cat":[12573,12566],"product_tag":[],"class_list":{"0":"post-707115","1":"product","2":"type-product","3":"status-publish","5":"product_cat-akademik-kitaplar","6":"product_cat-egitim","7":"pa_cilt-ciltsiz","8":"pa_tur-kitap","9":"pa_yayinevi-gazi-kitabevi","10":"pa_yazar-hulya-kabakci-karadeniz","12":"first","13":"instock","14":"sale","15":"shipping-taxable","16":"purchasable","17":"product-type-simple"},"_links":{"self":[{"href":"https:\/\/roveyayinevi.com.tr\/index.php\/wp-json\/wp\/v2\/product\/707115","targetHints":{"allow":["GET"]}}],"collection":[{"href":"https:\/\/roveyayinevi.com.tr\/index.php\/wp-json\/wp\/v2\/product"}],"about":[{"href":"https:\/\/roveyayinevi.com.tr\/index.php\/wp-json\/wp\/v2\/types\/product"}],"wp:attachment":[{"href":"https:\/\/roveyayinevi.com.tr\/index.php\/wp-json\/wp\/v2\/media?parent=707115"}],"wp:term":[{"taxonomy":"product_brand","embeddable":true,"href":"https:\/\/roveyayinevi.com.tr\/index.php\/wp-json\/wp\/v2\/product_brand?post=707115"},{"taxonomy":"product_cat","embeddable":true,"href":"https:\/\/roveyayinevi.com.tr\/index.php\/wp-json\/wp\/v2\/product_cat?post=707115"},{"taxonomy":"product_tag","embeddable":true,"href":"https:\/\/roveyayinevi.com.tr\/index.php\/wp-json\/wp\/v2\/product_tag?post=707115"}],"curies":[{"name":"wp","href":"https:\/\/api.w.org\/{rel}","templated":true}]}}