{"id":707113,"date":"2025-08-27T16:02:27","date_gmt":"2025-08-27T13:02:27","guid":{"rendered":"https:\/\/roveyayinevi.com.tr\/index.php\/urun\/laboratuvar-guvenligi\/"},"modified":"2026-04-16T02:15:43","modified_gmt":"2026-04-15T23:15:43","slug":"laboratuvar-guvenligi","status":"publish","type":"product","link":"https:\/\/roveyayinevi.com.tr\/index.php\/urun\/laboratuvar-guvenligi\/","title":{"rendered":"Laboratuvar G\u00fcvenli\u011fi"},"content":{"rendered":"<p>\u0130\u00e7indekiler   1-      G\u00fcvenli \u00c7al\u0131\u015fman\u0131n \u00d6nemi 2-      Laboratuvar \u00c7al\u0131\u015fmalar\u0131na Ba\u015flamadan \u00d6nce Yap\u0131lacak \u0130\u015flemler 3-      Kimyasal Madde Ortam\u0131 4-      Cihazlar ve Malzemeler 5-      Malzemelerin Temizlenmesi ve At\u0131k Maddelere Uygulanan \u0130\u015flemler 6-      Yang\u0131n ve Patlama Tehlikeleri 7-      Elektrikli Cihazlarla \u00c7al\u0131\u015fma 8-      Radyoaktif Madde ve I\u015f\u0131nlarla \u00c7al\u0131\u015fma 9-      Sa\u011fl\u0131\u011fa Zarar Verebilen Tehlikeler 10-  Solunumla Gelebilecek Tehlikelerden Korunma 11-  Kazalarda  \u0130lk Yard\u0131m <\/p>\n","protected":false},"excerpt":{"rendered":"<p>\u0130\u00e7indekiler 1- G\u00fcvenli \u00c7al\u0131\u015fman\u0131n \u00d6nemi 2- Laboratuvar \u00c7al\u0131\u015fmalar\u0131na Ba\u015flamadan \u00d6nce Yap\u0131lacak \u0130\u015flemler 3- Kimyasal Madde Ortam\u0131 4- Cihazlar ve Malzemeler 5- Malzemelerin Temizlenmesi ve At\u0131k Maddelere<span class=\"excerpt-hellip\"> [\u2026]<\/span><\/p>\n","protected":false},"featured_media":0,"template":"","meta":{"_monsterinsights_skip_tracking":false,"_monsterinsights_sitenote_active":false,"_monsterinsights_sitenote_note":"","_monsterinsights_sitenote_category":0},"product_brand":[],"product_cat":[12573,12566],"product_tag":[],"class_list":{"0":"post-707113","1":"product","2":"type-product","3":"status-publish","5":"product_cat-akademik-kitaplar","6":"product_cat-egitim","7":"pa_cilt-ciltsiz","8":"pa_tur-kitap","9":"pa_yayinevi-gazi-kitabevi","10":"pa_yazar-muammer-canel","12":"first","13":"instock","14":"sale","15":"shipping-taxable","16":"purchasable","17":"product-type-simple"},"_links":{"self":[{"href":"https:\/\/roveyayinevi.com.tr\/index.php\/wp-json\/wp\/v2\/product\/707113","targetHints":{"allow":["GET"]}}],"collection":[{"href":"https:\/\/roveyayinevi.com.tr\/index.php\/wp-json\/wp\/v2\/product"}],"about":[{"href":"https:\/\/roveyayinevi.com.tr\/index.php\/wp-json\/wp\/v2\/types\/product"}],"wp:attachment":[{"href":"https:\/\/roveyayinevi.com.tr\/index.php\/wp-json\/wp\/v2\/media?parent=707113"}],"wp:term":[{"taxonomy":"product_brand","embeddable":true,"href":"https:\/\/roveyayinevi.com.tr\/index.php\/wp-json\/wp\/v2\/product_brand?post=707113"},{"taxonomy":"product_cat","embeddable":true,"href":"https:\/\/roveyayinevi.com.tr\/index.php\/wp-json\/wp\/v2\/product_cat?post=707113"},{"taxonomy":"product_tag","embeddable":true,"href":"https:\/\/roveyayinevi.com.tr\/index.php\/wp-json\/wp\/v2\/product_tag?post=707113"}],"curies":[{"name":"wp","href":"https:\/\/api.w.org\/{rel}","templated":true}]}}