{"id":707111,"date":"2025-08-27T16:02:26","date_gmt":"2025-08-27T13:02:26","guid":{"rendered":"https:\/\/roveyayinevi.com.tr\/index.php\/urun\/catidaki-gezegen\/"},"modified":"2026-04-13T02:19:42","modified_gmt":"2026-04-12T23:19:42","slug":"catidaki-gezegen","status":"publish","type":"product","link":"https:\/\/roveyayinevi.com.tr\/index.php\/urun\/catidaki-gezegen\/","title":{"rendered":"\u00c7at\u0131daki Gezegen"},"content":{"rendered":"<p>Evden okula bile yaln\u0131z gidemeyen Serdar, sokakta top ko\u015fturmay\u0131 da bilmeyen, s\u0131radan bir kentli \u00e7ocuktur. Ba\u015fka bir d\u00fcnyan\u0131n m\u00fcmk\u00fcn oldu\u011funu hayal bile etmemi\u015ftir. Ta ki, apartman arkada\u015f\u0131 Ceren\u2019in pe\u015fi s\u0131ra \u00e7at\u0131 kat\u0131na, bamba\u015fka bir \u201cgezegene\u201d \u00e7\u0131kana kadar. \u015eairler, hik\u00e2yeler, can\u0131 s\u0131k\u0131lan \u00e7ocuklar, hatta Don Ki\u015fot bile \u00e7at\u0131ya ka\u00e7m\u0131\u015ft\u0131r! \u00dcstelik, eski bir seyir defteri, yepyeni maceralar ve d\u00fc\u015f\u00fcnceler gizlemektedir\u2026 <\/p>\n","protected":false},"excerpt":{"rendered":"<p>Evden okula bile yaln\u0131z gidemeyen Serdar, sokakta top ko\u015fturmay\u0131 da bilmeyen, s\u0131radan bir kentli \u00e7ocuktur. Ba\u015fka bir d\u00fcnyan\u0131n m\u00fcmk\u00fcn oldu\u011funu hayal bile etmemi\u015ftir. Ta ki, apartman<span class=\"excerpt-hellip\"> [\u2026]<\/span><\/p>\n","protected":false},"featured_media":0,"template":"","meta":{"_monsterinsights_skip_tracking":false,"_monsterinsights_sitenote_active":false,"_monsterinsights_sitenote_note":"","_monsterinsights_sitenote_category":0},"product_brand":[],"product_cat":[12275,12274],"product_tag":[],"class_list":{"0":"post-707111","1":"product","2":"type-product","3":"status-publish","5":"product_cat-6-12-yas-kitaplari","6":"product_cat-cocuk-ve-genclik-kitaplari","7":"pa_cilt-ciltsiz","8":"pa_tur-kitap","9":"pa_yayinevi-gunisigi-kitapligi","10":"pa_yazar-behic-ak","12":"first","13":"instock","14":"sale","15":"shipping-taxable","16":"purchasable","17":"product-type-simple"},"_links":{"self":[{"href":"https:\/\/roveyayinevi.com.tr\/index.php\/wp-json\/wp\/v2\/product\/707111","targetHints":{"allow":["GET"]}}],"collection":[{"href":"https:\/\/roveyayinevi.com.tr\/index.php\/wp-json\/wp\/v2\/product"}],"about":[{"href":"https:\/\/roveyayinevi.com.tr\/index.php\/wp-json\/wp\/v2\/types\/product"}],"wp:attachment":[{"href":"https:\/\/roveyayinevi.com.tr\/index.php\/wp-json\/wp\/v2\/media?parent=707111"}],"wp:term":[{"taxonomy":"product_brand","embeddable":true,"href":"https:\/\/roveyayinevi.com.tr\/index.php\/wp-json\/wp\/v2\/product_brand?post=707111"},{"taxonomy":"product_cat","embeddable":true,"href":"https:\/\/roveyayinevi.com.tr\/index.php\/wp-json\/wp\/v2\/product_cat?post=707111"},{"taxonomy":"product_tag","embeddable":true,"href":"https:\/\/roveyayinevi.com.tr\/index.php\/wp-json\/wp\/v2\/product_tag?post=707111"}],"curies":[{"name":"wp","href":"https:\/\/api.w.org\/{rel}","templated":true}]}}