{"id":707110,"date":"2025-08-27T16:02:26","date_gmt":"2025-08-27T13:02:26","guid":{"rendered":"https:\/\/roveyayinevi.com.tr\/index.php\/urun\/devlet-i-aliyyenin-tasra-yonetimi\/"},"modified":"2026-04-16T02:15:43","modified_gmt":"2026-04-15T23:15:43","slug":"devlet-i-aliyyenin-tasra-yonetimi","status":"publish","type":"product","link":"https:\/\/roveyayinevi.com.tr\/index.php\/urun\/devlet-i-aliyyenin-tasra-yonetimi\/","title":{"rendered":"Devlet-i Aliyye&#8217;nin Ta\u015fra Y\u00f6netimi"},"content":{"rendered":"<p>\u0130\u00e7indekiler I.Devleti &#8216;Aliyye&#8217;de Ta\u015fradaki \u0130dari Yap\u0131lanma  II.Devleti &#8216;Aliyye&#8217;de Ta\u015fra Y\u00f6neticileri III.Devleti &#8216;Aliyye&#8217;nin Sancak Kanunn\u00e2meleri&#8217;nden \u00d6rnekler <\/p>\n","protected":false},"excerpt":{"rendered":"<p>\u0130\u00e7indekiler I.Devleti &#8216;Aliyye&#8217;de Ta\u015fradaki \u0130dari Yap\u0131lanma II.Devleti &#8216;Aliyye&#8217;de Ta\u015fra Y\u00f6neticileri III.Devleti &#8216;Aliyye&#8217;nin Sancak Kanunn\u00e2meleri&#8217;nden \u00d6rnekler<\/p>\n","protected":false},"featured_media":0,"template":"","meta":{"_monsterinsights_skip_tracking":false,"_monsterinsights_sitenote_active":false,"_monsterinsights_sitenote_note":"","_monsterinsights_sitenote_category":0},"product_brand":[],"product_cat":[12573,12566],"product_tag":[],"class_list":{"0":"post-707110","1":"product","2":"type-product","3":"status-publish","5":"product_cat-akademik-kitaplar","6":"product_cat-egitim","7":"pa_cilt-ciltsiz","8":"pa_tur-kitap","9":"pa_yayinevi-gazi-kitabevi","10":"pa_yazar-ismail-celik","12":"first","13":"instock","14":"sale","15":"shipping-taxable","16":"purchasable","17":"product-type-simple"},"_links":{"self":[{"href":"https:\/\/roveyayinevi.com.tr\/index.php\/wp-json\/wp\/v2\/product\/707110","targetHints":{"allow":["GET"]}}],"collection":[{"href":"https:\/\/roveyayinevi.com.tr\/index.php\/wp-json\/wp\/v2\/product"}],"about":[{"href":"https:\/\/roveyayinevi.com.tr\/index.php\/wp-json\/wp\/v2\/types\/product"}],"wp:attachment":[{"href":"https:\/\/roveyayinevi.com.tr\/index.php\/wp-json\/wp\/v2\/media?parent=707110"}],"wp:term":[{"taxonomy":"product_brand","embeddable":true,"href":"https:\/\/roveyayinevi.com.tr\/index.php\/wp-json\/wp\/v2\/product_brand?post=707110"},{"taxonomy":"product_cat","embeddable":true,"href":"https:\/\/roveyayinevi.com.tr\/index.php\/wp-json\/wp\/v2\/product_cat?post=707110"},{"taxonomy":"product_tag","embeddable":true,"href":"https:\/\/roveyayinevi.com.tr\/index.php\/wp-json\/wp\/v2\/product_tag?post=707110"}],"curies":[{"name":"wp","href":"https:\/\/api.w.org\/{rel}","templated":true}]}}