{"id":707109,"date":"2025-08-27T16:02:25","date_gmt":"2025-08-27T13:02:25","guid":{"rendered":"https:\/\/roveyayinevi.com.tr\/index.php\/urun\/abant-golu-tabiat-parkinda-cevre-tahribati\/"},"modified":"2026-04-16T02:15:43","modified_gmt":"2026-04-15T23:15:43","slug":"abant-golu-tabiat-parkinda-cevre-tahribati","status":"publish","type":"product","link":"https:\/\/roveyayinevi.com.tr\/index.php\/urun\/abant-golu-tabiat-parkinda-cevre-tahribati\/","title":{"rendered":"Abant G\u00f6l\u00fc Tabiat Park\u0131&#8217;nda \u00c7evre Tahribat\u0131"},"content":{"rendered":"<p>I.Abant G\u00f6l\u00fc Tabiat Park\u0131 Nitelikleri II.Abant G\u00f6l\u00fc Tabiat Park\u0131&#8217;nda Ekolojik Ya\u015fam III.Abant G\u00f6l\u00fc Tabiat Park\u0131&#8217;ndaki Uygulamalar ve Tepk <\/p>\n","protected":false},"excerpt":{"rendered":"<p>I.Abant G\u00f6l\u00fc Tabiat Park\u0131 Nitelikleri II.Abant G\u00f6l\u00fc Tabiat Park\u0131&#8217;nda Ekolojik Ya\u015fam III.Abant G\u00f6l\u00fc Tabiat Park\u0131&#8217;ndaki Uygulamalar ve Tepk<\/p>\n","protected":false},"featured_media":0,"template":"","meta":{"_monsterinsights_skip_tracking":false,"_monsterinsights_sitenote_active":false,"_monsterinsights_sitenote_note":"","_monsterinsights_sitenote_category":0},"product_brand":[],"product_cat":[12573,12566],"product_tag":[],"class_list":{"0":"post-707109","1":"product","2":"type-product","3":"status-publish","5":"product_cat-akademik-kitaplar","6":"product_cat-egitim","7":"pa_cilt-ciltsiz","8":"pa_tur-kitap","9":"pa_yayinevi-gazi-kitabevi","10":"pa_yazar-mehmet-tuncer","12":"first","13":"instock","14":"sale","15":"shipping-taxable","16":"purchasable","17":"product-type-simple"},"_links":{"self":[{"href":"https:\/\/roveyayinevi.com.tr\/index.php\/wp-json\/wp\/v2\/product\/707109","targetHints":{"allow":["GET"]}}],"collection":[{"href":"https:\/\/roveyayinevi.com.tr\/index.php\/wp-json\/wp\/v2\/product"}],"about":[{"href":"https:\/\/roveyayinevi.com.tr\/index.php\/wp-json\/wp\/v2\/types\/product"}],"wp:attachment":[{"href":"https:\/\/roveyayinevi.com.tr\/index.php\/wp-json\/wp\/v2\/media?parent=707109"}],"wp:term":[{"taxonomy":"product_brand","embeddable":true,"href":"https:\/\/roveyayinevi.com.tr\/index.php\/wp-json\/wp\/v2\/product_brand?post=707109"},{"taxonomy":"product_cat","embeddable":true,"href":"https:\/\/roveyayinevi.com.tr\/index.php\/wp-json\/wp\/v2\/product_cat?post=707109"},{"taxonomy":"product_tag","embeddable":true,"href":"https:\/\/roveyayinevi.com.tr\/index.php\/wp-json\/wp\/v2\/product_tag?post=707109"}],"curies":[{"name":"wp","href":"https:\/\/api.w.org\/{rel}","templated":true}]}}