{"id":707105,"date":"2025-08-27T16:02:24","date_gmt":"2025-08-27T13:02:24","guid":{"rendered":"https:\/\/roveyayinevi.com.tr\/index.php\/urun\/bagimsiz-denetcilerin-is-yuku-perfonmansi-ve-denetim-kalitesi\/"},"modified":"2026-04-16T02:15:43","modified_gmt":"2026-04-15T23:15:43","slug":"bagimsiz-denetcilerin-is-yuku-perfonmansi-ve-denetim-kalitesi","status":"publish","type":"product","link":"https:\/\/roveyayinevi.com.tr\/index.php\/urun\/bagimsiz-denetcilerin-is-yuku-perfonmansi-ve-denetim-kalitesi\/","title":{"rendered":"Ba\u011f\u0131ms\u0131z Denet\u00e7ilerin \u0130\u015f Y\u00fck\u00fc Perfonmans\u0131 ve Denetim Kalitesi"},"content":{"rendered":"<p>\u0130\u00e7indekiler1- \u0130\u015f Y\u00fck\u00fc ve \u0130\u015f performans\u0131 Kavramlar\u01312- Ba\u011f\u0131ms\u0131z Denetim ve ba\u011f\u0131ms\u0131z Denetim Kalitesi3- \u00c7al\u0131\u015fman\u0131n Metodolojisi <\/p>\n","protected":false},"excerpt":{"rendered":"<p>\u0130\u00e7indekiler1- \u0130\u015f Y\u00fck\u00fc ve \u0130\u015f performans\u0131 Kavramlar\u01312- Ba\u011f\u0131ms\u0131z Denetim ve ba\u011f\u0131ms\u0131z Denetim Kalitesi3- \u00c7al\u0131\u015fman\u0131n Metodolojisi<\/p>\n","protected":false},"featured_media":0,"template":"","meta":{"_monsterinsights_skip_tracking":false,"_monsterinsights_sitenote_active":false,"_monsterinsights_sitenote_note":"","_monsterinsights_sitenote_category":0},"product_brand":[],"product_cat":[12573,12566],"product_tag":[],"class_list":{"0":"post-707105","1":"product","2":"type-product","3":"status-publish","5":"product_cat-akademik-kitaplar","6":"product_cat-egitim","7":"pa_cilt-ciltsiz","8":"pa_tur-kitap","9":"pa_yayinevi-gazi-kitabevi","10":"pa_yazar-bilal-solak","12":"first","13":"instock","14":"sale","15":"shipping-taxable","16":"purchasable","17":"product-type-simple"},"_links":{"self":[{"href":"https:\/\/roveyayinevi.com.tr\/index.php\/wp-json\/wp\/v2\/product\/707105","targetHints":{"allow":["GET"]}}],"collection":[{"href":"https:\/\/roveyayinevi.com.tr\/index.php\/wp-json\/wp\/v2\/product"}],"about":[{"href":"https:\/\/roveyayinevi.com.tr\/index.php\/wp-json\/wp\/v2\/types\/product"}],"wp:attachment":[{"href":"https:\/\/roveyayinevi.com.tr\/index.php\/wp-json\/wp\/v2\/media?parent=707105"}],"wp:term":[{"taxonomy":"product_brand","embeddable":true,"href":"https:\/\/roveyayinevi.com.tr\/index.php\/wp-json\/wp\/v2\/product_brand?post=707105"},{"taxonomy":"product_cat","embeddable":true,"href":"https:\/\/roveyayinevi.com.tr\/index.php\/wp-json\/wp\/v2\/product_cat?post=707105"},{"taxonomy":"product_tag","embeddable":true,"href":"https:\/\/roveyayinevi.com.tr\/index.php\/wp-json\/wp\/v2\/product_tag?post=707105"}],"curies":[{"name":"wp","href":"https:\/\/api.w.org\/{rel}","templated":true}]}}