{"id":707104,"date":"2025-08-27T16:02:23","date_gmt":"2025-08-27T13:02:23","guid":{"rendered":"https:\/\/roveyayinevi.com.tr\/index.php\/urun\/dondurmam-tilsim\/"},"modified":"2026-04-16T02:15:43","modified_gmt":"2026-04-15T23:15:43","slug":"dondurmam-tilsim","status":"publish","type":"product","link":"https:\/\/roveyayinevi.com.tr\/index.php\/urun\/dondurmam-tilsim\/","title":{"rendered":"Dondurmam T\u0131ls\u0131m"},"content":{"rendered":"<p>Babas\u0131n\u0131 maden kazas\u0131nda yitirmi\u015f Seher, annesiyle birlikte Zerrin Hala\u2019s\u0131n\u0131n yan\u0131na s\u0131\u011f\u0131nm\u0131\u015f, hem ya\u015famlar\u0131n\u0131 hem de zeytin a\u011fa\u00e7lar\u0131n\u0131 korumaya \u00e7al\u0131\u015f\u0131r. \u00c7evredeki t\u00fcm zeytinlikleri yok etmeye kararl\u0131 Hulki Sungur yetmezmi\u015f gibi, havuz problemleri de Seher\u2019in can\u0131n\u0131 \u00e7ok s\u0131kmaktad\u0131r. En yak\u0131n arkada\u015f\u0131 Saniye ile birlikte yedikleri dondurman\u0131n tad\u0131, yepyeni ve beklenmedik olaylara neden olacakt\u0131r. Zerrin Hala ve Seher, ya\u015fam\u0131n \u201c\u00e7oktan se\u00e7meli\u201d sorular\u0131n\u0131 \u00e7\u00f6zebilecek midir?.. <\/p>\n","protected":false},"excerpt":{"rendered":"<p>Babas\u0131n\u0131 maden kazas\u0131nda yitirmi\u015f Seher, annesiyle birlikte Zerrin Hala\u2019s\u0131n\u0131n yan\u0131na s\u0131\u011f\u0131nm\u0131\u015f, hem ya\u015famlar\u0131n\u0131 hem de zeytin a\u011fa\u00e7lar\u0131n\u0131 korumaya \u00e7al\u0131\u015f\u0131r. \u00c7evredeki t\u00fcm zeytinlikleri yok etmeye kararl\u0131 Hulki<span class=\"excerpt-hellip\"> [\u2026]<\/span><\/p>\n","protected":false},"featured_media":0,"template":"","meta":{"_monsterinsights_skip_tracking":false,"_monsterinsights_sitenote_active":false,"_monsterinsights_sitenote_note":"","_monsterinsights_sitenote_category":0},"product_brand":[],"product_cat":[12275,12274],"product_tag":[],"class_list":{"0":"post-707104","1":"product","2":"type-product","3":"status-publish","5":"product_cat-6-12-yas-kitaplari","6":"product_cat-cocuk-ve-genclik-kitaplari","7":"pa_cilt-ciltsiz","8":"pa_tur-kitap","9":"pa_yayinevi-gunisigi-kitapligi","10":"pa_yazar-muge-iplikci","12":"first","13":"instock","14":"sale","15":"shipping-taxable","16":"purchasable","17":"product-type-simple"},"_links":{"self":[{"href":"https:\/\/roveyayinevi.com.tr\/index.php\/wp-json\/wp\/v2\/product\/707104","targetHints":{"allow":["GET"]}}],"collection":[{"href":"https:\/\/roveyayinevi.com.tr\/index.php\/wp-json\/wp\/v2\/product"}],"about":[{"href":"https:\/\/roveyayinevi.com.tr\/index.php\/wp-json\/wp\/v2\/types\/product"}],"wp:attachment":[{"href":"https:\/\/roveyayinevi.com.tr\/index.php\/wp-json\/wp\/v2\/media?parent=707104"}],"wp:term":[{"taxonomy":"product_brand","embeddable":true,"href":"https:\/\/roveyayinevi.com.tr\/index.php\/wp-json\/wp\/v2\/product_brand?post=707104"},{"taxonomy":"product_cat","embeddable":true,"href":"https:\/\/roveyayinevi.com.tr\/index.php\/wp-json\/wp\/v2\/product_cat?post=707104"},{"taxonomy":"product_tag","embeddable":true,"href":"https:\/\/roveyayinevi.com.tr\/index.php\/wp-json\/wp\/v2\/product_tag?post=707104"}],"curies":[{"name":"wp","href":"https:\/\/api.w.org\/{rel}","templated":true}]}}