{"id":707102,"date":"2025-08-27T16:02:22","date_gmt":"2025-08-27T13:02:22","guid":{"rendered":"https:\/\/roveyayinevi.com.tr\/index.php\/urun\/inhuman\/"},"modified":"2026-01-22T02:28:36","modified_gmt":"2026-01-21T23:28:36","slug":"inhuman","status":"publish","type":"product","link":"https:\/\/roveyayinevi.com.tr\/index.php\/urun\/inhuman\/","title":{"rendered":"Inhuman"},"content":{"rendered":"<p>D\u00fcnya\u2019n\u0131n \u00e7o\u011fu Black Bolt\u2019un, Infinity\u2019de olanlar s\u0131ras\u0131nda \u00f6ld\u00fc\u011f\u00fcn\u00fc san\u0131yor ama a\u011fz\u0131 s\u0131k\u0131 kral, herkesin sand\u0131\u011f\u0131ndan \u00e7ok daha ortal\u0131kta. Black Bolt ve Maximus, aylard\u0131r gizlice New Avengers\u2019\u0131n yapt\u0131klar\u0131na kat\u0131l\u0131yorlar ama bu, neden ortadan kaybolduklar\u0131n\u0131n esas sebebi de\u011fil. Boltagon karde\u015flerin ba\u015f\u0131 belada &#8212; ve bu durum, i\u00e7lerinden birisi i\u00e7in olduk\u00e7a k\u00f6t\u00fc \u015fekilde sona erecek! Bu s\u0131rada, Axis\u2019te olanlar y\u00fcz\u00fcnden Medusa\u2019n\u0131n ya\u015fad\u0131\u011f\u0131 de\u011fi\u015fim,  Attilan\u2019\u0131n h\u00fck\u00fcmdar\u0131n\u0131n bamba\u015fka birine d\u00f6n\u00fc\u015fmesine sebep olacak! Ennilux \u015eirketi nedir ve Inhumanlar\u0131n gelece\u011finde nas\u0131l bir rol\u00fc var? Attilan u\u00e7uruma s\u00fcr\u00fckleniyor&#8230; Peki ama taht\u0131na kim oturacak?<\/p>\n","protected":false},"excerpt":{"rendered":"<p>D\u00fcnya\u2019n\u0131n \u00e7o\u011fu Black Bolt\u2019un, Infinity\u2019de olanlar s\u0131ras\u0131nda \u00f6ld\u00fc\u011f\u00fcn\u00fc san\u0131yor ama a\u011fz\u0131 s\u0131k\u0131 kral, herkesin sand\u0131\u011f\u0131ndan \u00e7ok daha ortal\u0131kta. Black Bolt ve Maximus, aylard\u0131r gizlice New Avengers\u2019\u0131n<span class=\"excerpt-hellip\"> [\u2026]<\/span><\/p>\n","protected":false},"featured_media":0,"template":"","meta":{"_monsterinsights_skip_tracking":false,"_monsterinsights_sitenote_active":false,"_monsterinsights_sitenote_note":"","_monsterinsights_sitenote_category":0},"product_brand":[],"product_cat":[12416,12291],"product_tag":[],"class_list":{"0":"post-707102","1":"product","2":"type-product","3":"status-publish","5":"product_cat-cizgi-roman","6":"product_cat-edebiyat","7":"pa_cilt-ciltsiz","8":"pa_tur-kitap","9":"pa_yayinevi-gerekli-seyler-yayincilik","10":"pa_yazar-pepe-larraz","12":"first","13":"instock","14":"sale","15":"shipping-taxable","16":"purchasable","17":"product-type-simple"},"_links":{"self":[{"href":"https:\/\/roveyayinevi.com.tr\/index.php\/wp-json\/wp\/v2\/product\/707102","targetHints":{"allow":["GET"]}}],"collection":[{"href":"https:\/\/roveyayinevi.com.tr\/index.php\/wp-json\/wp\/v2\/product"}],"about":[{"href":"https:\/\/roveyayinevi.com.tr\/index.php\/wp-json\/wp\/v2\/types\/product"}],"wp:attachment":[{"href":"https:\/\/roveyayinevi.com.tr\/index.php\/wp-json\/wp\/v2\/media?parent=707102"}],"wp:term":[{"taxonomy":"product_brand","embeddable":true,"href":"https:\/\/roveyayinevi.com.tr\/index.php\/wp-json\/wp\/v2\/product_brand?post=707102"},{"taxonomy":"product_cat","embeddable":true,"href":"https:\/\/roveyayinevi.com.tr\/index.php\/wp-json\/wp\/v2\/product_cat?post=707102"},{"taxonomy":"product_tag","embeddable":true,"href":"https:\/\/roveyayinevi.com.tr\/index.php\/wp-json\/wp\/v2\/product_tag?post=707102"}],"curies":[{"name":"wp","href":"https:\/\/api.w.org\/{rel}","templated":true}]}}