{"id":707100,"date":"2025-08-27T16:02:21","date_gmt":"2025-08-27T13:02:21","guid":{"rendered":"https:\/\/roveyayinevi.com.tr\/index.php\/urun\/ihtiyac-ciltli\/"},"modified":"2026-04-16T02:15:43","modified_gmt":"2026-04-15T23:15:43","slug":"ihtiyac-ciltli","status":"publish","type":"product","link":"https:\/\/roveyayinevi.com.tr\/index.php\/urun\/ihtiyac-ciltli\/","title":{"rendered":"\u0130htiya\u00e7 (Ciltli)"},"content":{"rendered":"<p>\ufffcTan\u0131t\u0131m MetniOn alt\u0131 ya\u015f\u0131ndaki Zara White, \u00e7ok sevdi\u011fi \u00fcvey babas\u0131n\u0131n ani \u00f6l\u00fcm\u00fcn\u00fcn ard\u0131ndan annesi taraf\u0131ndan apar topar babaannesinin yan\u0131na g\u00f6nderilir. Annesi her ne kadar bunu onun iyili\u011fi i\u00e7in yapt\u0131\u011f\u0131n\u0131 s\u00f6ylese de buras\u0131 Zara i\u00e7in pek de g\u00fcvenli bir yer de\u011fildir \u00e7\u00fcnk\u00fc burada \u00e7ocuklar hi\u00e7bir iz b\u0131rakmadan ortadan kaybolmaktad\u0131r. Tuhaf bir adam\u0131n gitti\u011fi her yerde kendisini izledi\u011fini d\u00fc\u015f\u00fcnen Zara, \u00e7ok ge\u00e7meden bu \u015f\u00fcphesinde hakl\u0131 oldu\u011funu anlar. \u00dcstelik bu adam arkas\u0131nda alt\u0131n rengi bir toz b\u0131rakmaktad\u0131r. Bu esrarengiz kasabada neler olup bitti\u011fini anlamak i\u00e7in kollar\u0131 s\u0131vayan Zara, \u00e7ok ge\u00e7meden asl\u0131nda hi\u00e7 kimsenin ve hi\u00e7bir \u015feyin g\u00f6r\u00fcnd\u00fc\u011f\u00fc gibi olmad\u0131\u011f\u0131n\u0131 anlayacakt\u0131r.   Zara, kendini bekleyen tehlikeye g\u00f6\u011f\u00fcs gerebilecek mi? <\/p>\n","protected":false},"excerpt":{"rendered":"<p>\ufffcTan\u0131t\u0131m MetniOn alt\u0131 ya\u015f\u0131ndaki Zara White, \u00e7ok sevdi\u011fi \u00fcvey babas\u0131n\u0131n ani \u00f6l\u00fcm\u00fcn\u00fcn ard\u0131ndan annesi taraf\u0131ndan apar topar babaannesinin yan\u0131na g\u00f6nderilir. Annesi her ne kadar bunu onun<span class=\"excerpt-hellip\"> [\u2026]<\/span><\/p>\n","protected":false},"featured_media":0,"template":"","meta":{"_monsterinsights_skip_tracking":false,"_monsterinsights_sitenote_active":false,"_monsterinsights_sitenote_note":"","_monsterinsights_sitenote_category":0},"product_brand":[],"product_cat":[12291,12711],"product_tag":[],"class_list":{"0":"post-707100","1":"product","2":"type-product","3":"status-publish","5":"product_cat-edebiyat","6":"product_cat-roman-oyku","7":"pa_cilt-ciltli","8":"pa_tur-kitap","9":"pa_yayinevi-go-kitap","10":"pa_yazar-carrie-jones","12":"first","13":"instock","14":"sale","15":"shipping-taxable","16":"purchasable","17":"product-type-simple"},"_links":{"self":[{"href":"https:\/\/roveyayinevi.com.tr\/index.php\/wp-json\/wp\/v2\/product\/707100","targetHints":{"allow":["GET"]}}],"collection":[{"href":"https:\/\/roveyayinevi.com.tr\/index.php\/wp-json\/wp\/v2\/product"}],"about":[{"href":"https:\/\/roveyayinevi.com.tr\/index.php\/wp-json\/wp\/v2\/types\/product"}],"wp:attachment":[{"href":"https:\/\/roveyayinevi.com.tr\/index.php\/wp-json\/wp\/v2\/media?parent=707100"}],"wp:term":[{"taxonomy":"product_brand","embeddable":true,"href":"https:\/\/roveyayinevi.com.tr\/index.php\/wp-json\/wp\/v2\/product_brand?post=707100"},{"taxonomy":"product_cat","embeddable":true,"href":"https:\/\/roveyayinevi.com.tr\/index.php\/wp-json\/wp\/v2\/product_cat?post=707100"},{"taxonomy":"product_tag","embeddable":true,"href":"https:\/\/roveyayinevi.com.tr\/index.php\/wp-json\/wp\/v2\/product_tag?post=707100"}],"curies":[{"name":"wp","href":"https:\/\/api.w.org\/{rel}","templated":true}]}}