{"id":707096,"date":"2025-08-27T16:02:19","date_gmt":"2025-08-27T13:02:19","guid":{"rendered":"https:\/\/roveyayinevi.com.tr\/index.php\/urun\/kentsel-tasarima-giris\/"},"modified":"2026-04-16T02:15:43","modified_gmt":"2026-04-15T23:15:43","slug":"kentsel-tasarima-giris","status":"publish","type":"product","link":"https:\/\/roveyayinevi.com.tr\/index.php\/urun\/kentsel-tasarima-giris\/","title":{"rendered":"Kentsel Tasar\u0131ma Giri\u015f"},"content":{"rendered":"<p>Giri\u015fKentsel tasar\u0131mda analiz y\u00f6ntemleri, kavramsal g\u00f6sterimlerKent planlamas\u0131 ve kentsel tasar\u0131m, mekansal \u00e7\u00f6z\u00fcmlerFarkl\u0131 alanlarda kentsel tasar\u0131m \u00f6rnekleri <\/p>\n","protected":false},"excerpt":{"rendered":"<p>Giri\u015fKentsel tasar\u0131mda analiz y\u00f6ntemleri, kavramsal g\u00f6sterimlerKent planlamas\u0131 ve kentsel tasar\u0131m, mekansal \u00e7\u00f6z\u00fcmlerFarkl\u0131 alanlarda kentsel tasar\u0131m \u00f6rnekleri<\/p>\n","protected":false},"featured_media":0,"template":"","meta":{"_monsterinsights_skip_tracking":false,"_monsterinsights_sitenote_active":false,"_monsterinsights_sitenote_note":"","_monsterinsights_sitenote_category":0},"product_brand":[],"product_cat":[12573,12566],"product_tag":[],"class_list":{"0":"post-707096","1":"product","2":"type-product","3":"status-publish","5":"product_cat-akademik-kitaplar","6":"product_cat-egitim","7":"pa_cilt-ciltsiz","8":"pa_tur-kitap","9":"pa_yayinevi-gazi-kitabevi","10":"pa_yazar-perihan-kiper","12":"first","13":"instock","14":"sale","15":"shipping-taxable","16":"purchasable","17":"product-type-simple"},"_links":{"self":[{"href":"https:\/\/roveyayinevi.com.tr\/index.php\/wp-json\/wp\/v2\/product\/707096","targetHints":{"allow":["GET"]}}],"collection":[{"href":"https:\/\/roveyayinevi.com.tr\/index.php\/wp-json\/wp\/v2\/product"}],"about":[{"href":"https:\/\/roveyayinevi.com.tr\/index.php\/wp-json\/wp\/v2\/types\/product"}],"wp:attachment":[{"href":"https:\/\/roveyayinevi.com.tr\/index.php\/wp-json\/wp\/v2\/media?parent=707096"}],"wp:term":[{"taxonomy":"product_brand","embeddable":true,"href":"https:\/\/roveyayinevi.com.tr\/index.php\/wp-json\/wp\/v2\/product_brand?post=707096"},{"taxonomy":"product_cat","embeddable":true,"href":"https:\/\/roveyayinevi.com.tr\/index.php\/wp-json\/wp\/v2\/product_cat?post=707096"},{"taxonomy":"product_tag","embeddable":true,"href":"https:\/\/roveyayinevi.com.tr\/index.php\/wp-json\/wp\/v2\/product_tag?post=707096"}],"curies":[{"name":"wp","href":"https:\/\/api.w.org\/{rel}","templated":true}]}}