{"id":707095,"date":"2025-08-27T16:02:19","date_gmt":"2025-08-27T13:02:19","guid":{"rendered":"https:\/\/roveyayinevi.com.tr\/index.php\/urun\/festival-muhendisi\/"},"modified":"2026-04-16T02:15:43","modified_gmt":"2026-04-15T23:15:43","slug":"festival-muhendisi","status":"publish","type":"product","link":"https:\/\/roveyayinevi.com.tr\/index.php\/urun\/festival-muhendisi\/","title":{"rendered":"Festival M\u00fchendisi"},"content":{"rendered":"<p>\u0130nsan say\u0131lardan b\u00fcy\u00fckt\u00fcr.Amerikal\u0131 yazar Kathryn Erskine, 2012 Kristal U\u00e7urtma \u00f6d\u00fcl\u00fc alan kitab\u0131yla ilk kez T\u00fcrk\u00e7e\u2019de! Okurlar\u0131n\u0131 e\u011flence dolu bir maceraya davet eden roman, yeti\u015fkinlerin gen\u00e7lere uygulad\u0131\u011f\u0131 meslek se\u00e7imi bask\u0131s\u0131n\u0131 mizahi bir dille ele\u015ftiriyor. S\u00fcr\u00fckleyici kurgusu, ak\u0131c\u0131 anlat\u0131m\u0131 ve birbirinden \u00f6zg\u00fcn karakterleriyle ba\u015far\u0131 kavram\u0131 \u00fczerine d\u00fc\u015f\u00fcnd\u00fcren roman, umut duygusunu besliyor. G\u00f6zlem g\u00fcc\u00fcn\u00fc, derinlikli ayr\u0131nt\u0131lar ve ger\u00e7ek\u00e7i diyaloglarla yans\u0131tan Erskine, gen\u00e7lere kendi dillerinden sesleniyor.14 ya\u015f\u0131ndaki Mike, kafas\u0131 da\u011f\u0131n\u0131k babas\u0131n\u0131n sorumlulu\u011funu alm\u0131\u015f, faturalar\u0131 ve ev i\u015flerini takip eden k\u00fc\u00e7\u00fck bir yeti\u015fkindir. Hayat\u0131 matematikten ibaret olan baban\u0131n tek umursad\u0131\u011f\u0131, say\u0131larla zorluk ya\u015fayan o\u011flunun, \u015fehrin k\u00fc\u00e7\u00fck d\u00e2hilerini toplayan liseye girmesi ve b\u00fcy\u00fcy\u00fcnce m\u00fchendis olmas\u0131d\u0131r. Yaz tatilinde, alt\u0131 haftal\u0131\u011f\u0131na Romanya\u2019ya giden baba, Mike\u2019\u0131 da hayat\u0131nda hi\u00e7 g\u00f6rmedi\u011fi b\u00fcy\u00fckyengenin yan\u0131na g\u00f6nderir. \u00c7ok ya\u015fl\u0131 ama \u00e7\u0131lg\u0131nca araba kullanan ve s\u00f6ylenenleri yanl\u0131\u015f anlayan b\u00fcy\u00fckyenge ile yerinden hi\u00e7 kalkmayan b\u00fcy\u00fckday\u0131, Mike\u2019\u0131n hayat\u0131nda heyecan dolu g\u00fcnlerin ba\u015flamas\u0131na neden olur\u2026 \u00dcstelik, bu k\u00fc\u00e7\u00fcc\u00fck kasabadaki insanlar\u0131n ya\u015fam\u0131 da Mike sayesinde de\u011fi\u015fmeye ba\u015flam\u0131\u015ft\u0131r\u2026 <\/p>\n","protected":false},"excerpt":{"rendered":"<p>\u0130nsan say\u0131lardan b\u00fcy\u00fckt\u00fcr.Amerikal\u0131 yazar Kathryn Erskine, 2012 Kristal U\u00e7urtma \u00f6d\u00fcl\u00fc alan kitab\u0131yla ilk kez T\u00fcrk\u00e7e\u2019de! Okurlar\u0131n\u0131 e\u011flence dolu bir maceraya davet eden roman, yeti\u015fkinlerin gen\u00e7lere uygulad\u0131\u011f\u0131<span class=\"excerpt-hellip\"> [\u2026]<\/span><\/p>\n","protected":false},"featured_media":0,"template":"","meta":{"_monsterinsights_skip_tracking":false,"_monsterinsights_sitenote_active":false,"_monsterinsights_sitenote_note":"","_monsterinsights_sitenote_category":0},"product_brand":[],"product_cat":[12275,12274],"product_tag":[],"class_list":{"0":"post-707095","1":"product","2":"type-product","3":"status-publish","5":"product_cat-6-12-yas-kitaplari","6":"product_cat-cocuk-ve-genclik-kitaplari","7":"pa_cilt-ciltsiz","8":"pa_tur-kitap","9":"pa_yayinevi-gunisigi-kitapligi","10":"pa_yazar-kathryn-erskine","12":"first","13":"instock","14":"sale","15":"shipping-taxable","16":"purchasable","17":"product-type-simple"},"_links":{"self":[{"href":"https:\/\/roveyayinevi.com.tr\/index.php\/wp-json\/wp\/v2\/product\/707095","targetHints":{"allow":["GET"]}}],"collection":[{"href":"https:\/\/roveyayinevi.com.tr\/index.php\/wp-json\/wp\/v2\/product"}],"about":[{"href":"https:\/\/roveyayinevi.com.tr\/index.php\/wp-json\/wp\/v2\/types\/product"}],"wp:attachment":[{"href":"https:\/\/roveyayinevi.com.tr\/index.php\/wp-json\/wp\/v2\/media?parent=707095"}],"wp:term":[{"taxonomy":"product_brand","embeddable":true,"href":"https:\/\/roveyayinevi.com.tr\/index.php\/wp-json\/wp\/v2\/product_brand?post=707095"},{"taxonomy":"product_cat","embeddable":true,"href":"https:\/\/roveyayinevi.com.tr\/index.php\/wp-json\/wp\/v2\/product_cat?post=707095"},{"taxonomy":"product_tag","embeddable":true,"href":"https:\/\/roveyayinevi.com.tr\/index.php\/wp-json\/wp\/v2\/product_tag?post=707095"}],"curies":[{"name":"wp","href":"https:\/\/api.w.org\/{rel}","templated":true}]}}