{"id":707094,"date":"2025-08-27T16:02:19","date_gmt":"2025-08-27T13:02:19","guid":{"rendered":"https:\/\/roveyayinevi.com.tr\/index.php\/urun\/mavi-elma-turkiye-avrupa-iliskileri\/"},"modified":"2026-04-16T02:15:43","modified_gmt":"2026-04-15T23:15:43","slug":"mavi-elma-turkiye-avrupa-iliskileri","status":"publish","type":"product","link":"https:\/\/roveyayinevi.com.tr\/index.php\/urun\/mavi-elma-turkiye-avrupa-iliskileri\/","title":{"rendered":"Mavi Elma: T\u00fcrkiye-Avrupa \u0130li\u015fkileri"},"content":{"rendered":"<p>AB&#8217;ye kat\u0131l\u0131m s\u00fcrecinin ne zaman tamamlanaca\u011f\u0131 hususuna tak\u0131l\u0131p kalmadan, T\u00fcrkiye&#8217;nin, kat\u0131l\u0131m s\u00fcrecini kendi evine \u00e7eki d\u00fczen vermek i\u00e7in azami \u015fekilde kullanmas\u0131 belki en do\u011fru yol olacakt\u0131r. T\u00fcrkiye, bu s\u00fcre\u00e7 sayesinde \u00fclkeyi temel hak ve \u00f6zg\u00fcrl\u00fcklerin daha geni\u015f \u015fekilde kullan\u0131ld\u0131\u011f\u0131, demokrasinin daha iyi i\u015fledi\u011fi, \u015feffaf bir Pazar ekonomisinin hakim oldu\u011fu, yolsuzluklar\u0131n asgariye indirildi\u011fi bir \u00fclke haline getirebilirse, sonunda AB&#8217;ye fiilen kat\u0131l\u0131p kat\u0131lamayaca\u011f\u0131 da \u00f6nemli bir konu olmaktan \u00e7\u0131kacakt\u0131r. Bu kitaptaki birbirinden de\u011ferli makaleleri, bu ger\u00e7e\u011fi akl\u0131m\u0131z\u0131n bir k\u00f6\u015fesinde tutmak suretiyle okumak egrekir.- Ya\u015far Yak\u0131\u015fT\u00fcrkiye&#8217;nin AB \u00fcyeli\u011fi s\u00fcrecinin ta\u015f\u0131d\u0131\u011f\u0131 \u00f6nemi dikkate alarak \u00f6n\u00fcm\u00fczdeki d\u00f6nemde her iki taraf\u0131n bilim insanlar\u0131n\u0131n; tahlilleriyle, ele\u015ftirileriyle ve \u00f6nerileriyle \u00e7aba harcamalar\u0131 gerekti\u011fine inan\u0131yorum. De\u011ferli arkada\u015flar\u0131m, gen\u00e7 bilim insanlar\u0131 H\u00fcseyin I\u015f\u0131ksal ve Ozan \u00d6rmeci&#8217;nin b\u00f6yle bir \u00e7al\u0131\u015fmay\u0131 haz\u0131rlamalar\u0131n\u0131 da bu \u00e7er\u00e7evede g\u00f6r\u00fcyorum; her ikisini ve bu \u00e7al\u0131\u015fmaya katk\u0131da bulunan de\u011ferli bilim insanlar\u0131m\u0131z\u0131 ve ara\u015ft\u0131rmac\u0131lar\u0131m\u0131z\u0131 kutluyorum.- Murat Karayal\u00e7\u0131n <\/p>\n","protected":false},"excerpt":{"rendered":"<p>AB&#8217;ye kat\u0131l\u0131m s\u00fcrecinin ne zaman tamamlanaca\u011f\u0131 hususuna tak\u0131l\u0131p kalmadan, T\u00fcrkiye&#8217;nin, kat\u0131l\u0131m s\u00fcrecini kendi evine \u00e7eki d\u00fczen vermek i\u00e7in azami \u015fekilde kullanmas\u0131 belki en do\u011fru yol olacakt\u0131r.<span class=\"excerpt-hellip\"> [\u2026]<\/span><\/p>\n","protected":false},"featured_media":0,"template":"","meta":{"_monsterinsights_skip_tracking":false,"_monsterinsights_sitenote_active":false,"_monsterinsights_sitenote_note":"","_monsterinsights_sitenote_category":0},"product_brand":[],"product_cat":[12573,12566],"product_tag":[],"class_list":{"0":"post-707094","1":"product","2":"type-product","3":"status-publish","5":"product_cat-akademik-kitaplar","6":"product_cat-egitim","7":"pa_cilt-ciltsiz","8":"pa_tur-kitap","9":"pa_yayinevi-gazi-kitabevi","10":"pa_yazar-huseyin-isiksal","12":"first","13":"instock","14":"sale","15":"shipping-taxable","16":"purchasable","17":"product-type-simple"},"_links":{"self":[{"href":"https:\/\/roveyayinevi.com.tr\/index.php\/wp-json\/wp\/v2\/product\/707094","targetHints":{"allow":["GET"]}}],"collection":[{"href":"https:\/\/roveyayinevi.com.tr\/index.php\/wp-json\/wp\/v2\/product"}],"about":[{"href":"https:\/\/roveyayinevi.com.tr\/index.php\/wp-json\/wp\/v2\/types\/product"}],"wp:attachment":[{"href":"https:\/\/roveyayinevi.com.tr\/index.php\/wp-json\/wp\/v2\/media?parent=707094"}],"wp:term":[{"taxonomy":"product_brand","embeddable":true,"href":"https:\/\/roveyayinevi.com.tr\/index.php\/wp-json\/wp\/v2\/product_brand?post=707094"},{"taxonomy":"product_cat","embeddable":true,"href":"https:\/\/roveyayinevi.com.tr\/index.php\/wp-json\/wp\/v2\/product_cat?post=707094"},{"taxonomy":"product_tag","embeddable":true,"href":"https:\/\/roveyayinevi.com.tr\/index.php\/wp-json\/wp\/v2\/product_tag?post=707094"}],"curies":[{"name":"wp","href":"https:\/\/api.w.org\/{rel}","templated":true}]}}