{"id":707090,"date":"2025-08-27T16:02:17","date_gmt":"2025-08-27T13:02:17","guid":{"rendered":"https:\/\/roveyayinevi.com.tr\/index.php\/urun\/200-soruda-yonetim-kamu-yonetimi\/"},"modified":"2025-09-22T10:29:35","modified_gmt":"2025-09-22T07:29:35","slug":"200-soruda-yonetim-kamu-yonetimi","status":"publish","type":"product","link":"https:\/\/roveyayinevi.com.tr\/index.php\/urun\/200-soruda-yonetim-kamu-yonetimi\/","title":{"rendered":"200 Soruda Y\u00f6netim Kamu Y\u00f6netimi"},"content":{"rendered":"<p>\u0130\u00c7\u0130NDEK\u0130LER B\u0130R\u0130NC\u0130 B\u00d6L\u00dcM Y\u00d6NET\u0130M\/KAMU Y\u00d6NET\u0130M\u0130: KAVRAMSAL \u00c7ER\u00c7EVE   \u0130K\u0130NC\u0130 B\u00d6L\u00dcM Y\u00d6NET\u0130M\/KAMU Y\u00d6NET\u0130M\u0130: TAR\u0130HSEL GEL\u0130\u015e\u0130M   \u00dc\u00c7\u00dcNC\u00dc B\u00d6L\u00dcM KLAS\u0130K Y\u00d6NET\u0130M   D\u00d6RD\u00dcNC\u00dc B\u00d6L\u00dcM NEOKLAS\u0130K Y\u00d6NET\u0130M   BE\u015e\u0130NC\u0130 B\u00d6L\u00dcM Y\u00d6NET\u0130M \u0130LKELER\u0130 VE S\u00dcRE\u00c7LER\u0130   ALTINCI B\u00d6L\u00dcM MODERN Y\u00d6NET\u0130M   YED\u0130NC\u0130 B\u00d6L\u00dcM YEN\u0130 KAMU Y\u00d6NET\u0130M\u0130   SEK\u0130Z\u0130NC\u0130 B\u00d6L\u00dcM KAMU Y\u00d6NET\u0130M\u0130 YAPI VE \u00d6RG\u00dcTLENME: TAR\u0130HSEL GEL\u0130\u015e\u0130M DOKUZUNCU B\u00d6L\u00dcM \u0130NSAN KAYNAKLARI Y\u00d6NET\u0130M\u0130 ONUNCU B\u00d6L\u00dcM YEREL Y\u00d6NET\u0130MLER <\/p>\n","protected":false},"excerpt":{"rendered":"<p>\u0130\u00c7\u0130NDEK\u0130LER B\u0130R\u0130NC\u0130 B\u00d6L\u00dcM Y\u00d6NET\u0130M\/KAMU Y\u00d6NET\u0130M\u0130: KAVRAMSAL \u00c7ER\u00c7EVE \u0130K\u0130NC\u0130 B\u00d6L\u00dcM Y\u00d6NET\u0130M\/KAMU Y\u00d6NET\u0130M\u0130: TAR\u0130HSEL GEL\u0130\u015e\u0130M \u00dc\u00c7\u00dcNC\u00dc B\u00d6L\u00dcM KLAS\u0130K Y\u00d6NET\u0130M D\u00d6RD\u00dcNC\u00dc B\u00d6L\u00dcM NEOKLAS\u0130K Y\u00d6NET\u0130M BE\u015e\u0130NC\u0130 B\u00d6L\u00dcM Y\u00d6NET\u0130M \u0130LKELER\u0130 VE<span class=\"excerpt-hellip\"> [\u2026]<\/span><\/p>\n","protected":false},"featured_media":0,"template":"","meta":{"_monsterinsights_skip_tracking":false,"_monsterinsights_sitenote_active":false,"_monsterinsights_sitenote_note":"","_monsterinsights_sitenote_category":0},"product_brand":[],"product_cat":[12573,12566],"product_tag":[],"class_list":{"0":"post-707090","1":"product","2":"type-product","3":"status-publish","5":"product_cat-akademik-kitaplar","6":"product_cat-egitim","7":"pa_cilt-ciltsiz","8":"pa_tur-kitap","9":"pa_yayinevi-gazi-kitabevi","10":"pa_yazar-m-akif-ozer-mustafa-onen","12":"first","13":"instock","14":"sale","15":"shipping-taxable","16":"purchasable","17":"product-type-simple"},"_links":{"self":[{"href":"https:\/\/roveyayinevi.com.tr\/index.php\/wp-json\/wp\/v2\/product\/707090","targetHints":{"allow":["GET"]}}],"collection":[{"href":"https:\/\/roveyayinevi.com.tr\/index.php\/wp-json\/wp\/v2\/product"}],"about":[{"href":"https:\/\/roveyayinevi.com.tr\/index.php\/wp-json\/wp\/v2\/types\/product"}],"wp:attachment":[{"href":"https:\/\/roveyayinevi.com.tr\/index.php\/wp-json\/wp\/v2\/media?parent=707090"}],"wp:term":[{"taxonomy":"product_brand","embeddable":true,"href":"https:\/\/roveyayinevi.com.tr\/index.php\/wp-json\/wp\/v2\/product_brand?post=707090"},{"taxonomy":"product_cat","embeddable":true,"href":"https:\/\/roveyayinevi.com.tr\/index.php\/wp-json\/wp\/v2\/product_cat?post=707090"},{"taxonomy":"product_tag","embeddable":true,"href":"https:\/\/roveyayinevi.com.tr\/index.php\/wp-json\/wp\/v2\/product_tag?post=707090"}],"curies":[{"name":"wp","href":"https:\/\/api.w.org\/{rel}","templated":true}]}}