{"id":707085,"date":"2025-08-27T16:02:15","date_gmt":"2025-08-27T13:02:15","guid":{"rendered":"https:\/\/roveyayinevi.com.tr\/index.php\/urun\/seruven-pesinde-22-tehlikeler-gezegeni\/"},"modified":"2026-04-16T02:15:43","modified_gmt":"2026-04-15T23:15:43","slug":"seruven-pesinde-22-tehlikeler-gezegeni","status":"publish","type":"product","link":"https:\/\/roveyayinevi.com.tr\/index.php\/urun\/seruven-pesinde-22-tehlikeler-gezegeni\/","title":{"rendered":"Ser\u00fcven Pe\u015finde 22 &#8211; Tehlikeler Gezegeni"},"content":{"rendered":"<p>Ufakl\u0131k&#8217;la Gizem kendilerini istekleri d\u0131\u015f\u0131nda, dev bir uzay gemisinde bulurlar. G\u00f6revleri, e\u011fer ba\u015farabilirlerse: \u00d6ncelikle Tehlikeler Gezegeni Donya&#8217;ya varmak&#8230; Sava\u015flar, kavgalar, d\u00fc\u015fmanca tutum ve davran\u0131\u015flar y\u00fcz\u00fcnden t\u00fcm\u00fcyle sular alt\u0131nda kalan gezegene ula\u015fmak&#8230; Aradan ge\u00e7en s\u00fcre\u00e7 i\u00e7inde gezegeni kaplayan sular \u00e7ekilmi\u015fse, gemideki hayvanlar\u0131 do\u011faya b\u0131rakmak&#8230; Gezegendeki canl\u0131 \u00e7e\u015fitlili\u011fini yeniden olu\u015fturmak&#8230; Donyo&#8217;da ya\u015fam sava\u015f\u0131 veren insanlar\u0131n birlikte ve bar\u0131\u015f i\u00e7inde ya\u015fayabilmesi i\u00e7in uygun bir ortam sa\u011flamak&#8230; Ancak Ufakl\u0131k&#8217;la Gizem&#8217;i Donyo&#8217;da b\u00fcy\u00fck tehlikeler beklemekteydi. Acaba bu tehlikelerin \u00fcstesinden gelip D\u00fcnya&#8217;ya d\u00f6nebilecekler miydi?Siz de tehlikelerle dolu bu gezegende, Ufakl\u0131k ve Gizem&#8217;le birlikte soluk kesici bir ser\u00fcven ya\u015famak istemez misiniz?Haydi Gen\u00e7ler, Ser\u00fcven Pe\u015fine!<\/p>\n","protected":false},"excerpt":{"rendered":"<p>Ufakl\u0131k&#8217;la Gizem kendilerini istekleri d\u0131\u015f\u0131nda, dev bir uzay gemisinde bulurlar. G\u00f6revleri, e\u011fer ba\u015farabilirlerse: \u00d6ncelikle Tehlikeler Gezegeni Donya&#8217;ya varmak&#8230; Sava\u015flar, kavgalar, d\u00fc\u015fmanca tutum ve davran\u0131\u015flar y\u00fcz\u00fcnden t\u00fcm\u00fcyle<span class=\"excerpt-hellip\"> [\u2026]<\/span><\/p>\n","protected":false},"featured_media":0,"template":"","meta":{"_monsterinsights_skip_tracking":false,"_monsterinsights_sitenote_active":false,"_monsterinsights_sitenote_note":"","_monsterinsights_sitenote_category":0},"product_brand":[],"product_cat":[12275,12274],"product_tag":[],"class_list":{"0":"post-707085","1":"product","2":"type-product","3":"status-publish","5":"product_cat-6-12-yas-kitaplari","6":"product_cat-cocuk-ve-genclik-kitaplari","7":"pa_cilt-ciltsiz","8":"pa_tur-kitap","9":"pa_yayinevi-genc-hayat","10":"pa_yazar-tuncel-altinkopru","12":"first","13":"instock","14":"sale","15":"shipping-taxable","16":"purchasable","17":"product-type-simple"},"_links":{"self":[{"href":"https:\/\/roveyayinevi.com.tr\/index.php\/wp-json\/wp\/v2\/product\/707085","targetHints":{"allow":["GET"]}}],"collection":[{"href":"https:\/\/roveyayinevi.com.tr\/index.php\/wp-json\/wp\/v2\/product"}],"about":[{"href":"https:\/\/roveyayinevi.com.tr\/index.php\/wp-json\/wp\/v2\/types\/product"}],"wp:attachment":[{"href":"https:\/\/roveyayinevi.com.tr\/index.php\/wp-json\/wp\/v2\/media?parent=707085"}],"wp:term":[{"taxonomy":"product_brand","embeddable":true,"href":"https:\/\/roveyayinevi.com.tr\/index.php\/wp-json\/wp\/v2\/product_brand?post=707085"},{"taxonomy":"product_cat","embeddable":true,"href":"https:\/\/roveyayinevi.com.tr\/index.php\/wp-json\/wp\/v2\/product_cat?post=707085"},{"taxonomy":"product_tag","embeddable":true,"href":"https:\/\/roveyayinevi.com.tr\/index.php\/wp-json\/wp\/v2\/product_tag?post=707085"}],"curies":[{"name":"wp","href":"https:\/\/api.w.org\/{rel}","templated":true}]}}