{"id":707084,"date":"2025-08-27T16:02:14","date_gmt":"2025-08-27T13:02:14","guid":{"rendered":"https:\/\/roveyayinevi.com.tr\/index.php\/urun\/seruven-pesinde-15-cin-seddinin-otesinde\/"},"modified":"2026-04-16T02:15:43","modified_gmt":"2026-04-15T23:15:43","slug":"seruven-pesinde-15-cin-seddinin-otesinde","status":"publish","type":"product","link":"https:\/\/roveyayinevi.com.tr\/index.php\/urun\/seruven-pesinde-15-cin-seddinin-otesinde\/","title":{"rendered":"Ser\u00fcven Pe\u015finde 15 &#8211; \u00c7in Seddinin \u00d6tesinde"},"content":{"rendered":"<p>Ufakl\u0131k g\u00f6zlerini a\u00e7t\u0131\u011f\u0131nda, ba\u015fucunda biri durmaktayd\u0131. Ba\u015f\u0131nda b\u00f6rk\u00fc, s\u0131rt\u0131nda yay\u0131 oklu\u011fu, belinde k\u0131l\u0131c\u0131yla bir Hun sava\u015f\u00e7\u0131s\u0131&#8230; Fakat bu Bayca&#8217;yd\u0131. \u00c7ocu\u011fun s\u0131rt\u0131na sapl\u0131 bir ok vard\u0131 ve yaras\u0131 a\u011f\u0131rd\u0131.Bayca kesik kesik s\u00f6zc\u00fcklerle, &#8220;K\u0131z karde\u015fim \u00e7ok zor durumda Ufakl\u0131k.&#8221; dedi. &#8220;\u0130\u015fte bu da onun zaman saati. Saat onu b\u0131rakt\u0131\u011f\u0131m ana ve yere kilitli. Sizin yaln\u0131zca \u015fu k\u0131rm\u0131z\u0131 d\u00fc\u011fmeye basman\u0131z yeterli. Ne olur gidip bulun ve kurtar\u0131n k\u0131z karde\u015fimi.&#8221;Ufakl\u0131k ve Gizem, arkada\u015flar\u0131n\u0131 y\u00fcz \u00fcst\u00fc b\u0131rakamazlard\u0131 tabi. Zaman saatinin d\u00fc\u011fmesine basmalar\u0131yla, kendilerini bir anda karanl\u0131k bir ormanda ve kanl\u0131 bir sava\u015f\u0131n tam ortas\u0131nda buluverdiler. Ser\u00fcvenden ser\u00fcvene at\u0131l\u0131rlarken, B\u00fcy\u00fck Hun Devleti&#8217;nin taht \u00e7eki\u015fmelerine ve tarihin en b\u00fcy\u00fck meydan sava\u015flar\u0131ndan birine de tan\u0131k oldular. Soluk solu\u011fa okuyaca\u011f\u0131n\u0131z bu benzersiz ser\u00fcveni Ufakl\u0131k ve Gizem&#8217;le birlikte ya\u015famak i\u00e7in; Haydi Gen\u00e7ler, Ser\u00fcven Pe\u015fine&#8230;<\/p>\n","protected":false},"excerpt":{"rendered":"<p>Ufakl\u0131k g\u00f6zlerini a\u00e7t\u0131\u011f\u0131nda, ba\u015fucunda biri durmaktayd\u0131. Ba\u015f\u0131nda b\u00f6rk\u00fc, s\u0131rt\u0131nda yay\u0131 oklu\u011fu, belinde k\u0131l\u0131c\u0131yla bir Hun sava\u015f\u00e7\u0131s\u0131&#8230; Fakat bu Bayca&#8217;yd\u0131. \u00c7ocu\u011fun s\u0131rt\u0131na sapl\u0131 bir ok vard\u0131 ve<span class=\"excerpt-hellip\"> [\u2026]<\/span><\/p>\n","protected":false},"featured_media":0,"template":"","meta":{"_monsterinsights_skip_tracking":false,"_monsterinsights_sitenote_active":false,"_monsterinsights_sitenote_note":"","_monsterinsights_sitenote_category":0},"product_brand":[],"product_cat":[12275,12274],"product_tag":[],"class_list":{"0":"post-707084","1":"product","2":"type-product","3":"status-publish","5":"product_cat-6-12-yas-kitaplari","6":"product_cat-cocuk-ve-genclik-kitaplari","7":"pa_cilt-ciltsiz","8":"pa_tur-kitap","9":"pa_yayinevi-genc-hayat","10":"pa_yazar-tuncel-altinkopru","12":"first","13":"instock","14":"sale","15":"shipping-taxable","16":"purchasable","17":"product-type-simple"},"_links":{"self":[{"href":"https:\/\/roveyayinevi.com.tr\/index.php\/wp-json\/wp\/v2\/product\/707084","targetHints":{"allow":["GET"]}}],"collection":[{"href":"https:\/\/roveyayinevi.com.tr\/index.php\/wp-json\/wp\/v2\/product"}],"about":[{"href":"https:\/\/roveyayinevi.com.tr\/index.php\/wp-json\/wp\/v2\/types\/product"}],"wp:attachment":[{"href":"https:\/\/roveyayinevi.com.tr\/index.php\/wp-json\/wp\/v2\/media?parent=707084"}],"wp:term":[{"taxonomy":"product_brand","embeddable":true,"href":"https:\/\/roveyayinevi.com.tr\/index.php\/wp-json\/wp\/v2\/product_brand?post=707084"},{"taxonomy":"product_cat","embeddable":true,"href":"https:\/\/roveyayinevi.com.tr\/index.php\/wp-json\/wp\/v2\/product_cat?post=707084"},{"taxonomy":"product_tag","embeddable":true,"href":"https:\/\/roveyayinevi.com.tr\/index.php\/wp-json\/wp\/v2\/product_tag?post=707084"}],"curies":[{"name":"wp","href":"https:\/\/api.w.org\/{rel}","templated":true}]}}