{"id":707083,"date":"2025-08-27T16:02:14","date_gmt":"2025-08-27T13:02:14","guid":{"rendered":"https:\/\/roveyayinevi.com.tr\/index.php\/urun\/seruven-pesinde-5-hayalet-gemi\/"},"modified":"2026-04-16T02:15:43","modified_gmt":"2026-04-15T23:15:43","slug":"seruven-pesinde-5-hayalet-gemi","status":"publish","type":"product","link":"https:\/\/roveyayinevi.com.tr\/index.php\/urun\/seruven-pesinde-5-hayalet-gemi\/","title":{"rendered":"Ser\u00fcven Pe\u015finde 5 &#8211; Hayalet Gemi"},"content":{"rendered":"<p>akl\u0131n, cesaretin, g\u00fc\u00e7l\u00fckler kar\u015f\u0131s\u0131nda y\u0131lmadan sava\u015fman\u0131n ba\u015far\u0131s\u0131na tan\u0131k olacaks\u0131n\u0131z..   Sivriada a\u00e7\u0131klar\u0131nda, kereste ta\u015f\u0131yan bir kuru y\u00fck gemisi batar. Kurtar\u0131lan gemiciler, kendilerine bir Osmanl\u0131 kad\u0131rgas\u0131n\u0131n \u00e7arpt\u0131\u011f\u0131n\u0131 s\u00f6ylemektedirler. Bir anda ortaya \u00e7\u0131kan ve gemilerini bat\u0131rd\u0131ktan sonra hayalet gibi ortadan kaybolan bir gemidir bu! Olay\u0131 gazetede okuyan Ufakl\u0131k, Gizem\u2019le birlikte hayalet geminin pe\u015fine d\u00fc\u015fer. Ara\u015ft\u0131rmalar\u0131n\u0131n sonucunda kar\u015f\u0131lar\u0131na, d\u00fcnyan\u0131n her yerine k\u00f6k salm\u0131\u015f b\u00fcy\u00fck bir uyu\u015fturucu \u00f6rg\u00fct\u00fc \u00e7\u0131kar. \u00c7ocuklar, bu \u00f6rg\u00fctle amans\u0131z bir sava\u015f\u0131n i\u00e7ine girerler. Bu arada yollar\u0131, \u00e7ocuklar\u0131n\u0131 bu su\u00e7 \u00f6rg\u00fct\u00fcn\u00fcn elinden kurtarmaya \u00e7al\u0131\u015fan bir T\u00fcrk m\u00fchendisle kesi\u015fir. Y\u00f6ntemleri farkl\u0131 da olsa, o da bu \u00f6rg\u00fctle sava\u015fmaktad\u0131r. Soluk solu\u011fa okuyaca\u011f\u0131n\u0131z bu ser\u00fcvende; akl\u0131n, cesaretin, g\u00fc\u00e7l\u00fckler kar\u015f\u0131s\u0131nda y\u0131lmadan sava\u015fman\u0131n ba\u015far\u0131s\u0131na tan\u0131k olacaks\u0131n\u0131z. O zaman; HAYD\u0130 GEN\u00c7LER, SER\u00dcVEN PE\u015e\u0130NE&#8230; <\/p>\n","protected":false},"excerpt":{"rendered":"<p>akl\u0131n, cesaretin, g\u00fc\u00e7l\u00fckler kar\u015f\u0131s\u0131nda y\u0131lmadan sava\u015fman\u0131n ba\u015far\u0131s\u0131na tan\u0131k olacaks\u0131n\u0131z.. Sivriada a\u00e7\u0131klar\u0131nda, kereste ta\u015f\u0131yan bir kuru y\u00fck gemisi batar. Kurtar\u0131lan gemiciler, kendilerine bir Osmanl\u0131 kad\u0131rgas\u0131n\u0131n \u00e7arpt\u0131\u011f\u0131n\u0131 s\u00f6ylemektedirler.<span class=\"excerpt-hellip\"> [\u2026]<\/span><\/p>\n","protected":false},"featured_media":0,"template":"","meta":{"_monsterinsights_skip_tracking":false,"_monsterinsights_sitenote_active":false,"_monsterinsights_sitenote_note":"","_monsterinsights_sitenote_category":0},"product_brand":[],"product_cat":[12291,14777],"product_tag":[],"class_list":{"0":"post-707083","1":"product","2":"type-product","3":"status-publish","5":"product_cat-edebiyat","6":"product_cat-fantastik","7":"pa_cilt-ciltli","8":"pa_tur-kitap","9":"pa_yayinevi-genc-hayat","10":"pa_yazar-tuncel-altinkopru","12":"first","13":"instock","14":"sale","15":"shipping-taxable","16":"purchasable","17":"product-type-simple"},"_links":{"self":[{"href":"https:\/\/roveyayinevi.com.tr\/index.php\/wp-json\/wp\/v2\/product\/707083","targetHints":{"allow":["GET"]}}],"collection":[{"href":"https:\/\/roveyayinevi.com.tr\/index.php\/wp-json\/wp\/v2\/product"}],"about":[{"href":"https:\/\/roveyayinevi.com.tr\/index.php\/wp-json\/wp\/v2\/types\/product"}],"wp:attachment":[{"href":"https:\/\/roveyayinevi.com.tr\/index.php\/wp-json\/wp\/v2\/media?parent=707083"}],"wp:term":[{"taxonomy":"product_brand","embeddable":true,"href":"https:\/\/roveyayinevi.com.tr\/index.php\/wp-json\/wp\/v2\/product_brand?post=707083"},{"taxonomy":"product_cat","embeddable":true,"href":"https:\/\/roveyayinevi.com.tr\/index.php\/wp-json\/wp\/v2\/product_cat?post=707083"},{"taxonomy":"product_tag","embeddable":true,"href":"https:\/\/roveyayinevi.com.tr\/index.php\/wp-json\/wp\/v2\/product_tag?post=707083"}],"curies":[{"name":"wp","href":"https:\/\/api.w.org\/{rel}","templated":true}]}}